{"id":77,"date":"2018-03-01T16:00:32","date_gmt":"2018-03-01T16:00:32","guid":{"rendered":"http:\/\/demo.acmethemes.com\/event-star\/?page_id=77"},"modified":"2023-04-07T21:46:22","modified_gmt":"2023-04-07T21:46:22","slug":"conference","status":"publish","type":"page","link":"https:\/\/www.worldglasstech.com\/vi\/conference\/","title":{"rendered":"Conference and Sponsorship"},"content":{"rendered":"<div id=\"pl-77\"  class=\"panel-layout\" ><div id=\"pg-77-0\"  class=\"panel-grid panel-no-style\" ><div id=\"pgc-77-0-0\"  class=\"panel-grid-cell\" ><div id=\"panel-77-0-0-0\" class=\"so-panel widget widget_event_star_team panel-first-child panel-last-child\" data-index=\"0\" >            <section id=\"event_star_team-2\" class=\"at-widgets acme-teams at-gray-bg\">\n                <div class=\"container\">\n\t                <h3 class=\"widget-title\">Event Speakers<\/h3>                    <div class=\"row\">\n                                                            <div class=\" col-sm-12 col-md-4\">\n                                        <div class=\"team-item at-gray-bg init-animate zoomIn\">\n                                            <div class=\"team-author\">\n                                                                                                <div class=\"team-author-details team-no-img\">\n                                                    <h3 class=\"team-name\"><a href=\"https:\/\/www.worldglasstech.com\/vi\/be-speakers\/\" rel=\"bookmark\">H\u00e3y Di\u1ec5n Gi\u1ea3<\/a><\/h3>                                                    <div class=\"team-details\">\n                                                        <p>Glasstech Vietnam 2023 m\u1eddi di\u1ec5n gi\u1ea3 c\u1ee7a c\u00e1c b\u00e0i thuy\u1ebft tr\u00ecnh gi\u00e1o d\u1ee5c cho ng\u00e0nh K\u00ednh v\u00e0 C\u1eeda s\u1ed5. \u0110\u1ec3 \u0111\u01b0\u1ee3c xem x\u00e9t tham gia ch\u01b0\u01a1ng tr\u00ecnh Glasstech v\u00e0 Fenestration, vui l\u00f2ng g\u1eedi \u0111\u1ec1 xu\u1ea5t th\u1ea3o lu\u1eadn t\u1edbi nh\u00e0 tri\u1ec3n l\u00e3m@worldglasstech.com<\/p>\n                                                    <\/div>\n                                                <\/div>\n                                            <\/div>\n                                        <\/div>\n                                    <\/div>\n                                                                        <div class=\" col-sm-12 col-md-4\">\n                                        <div class=\"team-item at-gray-bg init-animate zoomIn\">\n                                            <div class=\"team-author\">\n                                                                                                <div class=\"team-author-details team-no-img\">\n                                                    <h3 class=\"team-name\"><a href=\"https:\/\/www.worldglasstech.com\/vi\/sponsorship\/\" rel=\"bookmark\">S\u1ef1 t\u00e0i tr\u1ee3<\/a><\/h3>                                                    <div class=\"team-details\">\n                                                        <p>N\u1ebfu b\u1ea1n mu\u1ed1n tr\u1edf th\u00e0nh nh\u00e0 t\u00e0i tr\u1ee3 cho h\u1ed9i ch\u1ee3 ho\u1eb7c h\u1ed9i ngh\u1ecb c\u1ee7a ch\u00fang t\u00f4i, vui l\u00f2ng li\u00ean h\u1ec7 v\u1edbi ch\u00fang t\u00f4i qua email:exhibitor@worldglasstech.com!<\/p>\n                                                    <\/div>\n                                                <\/div>\n                                            <\/div>\n                                        <\/div>\n                                    <\/div>\n                                                                        <div class=\" col-sm-12 col-md-4\">\n                                        <div class=\"team-item at-gray-bg init-animate zoomIn\">\n                                            <div class=\"team-author\">\n                                                                                                <div class=\"team-author-details team-no-img\">\n                                                    <h3 class=\"team-name\"><a href=\"https:\/\/www.worldglasstech.com\/vi\/conference-schedule\/\" rel=\"bookmark\">l\u1ecbch h\u1ed9i ngh\u1ecb<\/a><\/h3>                                                    <div class=\"team-details\">\n                                                        <p>S\u1eafp c\u00f3 l\u1ecbch H\u1ed9i ngh\u1ecb!<\/p>\n                                                    <\/div>\n                                                <\/div>\n                                            <\/div>\n                                        <\/div>\n                                    <\/div>\n                                    <div class='clearfix'><\/div>                    <\/div>\n                <\/div>\n            <\/section>\n            <\/div><\/div><\/div><\/div>","protected":false},"excerpt":{"rendered":"<p>Event Speakers H\u00e3y Di\u1ec5n Gi\u1ea3 Glasstech Vietnam 2023 m\u1eddi di\u1ec5n gi\u1ea3 c\u1ee7a c\u00e1c b\u00e0i thuy\u1ebft tr\u00ecnh gi\u00e1o d\u1ee5c cho ng\u00e0nh K\u00ednh v\u00e0 C\u1eeda s\u1ed5. \u0110\u1ec3 \u0111\u01b0\u1ee3c xem x\u00e9t tham gia ch\u01b0\u01a1ng tr\u00ecnh Glasstech v\u00e0 Fenestration, vui l\u00f2ng g\u1eedi \u0111\u1ec1 xu\u1ea5t th\u1ea3o lu\u1eadn t\u1edbi nh\u00e0 tri\u1ec3n l\u00e3m@worldglasstech.com S\u1ef1 t\u00e0i tr\u1ee3 N\u1ebfu b\u1ea1n mu\u1ed1n tr\u1edf th\u00e0nh nh\u00e0 [&hellip;]<\/p>\n","protected":false},"author":2,"featured_media":0,"parent":0,"menu_order":0,"comment_status":"closed","ping_status":"closed","template":"page-templates\/template-builder.php","meta":{"footnotes":""},"yoast_head":"<!-- This site is optimized with the Yoast SEO plugin v23.4 - https:\/\/yoast.com\/wordpress\/plugins\/seo\/ -->\n<title>Conference and Sponsorship<\/title>\n<meta name=\"robots\" content=\"index, follow, max-snippet:-1, max-image-preview:large, max-video-preview:-1\" \/>\n<link rel=\"canonical\" href=\"https:\/\/www.worldglasstech.com\/vi\/conference\/\" \/>\n<meta property=\"og:locale\" content=\"vi_VN\" \/>\n<meta property=\"og:locale:alternate\" content=\"en_UK\" \/>\n<meta property=\"og:type\" content=\"article\" \/>\n<meta property=\"og:title\" content=\"Conference and Sponsorship\" \/>\n<meta property=\"og:description\" content=\"Event Speakers H\u00e3y Di\u1ec5n Gi\u1ea3 Glasstech Vietnam 2023 m\u1eddi di\u1ec5n gi\u1ea3 c\u1ee7a c\u00e1c b\u00e0i thuy\u1ebft tr\u00ecnh gi\u00e1o d\u1ee5c cho ng\u00e0nh K\u00ednh v\u00e0 C\u1eeda s\u1ed5. \u0110\u1ec3 \u0111\u01b0\u1ee3c xem x\u00e9t tham gia ch\u01b0\u01a1ng tr\u00ecnh Glasstech v\u00e0 Fenestration, vui l\u00f2ng g\u1eedi \u0111\u1ec1 xu\u1ea5t th\u1ea3o lu\u1eadn t\u1edbi nh\u00e0 tri\u1ec3n l\u00e3m@worldglasstech.com S\u1ef1 t\u00e0i tr\u1ee3 N\u1ebfu b\u1ea1n mu\u1ed1n tr\u1edf th\u00e0nh nh\u00e0 [&hellip;]\" \/>\n<meta property=\"og:url\" content=\"https:\/\/www.worldglasstech.com\/vi\/conference\/\" \/>\n<meta property=\"og:site_name\" content=\"World Glasstech Vietnam 2023\" \/>\n<meta property=\"article:modified_time\" content=\"2023-04-07T21:46:22+00:00\" \/>\n<meta name=\"twitter:card\" content=\"summary_large_image\" \/>\n<meta name=\"twitter:label1\" content=\"\u01af\u1edbc t\u00ednh th\u1eddi gian \u0111\u1ecdc\" \/>\n\t<meta name=\"twitter:data1\" content=\"1 ph\u00fat\" \/>\n<script type=\"application\/ld+json\" class=\"yoast-schema-graph\">{\"@context\":\"https:\/\/schema.org\",\"@graph\":[{\"@type\":\"WebPage\",\"@id\":\"https:\/\/www.worldglasstech.com\/conference\/\",\"url\":\"https:\/\/www.worldglasstech.com\/conference\/\",\"name\":\"Conference and Sponsorship\",\"isPartOf\":{\"@id\":\"https:\/\/www.worldglasstech.com\/#website\"},\"datePublished\":\"2018-03-01T16:00:32+00:00\",\"dateModified\":\"2023-04-07T21:46:22+00:00\",\"breadcrumb\":{\"@id\":\"https:\/\/www.worldglasstech.com\/conference\/#breadcrumb\"},\"inLanguage\":\"vi\",\"potentialAction\":[{\"@type\":\"ReadAction\",\"target\":[\"https:\/\/www.worldglasstech.com\/conference\/\"]}]},{\"@type\":\"BreadcrumbList\",\"@id\":\"https:\/\/www.worldglasstech.com\/conference\/#breadcrumb\",\"itemListElement\":[{\"@type\":\"ListItem\",\"position\":1,\"name\":\"Home\",\"item\":\"https:\/\/www.worldglasstech.com\/\"},{\"@type\":\"ListItem\",\"position\":2,\"name\":\"Conference and Sponsorship\"}]},{\"@type\":\"WebSite\",\"@id\":\"https:\/\/www.worldglasstech.com\/#website\",\"url\":\"https:\/\/www.worldglasstech.com\/\",\"name\":\"World Glasstech Vietnam 2023\",\"description\":\"\",\"publisher\":{\"@id\":\"https:\/\/www.worldglasstech.com\/#organization\"},\"potentialAction\":[{\"@type\":\"SearchAction\",\"target\":{\"@type\":\"EntryPoint\",\"urlTemplate\":\"https:\/\/www.worldglasstech.com\/?s={search_term_string}\"},\"query-input\":{\"@type\":\"PropertyValueSpecification\",\"valueRequired\":true,\"valueName\":\"search_term_string\"}}],\"inLanguage\":\"vi\"},{\"@type\":\"Organization\",\"@id\":\"https:\/\/www.worldglasstech.com\/#organization\",\"name\":\"World Glasstech Vietnam 2023\",\"url\":\"https:\/\/www.worldglasstech.com\/\",\"logo\":{\"@type\":\"ImageObject\",\"inLanguage\":\"vi\",\"@id\":\"https:\/\/www.worldglasstech.com\/#\/schema\/logo\/image\/\",\"url\":\"https:\/\/www.worldglasstech.com\/wp-content\/uploads\/2023\/04\/cropped-Untitled-design-1-2.jpg\",\"contentUrl\":\"https:\/\/www.worldglasstech.com\/wp-content\/uploads\/2023\/04\/cropped-Untitled-design-1-2.jpg\",\"width\":1427,\"height\":92,\"caption\":\"World Glasstech Vietnam 2023\"},\"image\":{\"@id\":\"https:\/\/www.worldglasstech.com\/#\/schema\/logo\/image\/\"}}]}<\/script>\n<!-- \/ Yoast SEO plugin. -->","yoast_head_json":{"title":"Conference and Sponsorship","robots":{"index":"index","follow":"follow","max-snippet":"max-snippet:-1","max-image-preview":"max-image-preview:large","max-video-preview":"max-video-preview:-1"},"canonical":"https:\/\/www.worldglasstech.com\/vi\/conference\/","og_locale":"vi_VN","og_type":"article","og_title":"[:en]Conference and Sponsorship[:] - World Glasstech Vietnam 2023","og_description":"Event Speakers H\u00e3y Di\u1ec5n Gi\u1ea3 Glasstech Vietnam 2023 m\u1eddi di\u1ec5n gi\u1ea3 c\u1ee7a c\u00e1c b\u00e0i thuy\u1ebft tr\u00ecnh gi\u00e1o d\u1ee5c cho ng\u00e0nh K\u00ednh v\u00e0 C\u1eeda s\u1ed5. \u0110\u1ec3 \u0111\u01b0\u1ee3c xem x\u00e9t tham gia ch\u01b0\u01a1ng tr\u00ecnh Glasstech v\u00e0 Fenestration, vui l\u00f2ng g\u1eedi \u0111\u1ec1 xu\u1ea5t th\u1ea3o lu\u1eadn t\u1edbi nh\u00e0 tri\u1ec3n l\u00e3m@worldglasstech.com S\u1ef1 t\u00e0i tr\u1ee3 N\u1ebfu b\u1ea1n mu\u1ed1n tr\u1edf th\u00e0nh nh\u00e0 [&hellip;]","og_url":"https:\/\/www.worldglasstech.com\/vi\/conference\/","og_site_name":"World Glasstech Vietnam 2023","article_modified_time":"2023-04-07T21:46:22+00:00","twitter_card":"summary_large_image","twitter_misc":{"\u01af\u1edbc t\u00ednh th\u1eddi gian \u0111\u1ecdc":"1 ph\u00fat"},"schema":{"@context":"https:\/\/schema.org","@graph":[{"@type":"WebPage","@id":"https:\/\/www.worldglasstech.com\/conference\/","url":"https:\/\/www.worldglasstech.com\/conference\/","name":"Conference and Sponsorship","isPartOf":{"@id":"https:\/\/www.worldglasstech.com\/#website"},"datePublished":"2018-03-01T16:00:32+00:00","dateModified":"2023-04-07T21:46:22+00:00","breadcrumb":{"@id":"https:\/\/www.worldglasstech.com\/conference\/#breadcrumb"},"inLanguage":"vi","potentialAction":[{"@type":"ReadAction","target":["https:\/\/www.worldglasstech.com\/conference\/"]}]},{"@type":"BreadcrumbList","@id":"https:\/\/www.worldglasstech.com\/conference\/#breadcrumb","itemListElement":[{"@type":"ListItem","position":1,"name":"Home","item":"https:\/\/www.worldglasstech.com\/"},{"@type":"ListItem","position":2,"name":"Conference and Sponsorship"}]},{"@type":"WebSite","@id":"https:\/\/www.worldglasstech.com\/#website","url":"https:\/\/www.worldglasstech.com\/","name":"World Glasstech Vietnam 2023","description":"","publisher":{"@id":"https:\/\/www.worldglasstech.com\/#organization"},"potentialAction":[{"@type":"SearchAction","target":{"@type":"EntryPoint","urlTemplate":"https:\/\/www.worldglasstech.com\/?s={search_term_string}"},"query-input":{"@type":"PropertyValueSpecification","valueRequired":true,"valueName":"search_term_string"}}],"inLanguage":"vi"},{"@type":"Organization","@id":"https:\/\/www.worldglasstech.com\/#organization","name":"World Glasstech Vietnam 2023","url":"https:\/\/www.worldglasstech.com\/","logo":{"@type":"ImageObject","inLanguage":"vi","@id":"https:\/\/www.worldglasstech.com\/#\/schema\/logo\/image\/","url":"https:\/\/www.worldglasstech.com\/wp-content\/uploads\/2023\/04\/cropped-Untitled-design-1-2.jpg","contentUrl":"https:\/\/www.worldglasstech.com\/wp-content\/uploads\/2023\/04\/cropped-Untitled-design-1-2.jpg","width":1427,"height":92,"caption":"World Glasstech Vietnam 2023"},"image":{"@id":"https:\/\/www.worldglasstech.com\/#\/schema\/logo\/image\/"}}]}},"_links":{"self":[{"href":"https:\/\/www.worldglasstech.com\/vi\/wp-json\/wp\/v2\/pages\/77"}],"collection":[{"href":"https:\/\/www.worldglasstech.com\/vi\/wp-json\/wp\/v2\/pages"}],"about":[{"href":"https:\/\/www.worldglasstech.com\/vi\/wp-json\/wp\/v2\/types\/page"}],"author":[{"embeddable":true,"href":"https:\/\/www.worldglasstech.com\/vi\/wp-json\/wp\/v2\/users\/2"}],"replies":[{"embeddable":true,"href":"https:\/\/www.worldglasstech.com\/vi\/wp-json\/wp\/v2\/comments?post=77"}],"version-history":[{"count":29,"href":"https:\/\/www.worldglasstech.com\/vi\/wp-json\/wp\/v2\/pages\/77\/revisions"}],"predecessor-version":[{"id":2240,"href":"https:\/\/www.worldglasstech.com\/vi\/wp-json\/wp\/v2\/pages\/77\/revisions\/2240"}],"wp:attachment":[{"href":"https:\/\/www.worldglasstech.com\/vi\/wp-json\/wp\/v2\/media?parent=77"}],"curies":[{"name":"wp","href":"https:\/\/api.w.org\/{rel}","templated":true}]}}