{"id":42,"date":"2018-03-01T10:34:18","date_gmt":"2018-03-01T10:34:18","guid":{"rendered":"http:\/\/demo.acmethemes.com\/event-star\/?page_id=42"},"modified":"2019-03-05T20:13:26","modified_gmt":"2019-03-05T20:13:26","slug":"meet-awesome-people","status":"publish","type":"page","link":"https:\/\/www.worldglasstech.com\/vi\/meet-awesome-people\/","title":{"rendered":"G\u1eb7p g\u1ee1 nh\u1eefng chuy\u00ean gia"},"content":{"rendered":"<p>Tri\u1ec3n l\u00e3m Qu\u1ed1c t\u1ebf C\u00f4ng ngh\u1ec7 k\u00ednh World Glasstech Vi\u1ec7t Nam 2020 gi\u00fap c\u00f4ng ty b\u1ea1n x\u00e2y d\u1ef1ng m\u1ed1i quan h\u1ec7 v\u1edbi nh\u1eefng doanh nghi\u1ec7p t\u1eeb nhi\u1ec1u n\u01b0\u1edbc kh\u00e1c nhau tr\u00ean th\u1ebf gi\u1edbi trong c\u00f9ng l\u0129nh v\u1ef1c, g\u1eb7p g\u1ee1 nh\u1eefng chuy\u00ean gia nhi\u1ec1u n\u0103m kinh nghi\u1ec7m trong m\u1ea3ng k\u00ednh v\u00e0 th\u1ee7y tinh v\u1edbic\u00e1c c\u00f4ng ngh\u1ec7 ti\u00ean ti\u1ebfn trong s\u1ea3n xu\u1ea5t v\u00e0 gia c\u00f4ng.<\/p>\n","protected":false},"excerpt":{"rendered":"<p>Tri\u1ec3n l\u00e3m Qu\u1ed1c t\u1ebf C\u00f4ng ngh\u1ec7 k\u00ednh World Glasstech Vi\u1ec7t Nam 2020 gi\u00fap b\u1ea1n c\u00f3 c\u01a1 h\u1ed9i g\u1eb7p g\u1ee1 nh\u1eefng chuy\u00ean gia nhi\u1ec1u n\u0103m kinh nghi\u1ec7m trong m\u1ea3ng k\u00ednh v\u00e0 th\u1ee7y tinh v\u1edbic\u00e1c c\u00f4ng ngh\u1ec7 ti\u00ean ti\u1ebfn trong s\u1ea3n xu\u1ea5t v\u00e0 gia c\u00f4ng, t\u00ecm hi\u1ec3u v\u00e0 chuy\u1ec3n nh\u01b0\u1ee3ng nh\u1eefng c\u01a1 h\u1ed9i \u0111\u00f3 v\u1ec1 th\u1ecb tr\u01b0\u1eddng Vi\u1ec7t Nam v\u00e0 l\u00e2n c\u1eadn.<\/p>\n","protected":false},"author":2,"featured_media":0,"parent":0,"menu_order":0,"comment_status":"closed","ping_status":"closed","template":"","meta":{"footnotes":""},"yoast_head":"<!-- This site is optimized with the Yoast SEO plugin v23.4 - https:\/\/yoast.com\/wordpress\/plugins\/seo\/ -->\n<title>G\u1eb7p g\u1ee1 nh\u1eefng chuy\u00ean gia<\/title>\n<meta name=\"robots\" content=\"index, follow, max-snippet:-1, max-image-preview:large, max-video-preview:-1\" \/>\n<link rel=\"canonical\" href=\"https:\/\/www.worldglasstech.com\/vi\/meet-awesome-people\/\" \/>\n<meta property=\"og:locale\" content=\"vi_VN\" \/>\n<meta property=\"og:locale:alternate\" content=\"en_UK\" \/>\n<meta property=\"og:type\" content=\"article\" \/>\n<meta property=\"og:title\" content=\"G\u1eb7p g\u1ee1 nh\u1eefng chuy\u00ean gia\" \/>\n<meta property=\"og:description\" content=\"Tri\u1ec3n l\u00e3m Qu\u1ed1c t\u1ebf C\u00f4ng ngh\u1ec7 k\u00ednh World Glasstech Vi\u1ec7t Nam 2020 gi\u00fap b\u1ea1n c\u00f3 c\u01a1 h\u1ed9i g\u1eb7p g\u1ee1 nh\u1eefng chuy\u00ean gia nhi\u1ec1u n\u0103m kinh nghi\u1ec7m trong m\u1ea3ng k\u00ednh v\u00e0 th\u1ee7y tinh v\u1edbic\u00e1c c\u00f4ng ngh\u1ec7 ti\u00ean ti\u1ebfn trong s\u1ea3n xu\u1ea5t v\u00e0 gia c\u00f4ng, t\u00ecm hi\u1ec3u v\u00e0 chuy\u1ec3n nh\u01b0\u1ee3ng nh\u1eefng c\u01a1 h\u1ed9i \u0111\u00f3 v\u1ec1 th\u1ecb tr\u01b0\u1eddng Vi\u1ec7t Nam v\u00e0 l\u00e2n c\u1eadn.\" \/>\n<meta property=\"og:url\" content=\"https:\/\/www.worldglasstech.com\/vi\/meet-awesome-people\/\" \/>\n<meta property=\"og:site_name\" content=\"World Glasstech Vietnam 2023\" \/>\n<meta property=\"article:modified_time\" content=\"2019-03-05T20:13:26+00:00\" \/>\n<meta name=\"twitter:card\" content=\"summary_large_image\" \/>\n<meta name=\"twitter:label1\" content=\"\u01af\u1edbc t\u00ednh th\u1eddi gian \u0111\u1ecdc\" \/>\n\t<meta name=\"twitter:data1\" content=\"1 ph\u00fat\" \/>\n<script type=\"application\/ld+json\" class=\"yoast-schema-graph\">{\"@context\":\"https:\/\/schema.org\",\"@graph\":[{\"@type\":\"WebPage\",\"@id\":\"https:\/\/www.worldglasstech.com\/meet-awesome-people\/\",\"url\":\"https:\/\/www.worldglasstech.com\/meet-awesome-people\/\",\"name\":\"G\u1eb7p g\u1ee1 nh\u1eefng chuy\u00ean gia\",\"isPartOf\":{\"@id\":\"https:\/\/www.worldglasstech.com\/#website\"},\"datePublished\":\"2018-03-01T10:34:18+00:00\",\"dateModified\":\"2019-03-05T20:13:26+00:00\",\"breadcrumb\":{\"@id\":\"https:\/\/www.worldglasstech.com\/meet-awesome-people\/#breadcrumb\"},\"inLanguage\":\"vi\",\"potentialAction\":[{\"@type\":\"ReadAction\",\"target\":[\"https:\/\/www.worldglasstech.com\/meet-awesome-people\/\"]}]},{\"@type\":\"BreadcrumbList\",\"@id\":\"https:\/\/www.worldglasstech.com\/meet-awesome-people\/#breadcrumb\",\"itemListElement\":[{\"@type\":\"ListItem\",\"position\":1,\"name\":\"Home\",\"item\":\"https:\/\/www.worldglasstech.com\/\"},{\"@type\":\"ListItem\",\"position\":2,\"name\":\"Meet Awesome People\"}]},{\"@type\":\"WebSite\",\"@id\":\"https:\/\/www.worldglasstech.com\/#website\",\"url\":\"https:\/\/www.worldglasstech.com\/\",\"name\":\"World Glasstech Vietnam 2023\",\"description\":\"\",\"publisher\":{\"@id\":\"https:\/\/www.worldglasstech.com\/#organization\"},\"potentialAction\":[{\"@type\":\"SearchAction\",\"target\":{\"@type\":\"EntryPoint\",\"urlTemplate\":\"https:\/\/www.worldglasstech.com\/?s={search_term_string}\"},\"query-input\":{\"@type\":\"PropertyValueSpecification\",\"valueRequired\":true,\"valueName\":\"search_term_string\"}}],\"inLanguage\":\"vi\"},{\"@type\":\"Organization\",\"@id\":\"https:\/\/www.worldglasstech.com\/#organization\",\"name\":\"World Glasstech Vietnam 2023\",\"url\":\"https:\/\/www.worldglasstech.com\/\",\"logo\":{\"@type\":\"ImageObject\",\"inLanguage\":\"vi\",\"@id\":\"https:\/\/www.worldglasstech.com\/#\/schema\/logo\/image\/\",\"url\":\"https:\/\/www.worldglasstech.com\/wp-content\/uploads\/2023\/04\/cropped-Untitled-design-1-2.jpg\",\"contentUrl\":\"https:\/\/www.worldglasstech.com\/wp-content\/uploads\/2023\/04\/cropped-Untitled-design-1-2.jpg\",\"width\":1427,\"height\":92,\"caption\":\"World Glasstech Vietnam 2023\"},\"image\":{\"@id\":\"https:\/\/www.worldglasstech.com\/#\/schema\/logo\/image\/\"}}]}<\/script>\n<!-- \/ Yoast SEO plugin. -->","yoast_head_json":{"title":"G\u1eb7p g\u1ee1 nh\u1eefng chuy\u00ean gia","robots":{"index":"index","follow":"follow","max-snippet":"max-snippet:-1","max-image-preview":"max-image-preview:large","max-video-preview":"max-video-preview:-1"},"canonical":"https:\/\/www.worldglasstech.com\/vi\/meet-awesome-people\/","og_locale":"vi_VN","og_type":"article","og_title":"[:en]Meet Awesome People[:vi]G\u1eb7p g\u1ee1 nh\u1eefng chuy\u00ean gia[:] - World Glasstech Vietnam 2023","og_description":"Tri\u1ec3n l\u00e3m Qu\u1ed1c t\u1ebf C\u00f4ng ngh\u1ec7 k\u00ednh World Glasstech Vi\u1ec7t Nam 2020 gi\u00fap b\u1ea1n c\u00f3 c\u01a1 h\u1ed9i g\u1eb7p g\u1ee1 nh\u1eefng chuy\u00ean gia nhi\u1ec1u n\u0103m kinh nghi\u1ec7m trong m\u1ea3ng k\u00ednh v\u00e0 th\u1ee7y tinh v\u1edbic\u00e1c c\u00f4ng ngh\u1ec7 ti\u00ean ti\u1ebfn trong s\u1ea3n xu\u1ea5t v\u00e0 gia c\u00f4ng, t\u00ecm hi\u1ec3u v\u00e0 chuy\u1ec3n nh\u01b0\u1ee3ng nh\u1eefng c\u01a1 h\u1ed9i \u0111\u00f3 v\u1ec1 th\u1ecb tr\u01b0\u1eddng Vi\u1ec7t Nam v\u00e0 l\u00e2n c\u1eadn.","og_url":"https:\/\/www.worldglasstech.com\/vi\/meet-awesome-people\/","og_site_name":"World Glasstech Vietnam 2023","article_modified_time":"2019-03-05T20:13:26+00:00","twitter_card":"summary_large_image","twitter_misc":{"\u01af\u1edbc t\u00ednh th\u1eddi gian \u0111\u1ecdc":"1 ph\u00fat"},"schema":{"@context":"https:\/\/schema.org","@graph":[{"@type":"WebPage","@id":"https:\/\/www.worldglasstech.com\/meet-awesome-people\/","url":"https:\/\/www.worldglasstech.com\/meet-awesome-people\/","name":"G\u1eb7p g\u1ee1 nh\u1eefng chuy\u00ean gia","isPartOf":{"@id":"https:\/\/www.worldglasstech.com\/#website"},"datePublished":"2018-03-01T10:34:18+00:00","dateModified":"2019-03-05T20:13:26+00:00","breadcrumb":{"@id":"https:\/\/www.worldglasstech.com\/meet-awesome-people\/#breadcrumb"},"inLanguage":"vi","potentialAction":[{"@type":"ReadAction","target":["https:\/\/www.worldglasstech.com\/meet-awesome-people\/"]}]},{"@type":"BreadcrumbList","@id":"https:\/\/www.worldglasstech.com\/meet-awesome-people\/#breadcrumb","itemListElement":[{"@type":"ListItem","position":1,"name":"Home","item":"https:\/\/www.worldglasstech.com\/"},{"@type":"ListItem","position":2,"name":"Meet Awesome People"}]},{"@type":"WebSite","@id":"https:\/\/www.worldglasstech.com\/#website","url":"https:\/\/www.worldglasstech.com\/","name":"World Glasstech Vietnam 2023","description":"","publisher":{"@id":"https:\/\/www.worldglasstech.com\/#organization"},"potentialAction":[{"@type":"SearchAction","target":{"@type":"EntryPoint","urlTemplate":"https:\/\/www.worldglasstech.com\/?s={search_term_string}"},"query-input":{"@type":"PropertyValueSpecification","valueRequired":true,"valueName":"search_term_string"}}],"inLanguage":"vi"},{"@type":"Organization","@id":"https:\/\/www.worldglasstech.com\/#organization","name":"World Glasstech Vietnam 2023","url":"https:\/\/www.worldglasstech.com\/","logo":{"@type":"ImageObject","inLanguage":"vi","@id":"https:\/\/www.worldglasstech.com\/#\/schema\/logo\/image\/","url":"https:\/\/www.worldglasstech.com\/wp-content\/uploads\/2023\/04\/cropped-Untitled-design-1-2.jpg","contentUrl":"https:\/\/www.worldglasstech.com\/wp-content\/uploads\/2023\/04\/cropped-Untitled-design-1-2.jpg","width":1427,"height":92,"caption":"World Glasstech Vietnam 2023"},"image":{"@id":"https:\/\/www.worldglasstech.com\/#\/schema\/logo\/image\/"}}]}},"_links":{"self":[{"href":"https:\/\/www.worldglasstech.com\/vi\/wp-json\/wp\/v2\/pages\/42"}],"collection":[{"href":"https:\/\/www.worldglasstech.com\/vi\/wp-json\/wp\/v2\/pages"}],"about":[{"href":"https:\/\/www.worldglasstech.com\/vi\/wp-json\/wp\/v2\/types\/page"}],"author":[{"embeddable":true,"href":"https:\/\/www.worldglasstech.com\/vi\/wp-json\/wp\/v2\/users\/2"}],"replies":[{"embeddable":true,"href":"https:\/\/www.worldglasstech.com\/vi\/wp-json\/wp\/v2\/comments?post=42"}],"version-history":[{"count":7,"href":"https:\/\/www.worldglasstech.com\/vi\/wp-json\/wp\/v2\/pages\/42\/revisions"}],"predecessor-version":[{"id":1765,"href":"https:\/\/www.worldglasstech.com\/vi\/wp-json\/wp\/v2\/pages\/42\/revisions\/1765"}],"wp:attachment":[{"href":"https:\/\/www.worldglasstech.com\/vi\/wp-json\/wp\/v2\/media?parent=42"}],"curies":[{"name":"wp","href":"https:\/\/api.w.org\/{rel}","templated":true}]}}