{"id":40,"date":"2018-03-01T10:33:07","date_gmt":"2018-03-01T10:33:07","guid":{"rendered":"http:\/\/demo.acmethemes.com\/event-star\/?page_id=40"},"modified":"2019-09-24T14:55:29","modified_gmt":"2019-09-24T14:55:29","slug":"why-should-do-events","status":"publish","type":"page","link":"https:\/\/www.worldglasstech.com\/vi\/why-should-do-events\/","title":{"rendered":"Th\u1ecb tr\u01b0\u1eddng Vi\u1ec7t Nam"},"content":{"rendered":"<p>Theo \u0111\u00e1nh gi\u00e1 c\u1ee7a c\u00e1c chuy\u00ean gia ng\u00e0nh th\u1ee7y tinh th\u1ebf gi\u1edbi, Vi\u1ec7t Nam l\u00e0 th\u1ecb tr\u01b0\u1eddng ti\u1ec1m n\u0103ng v\u1ec1 s\u1ea3n xu\u1ea5t v\u00e0 ti\u00eau th\u1ee5 c\u00e1c s\u1ea3n ph\u1ea9m k\u00ednh v\u00e0 th\u1ee7y tinh, bao g\u1ed3m k\u00ednh ph\u1eb3ng x\u00e2y d\u1ef1ng, c\u1eeda v\u00e0 chai l\u1ecd nh\u01b0 c\u00e1c s\u1ea3n ph\u1ea9m s\u1eed d\u1ee5ng trang tr\u00ed v\u00e0 \u0103n u\u1ed1ng, nh\u01b0 ly, c\u1ed1c, ch\u00e9n, \u0111\u0129a, l\u1ecd hoa, b\u00ecnh, g\u1ea1t t\u00e0n&#8230;<\/p>\n<p>Ng\u00e0nh s\u1ea3n xu\u1ea5t k\u00ednh v\u00e0 th\u1ee7y tinh Vi\u1ec7t Nam \u0111\u00e3 c\u00f3 nhi\u1ec1u n\u0103m ph\u00e1t tri\u1ec3n, k\u1ec3 t\u1eeb nh\u1eefng n\u0103m 90, khi m\u00e0 nh\u1eefng m2 k\u00ednh \u0111\u1ea7u ti\u00ean \u0111\u01b0\u1ee3c s\u1ea3n xu\u1ea5t t\u1ea1i Nh\u00e0 m\u00e1y Viglacera \u0110\u00e1p C\u1ea7u, t\u00ednh \u0111\u1ebfn nay, ng\u00e0nh c\u00f4ng nghi\u1ec7p th\u1ee7y tinh Vi\u1ec7t Nam \u0111\u00e3 c\u00f3 nh\u1eefng b\u01b0\u1edbc ti\u1ebfn m\u1ea1nh m\u1ebd.<\/p>\n<p>V\u1edbi 7 nh\u00e0 s\u1ea3n xu\u1ea5t k\u00ednh ph\u1eb3ng x\u00e2y d\u1ef1ng v\u00e0 g\u1ea7n 100 nh\u00e0 gia c\u00f4ng k\u00ednh, ng\u00e0nh c\u00f4ng nghi\u1ec7p th\u1ee7y tinh \u0111\u00e3 cung c\u1ea5p \u0111\u01b0\u1ee3c t\u1ea5t c\u1ea3 c\u00e1c s\u1ea3n ph\u1ea9m k\u00ednh, t\u1eeb c\u00e1c s\u1ea3n ph\u1ea9m c\u01a1 b\u1ea3n (k\u00ednh n\u1ed5i, k\u00ednh c\u00e1n v\u00e2n hoa) \u0111\u1ebfn c\u00e1c s\u1ea3n ph\u1ea9m gia c\u00f4ng (k\u00ednh t\u00f4i nhi\u1ec7t, k\u00ednh d\u00e1n, k\u00ednh h\u1ed9p, g\u01b0\u01a1ng), \u0111\u00e1p \u1ee9ng \u0111\u01b0\u1ee3c nhu c\u1ea7u trong n\u01b0\u1edbc.<\/p>\n<p>T\u01b0\u01a1ng t\u1ef1, ng\u00e0nh s\u1ea3n xu\u1ea5t chai l\u1ecd v\u1edbi 2 nh\u00e0 m\u00e1y l\u1edbn v\u00e0 1 nh\u00e0 m\u00e1y chu\u1ea9n b\u1ecb kh\u1edfi c\u00f4ng x\u00e2y d\u1ef1ng \u0111\u00e3 v\u00e0 s\u1ebd \u0111\u00e1p \u1ee9ng \u0111\u01b0\u1ee3c c\u00e1c nhu c\u1ea7u s\u1eed d\u1ee5ng chai l\u1ecd t\u1eeb c\u00e1c \u0111\u01a1n v\u1ecb s\u1ea3n xu\u1ea5t n\u01b0\u1edbc gi\u1ea3i kh\u00e1t, \u0111\u1ed3 u\u1ed1ng c\u00f3 c\u1ed3n\u2026<\/p>\n<p>Hi\u1ec7p h\u1ed9i K\u00ednh v\u00e0 Th\u1ee7y tinh Vi\u1ec7t Nam l\u00e0 \u0111\u01a1n v\u1ecb \u0111\u1ea7u ng\u00e0nh v\u1edbi nhi\u1ec1u ho\u1ea1t \u0111\u1ed9ng th\u00fac \u0111\u1ea9y ng\u00e0nh s\u1ea3n xu\u1ea5t v\u00e0 kinh doanh k\u00ednh, th\u1ee7y tinh tr\u00ean to\u00e0n qu\u1ed1c. Hi\u1ec7p h\u1ed9i c\u0169ng c\u00f3 m\u1ed1i quan h\u1ec7 t\u1ed1t \u0111\u1eb9p v\u00e0 l\u00e2u d\u00e0i v\u1edbi h\u1ea7u h\u1ebft c\u00e1c nh\u00e0 s\u1ea3n xu\u1ea5t k\u00ednh v\u00e0 th\u1ee7y tinh l\u1edbn tr\u00ean th\u1ebf gi\u1edbi, th\u01b0\u1eddng xuy\u00ean m\u1edf c\u0169ng nh\u01b0 tham gia c\u00e1c h\u1ed9i th\u1ea3o, tri\u1ec3n l\u00e3m v\u1ec1 c\u00f4ng ngh\u1ec7 k\u00ednh tr\u00ean th\u1ebf gi\u1edbi. Tri\u1ec3n l\u00e3m Qu\u1ed1c t\u1ebf v\u1ec1 C\u00f4ng ngh\u1ec7 k\u00ednh World Glasstech Vi\u1ec7t Nam l\u00e0 m\u1ed9t trong s\u1ed1 \u0111\u00f3, nh\u1eadn \u0111\u01b0\u1ee3c s\u1ef1 \u1ee7ng h\u1ed9 s\u00e2u s\u1eafc t\u1eeb Hi\u1ec7p h\u1ed9i K\u00ednh v\u00e0 Th\u1ee7y tinh Vi\u1ec7t Nam.<\/p>\n<p>Theo chuy\u00ean gia Costello, \u0111\u1ea1i di\u1ec7n c\u1ee7a GIMAV (Hi\u1ec7p h\u1ed9i Th\u1ee7y tinh Italia) , hi\u1ec7n nay ng\u00e0nh c\u00f4ng nghi\u1ec7p th\u1ee7y tinh Vi\u1ec7t Nam \u0111\u00e3 s\u1ea3n xu\u1ea5t \u0111\u01b0\u1ee3c h\u1ea7u h\u1ebft c\u00e1c ch\u1ee7ng lo\u1ea1i k\u00ednh v\u00e0 th\u1ee7y tinh th\u00f4ng th\u01b0\u1eddng, v\u00ec v\u1eady t\u01b0\u01a1ng lai c\u1ee7a ng\u00e0nh c\u00f4ng nghi\u1ec7p th\u1ee7y tinh Vi\u1ec7t Nam s\u1ebd t\u1eadp trung v\u00e0o c\u00e1c s\u1ea3n ph\u1ea9m cao c\u1ea5p.<\/p>\n<p>V\u00ed d\u1ee5 trong ng\u00e0nh k\u00ednh l\u00e0 c\u00e1c s\u1ea3n ph\u1ea9m k\u00ednh ti\u1ebft ki\u1ec7m n\u0103ng l\u01b0\u1ee3ng, k\u00ednh si\u00eau tr\u1eafng, k\u00ednh ch\u1ecbu l\u1eeda. V\u1ec1 c\u00e1c s\u1ea3n ph\u1ea9m th\u1ee7y tinh, chuy\u00ean gia \u0111\u1eb7c bi\u1ec7t nh\u1ea5n m\u1ea1nh \u0111\u1ebfn s\u1ef1 thi\u1ebfu h\u1ee5t c\u1ee7a ng\u00e0nh c\u00f4ng nghi\u1ec7p th\u1ee7y tinh Vi\u1ec7t Nam trong l\u0129nh v\u1ef1c s\u1ea3n xu\u1ea5t c\u00e1c s\u1ea3n ph\u1ea9m tableware. Theo \u00fd ki\u1ebfn chuy\u00ean gia, c\u00e1c s\u1ea3n ph\u1ea9m tableware l\u00e0 c\u00e1c s\u1ea3n ph\u1ea9m c\u00f4ng ngh\u1ec7 cao v\u00e0 mang gi\u00e1 tr\u1ecb cao (v\u00ed d\u1ee5 nh\u01b0 c\u00e1c lo\u1ea1i b\u00ecnh hoa ngh\u1ec7 thu\u1eadt, c\u1ed1c ch\u00e9n ngh\u1ec7 thu\u1eadt\u2026) m\u00e0 th\u1ecb tr\u01b0\u1eddng Vi\u1ec7t Nam ch\u01b0a s\u1ea3n xu\u1ea5t \u0111\u01b0\u1ee3c.<\/p>\n<p>C\u00e1c s\u1ea3n ph\u1ea9m n\u00e0y ch\u1ee7 y\u1ebfu \u0111\u01b0\u1ee3c nh\u1eadp t\u1eeb ch\u00e2u \u00c2u (\u0111\u1ed1i v\u1edbi c\u00e1c s\u1ea3n ph\u1ea9m cao c\u1ea5p) v\u00e0 t\u1eeb Trung Qu\u1ed1c ho\u1eb7c \u0110\u00f4ng Nam \u00c1 (v\u1edbi c\u00e1c s\u1ea3n ph\u1ea9m th\u00f4ng th\u01b0\u1eddng). Nh\u01b0 v\u1eady, vi\u1ec7c ph\u00e1t tri\u1ec3n s\u1ea3n xu\u1ea5t tableware s\u1ebd r\u1ea5t c\u00f3 t\u01b0\u01a1ng lai \u1edf th\u1ecb tr\u01b0\u1eddng Vi\u1ec7t Nam, nh\u1ea5t l\u00e0 khi \u0111\u1eddi s\u1ed1ng ng\u01b0\u1eddi d\u00e2n ng\u00e0y c\u00e0ng \u0111\u01b0\u1ee3c c\u1ea3i thi\u1ec7n, t\u1eeb \u0111\u00f3 s\u1ebd k\u00e9o theo c\u00e1c nhu c\u1ea7u v\u1ec1 tr\u01b0ng b\u00e0y, th\u1ea9m m\u1ef9.<\/p>\n","protected":false},"excerpt":{"rendered":"<p>Theo s\u1ed1 li\u1ec7u c\u1ee7a AFGM, s\u1ea3n l\u01b0\u1ee3ng s\u1ea3n xu\u1ea5t k\u00ednh v\u00e0 th\u1ee7y tinh c\u1ee7a Vi\u1ec7t Nam hi\u1ec7n \u0111\u1ee9ng top 5 trong khu v\u1ef1c Asean, Vi\u1ec7t Nam c\u00f3 ngu\u1ed3n nguy\u00ean li\u1ec7u c\u00e1t tr\u1eafng c\u00f3 tr\u1eef l\u01b0\u1ee3ng tr\u00ean 150 tri\u1ec7u t\u1ea5n, nhu c\u1ea7u ti\u00eau th\u1ee5 c\u1ee7a th\u1ecb tr\u01b0\u1eddng l\u1edbn v\u00e0 ng\u00e0y c\u00e0ng gia t\u0103ng \u0111ang l\u00e0 nh\u1eefng l\u1ee3i th\u1ebf \u0111\u1ec3 thu h\u00fat c\u00e1c nh\u00e0 \u0111\u1ea7u t\u01b0 trong n\u01b0\u1edbc v\u00e0 qu\u1ed1c t\u1ebf.<\/p>\n","protected":false},"author":2,"featured_media":0,"parent":0,"menu_order":0,"comment_status":"closed","ping_status":"closed","template":"","meta":{"footnotes":""},"yoast_head":"<!-- This site is optimized with the Yoast SEO plugin v23.4 - https:\/\/yoast.com\/wordpress\/plugins\/seo\/ -->\n<title>Th\u1ecb tr\u01b0\u1eddng Vi\u1ec7t Nam<\/title>\n<meta name=\"description\" content=\"Vietnam exported $12 billion in building products in 2014, reflecting an 11 percent compound annual growth rate over the preceding five years.\" \/>\n<meta name=\"robots\" content=\"index, follow, max-snippet:-1, max-image-preview:large, max-video-preview:-1\" \/>\n<link rel=\"canonical\" href=\"https:\/\/www.worldglasstech.com\/vi\/why-should-do-events\/\" \/>\n<meta property=\"og:locale\" content=\"vi_VN\" \/>\n<meta property=\"og:locale:alternate\" content=\"en_UK\" \/>\n<meta property=\"og:type\" content=\"article\" \/>\n<meta property=\"og:title\" content=\"Th\u1ecb tr\u01b0\u1eddng Vi\u1ec7t Nam\" \/>\n<meta property=\"og:description\" content=\"Vietnam exported $12 billion in building products in 2014, reflecting an 11 percent compound annual growth rate over the preceding five years.\" \/>\n<meta property=\"og:url\" content=\"https:\/\/www.worldglasstech.com\/vi\/why-should-do-events\/\" \/>\n<meta property=\"og:site_name\" content=\"World Glasstech Vietnam 2023\" \/>\n<meta property=\"article:modified_time\" content=\"2019-09-24T14:55:29+00:00\" \/>\n<meta name=\"twitter:card\" content=\"summary_large_image\" \/>\n<meta name=\"twitter:label1\" content=\"\u01af\u1edbc t\u00ednh th\u1eddi gian \u0111\u1ecdc\" \/>\n\t<meta name=\"twitter:data1\" content=\"5 ph\u00fat\" \/>\n<script type=\"application\/ld+json\" class=\"yoast-schema-graph\">{\"@context\":\"https:\/\/schema.org\",\"@graph\":[{\"@type\":\"WebPage\",\"@id\":\"https:\/\/www.worldglasstech.com\/why-should-do-events\/\",\"url\":\"https:\/\/www.worldglasstech.com\/why-should-do-events\/\",\"name\":\"Th\u1ecb tr\u01b0\u1eddng Vi\u1ec7t Nam\",\"isPartOf\":{\"@id\":\"https:\/\/www.worldglasstech.com\/#website\"},\"datePublished\":\"2018-03-01T10:33:07+00:00\",\"dateModified\":\"2019-09-24T14:55:29+00:00\",\"description\":\"Vietnam exported $12 billion in building products in 2014, reflecting an 11 percent compound annual growth rate over the preceding five years.\",\"breadcrumb\":{\"@id\":\"https:\/\/www.worldglasstech.com\/why-should-do-events\/#breadcrumb\"},\"inLanguage\":\"vi\",\"potentialAction\":[{\"@type\":\"ReadAction\",\"target\":[\"https:\/\/www.worldglasstech.com\/why-should-do-events\/\"]}]},{\"@type\":\"BreadcrumbList\",\"@id\":\"https:\/\/www.worldglasstech.com\/why-should-do-events\/#breadcrumb\",\"itemListElement\":[{\"@type\":\"ListItem\",\"position\":1,\"name\":\"Home\",\"item\":\"https:\/\/www.worldglasstech.com\/\"},{\"@type\":\"ListItem\",\"position\":2,\"name\":\"Market Highlights\"}]},{\"@type\":\"WebSite\",\"@id\":\"https:\/\/www.worldglasstech.com\/#website\",\"url\":\"https:\/\/www.worldglasstech.com\/\",\"name\":\"World Glasstech Vietnam 2023\",\"description\":\"\",\"publisher\":{\"@id\":\"https:\/\/www.worldglasstech.com\/#organization\"},\"potentialAction\":[{\"@type\":\"SearchAction\",\"target\":{\"@type\":\"EntryPoint\",\"urlTemplate\":\"https:\/\/www.worldglasstech.com\/?s={search_term_string}\"},\"query-input\":{\"@type\":\"PropertyValueSpecification\",\"valueRequired\":true,\"valueName\":\"search_term_string\"}}],\"inLanguage\":\"vi\"},{\"@type\":\"Organization\",\"@id\":\"https:\/\/www.worldglasstech.com\/#organization\",\"name\":\"World Glasstech Vietnam 2023\",\"url\":\"https:\/\/www.worldglasstech.com\/\",\"logo\":{\"@type\":\"ImageObject\",\"inLanguage\":\"vi\",\"@id\":\"https:\/\/www.worldglasstech.com\/#\/schema\/logo\/image\/\",\"url\":\"https:\/\/www.worldglasstech.com\/wp-content\/uploads\/2023\/04\/cropped-Untitled-design-1-2.jpg\",\"contentUrl\":\"https:\/\/www.worldglasstech.com\/wp-content\/uploads\/2023\/04\/cropped-Untitled-design-1-2.jpg\",\"width\":1427,\"height\":92,\"caption\":\"World Glasstech Vietnam 2023\"},\"image\":{\"@id\":\"https:\/\/www.worldglasstech.com\/#\/schema\/logo\/image\/\"}}]}<\/script>\n<!-- \/ Yoast SEO plugin. -->","yoast_head_json":{"title":"Th\u1ecb tr\u01b0\u1eddng Vi\u1ec7t Nam","description":"Vietnam exported $12 billion in building products in 2014, reflecting an 11 percent compound annual growth rate over the preceding five years.","robots":{"index":"index","follow":"follow","max-snippet":"max-snippet:-1","max-image-preview":"max-image-preview:large","max-video-preview":"max-video-preview:-1"},"canonical":"https:\/\/www.worldglasstech.com\/vi\/why-should-do-events\/","og_locale":"vi_VN","og_type":"article","og_title":"[:en]Market Highlights[:vi]Th\u1ecb tr\u01b0\u1eddng Vi\u1ec7t Nam[:] - World Glasstech Vietnam 2023","og_description":"Vietnam exported $12 billion in building products in 2014, reflecting an 11 percent compound annual growth rate over the preceding five years.","og_url":"https:\/\/www.worldglasstech.com\/vi\/why-should-do-events\/","og_site_name":"World Glasstech Vietnam 2023","article_modified_time":"2019-09-24T14:55:29+00:00","twitter_card":"summary_large_image","twitter_misc":{"\u01af\u1edbc t\u00ednh th\u1eddi gian \u0111\u1ecdc":"5 ph\u00fat"},"schema":{"@context":"https:\/\/schema.org","@graph":[{"@type":"WebPage","@id":"https:\/\/www.worldglasstech.com\/why-should-do-events\/","url":"https:\/\/www.worldglasstech.com\/why-should-do-events\/","name":"Th\u1ecb tr\u01b0\u1eddng Vi\u1ec7t Nam","isPartOf":{"@id":"https:\/\/www.worldglasstech.com\/#website"},"datePublished":"2018-03-01T10:33:07+00:00","dateModified":"2019-09-24T14:55:29+00:00","description":"Vietnam exported $12 billion in building products in 2014, reflecting an 11 percent compound annual growth rate over the preceding five years.","breadcrumb":{"@id":"https:\/\/www.worldglasstech.com\/why-should-do-events\/#breadcrumb"},"inLanguage":"vi","potentialAction":[{"@type":"ReadAction","target":["https:\/\/www.worldglasstech.com\/why-should-do-events\/"]}]},{"@type":"BreadcrumbList","@id":"https:\/\/www.worldglasstech.com\/why-should-do-events\/#breadcrumb","itemListElement":[{"@type":"ListItem","position":1,"name":"Home","item":"https:\/\/www.worldglasstech.com\/"},{"@type":"ListItem","position":2,"name":"Market Highlights"}]},{"@type":"WebSite","@id":"https:\/\/www.worldglasstech.com\/#website","url":"https:\/\/www.worldglasstech.com\/","name":"World Glasstech Vietnam 2023","description":"","publisher":{"@id":"https:\/\/www.worldglasstech.com\/#organization"},"potentialAction":[{"@type":"SearchAction","target":{"@type":"EntryPoint","urlTemplate":"https:\/\/www.worldglasstech.com\/?s={search_term_string}"},"query-input":{"@type":"PropertyValueSpecification","valueRequired":true,"valueName":"search_term_string"}}],"inLanguage":"vi"},{"@type":"Organization","@id":"https:\/\/www.worldglasstech.com\/#organization","name":"World Glasstech Vietnam 2023","url":"https:\/\/www.worldglasstech.com\/","logo":{"@type":"ImageObject","inLanguage":"vi","@id":"https:\/\/www.worldglasstech.com\/#\/schema\/logo\/image\/","url":"https:\/\/www.worldglasstech.com\/wp-content\/uploads\/2023\/04\/cropped-Untitled-design-1-2.jpg","contentUrl":"https:\/\/www.worldglasstech.com\/wp-content\/uploads\/2023\/04\/cropped-Untitled-design-1-2.jpg","width":1427,"height":92,"caption":"World Glasstech Vietnam 2023"},"image":{"@id":"https:\/\/www.worldglasstech.com\/#\/schema\/logo\/image\/"}}]}},"_links":{"self":[{"href":"https:\/\/www.worldglasstech.com\/vi\/wp-json\/wp\/v2\/pages\/40"}],"collection":[{"href":"https:\/\/www.worldglasstech.com\/vi\/wp-json\/wp\/v2\/pages"}],"about":[{"href":"https:\/\/www.worldglasstech.com\/vi\/wp-json\/wp\/v2\/types\/page"}],"author":[{"embeddable":true,"href":"https:\/\/www.worldglasstech.com\/vi\/wp-json\/wp\/v2\/users\/2"}],"replies":[{"embeddable":true,"href":"https:\/\/www.worldglasstech.com\/vi\/wp-json\/wp\/v2\/comments?post=40"}],"version-history":[{"count":12,"href":"https:\/\/www.worldglasstech.com\/vi\/wp-json\/wp\/v2\/pages\/40\/revisions"}],"predecessor-version":[{"id":2013,"href":"https:\/\/www.worldglasstech.com\/vi\/wp-json\/wp\/v2\/pages\/40\/revisions\/2013"}],"wp:attachment":[{"href":"https:\/\/www.worldglasstech.com\/vi\/wp-json\/wp\/v2\/media?parent=40"}],"curies":[{"name":"wp","href":"https:\/\/api.w.org\/{rel}","templated":true}]}}