{"id":391,"date":"2018-05-28T13:48:45","date_gmt":"2018-05-28T13:48:45","guid":{"rendered":"http:\/\/www.worldglasstech.com\/?page_id=391"},"modified":"2019-03-07T19:59:02","modified_gmt":"2019-03-07T19:59:02","slug":"about-vietnam","status":"publish","type":"page","link":"https:\/\/www.worldglasstech.com\/vi\/about-vietnam\/","title":{"rendered":"V\u1ec1 Vi\u1ec7t Nam"},"content":{"rendered":"<div id=\"pl-391\" class=\"panel-layout\">\n<div id=\"pg-391-0\" class=\"panel-grid panel-no-style\" data-style=\"{\" data-ratio=\"1\" data-ratio-direction=\"right\">\n<div id=\"pgc-391-0-0\" class=\"panel-grid-cell\" data-weight=\"1\">\n<div id=\"panel-391-0-0-0\" class=\"so-panel widget widget_text panel-first-child panel-last-child\" data-index=\"0\" data-style=\"{\">\n<div class=\"textwidget\">\n<div>\n<div style=\"text-align: center;\"><i><span lang=\"es\" title=\"Spanish language text\">Vi\u1ec7t Nam<br \/>\n<\/span><\/i><\/div>\n<div><a href=\"http:\/\/www.worldglasstech.com\/wp-content\/uploads\/2019\/02\/Flag-of-Vietnam.gif\"><img loading=\"lazy\" decoding=\"async\" class=\"aligncenter size-full wp-image-1500\" src=\"http:\/\/www.worldglasstech.com\/wp-content\/uploads\/2019\/02\/Flag-of-Vietnam.gif\" alt=\"\" width=\"400\" height=\"267\" \/><\/a><\/div>\n<div style=\"text-align: center;\"><em>Qu\u1ed1c k\u1ef3 Vi\u1ec7t Nam<br \/>\n<\/em><\/div>\n<\/div>\n<div><\/div>\n<div id=\"divcopytext\">Vi\u1ec7t Nam (t\u00ean ch\u00ednh th\u1ee9c: C\u1ed9ng h\u00f2a X\u00e3 h\u1ed9i ch\u1ee7 ngh\u0129a Vi\u1ec7t Nam) l\u00e0 qu\u1ed1c gia n\u1eb1m \u1edf ph\u00eda \u0110\u00f4ng b\u00e1n \u0111\u1ea3o \u0110\u00f4ng D\u01b0\u01a1ng thu\u1ed9c khu v\u1ef1c \u0110\u00f4ng Nam \u00c1. Th\u1ee7 \u0111\u00f4 l\u00e0 H\u00e0 N\u1ed9i k\u1ec3 t\u1eeb n\u0103m 1976, v\u1edbi Th\u00e0nh ph\u1ed1 H\u1ed3 Ch\u00ed Minh l\u00e0 th\u00e0nh ph\u1ed1 \u0111\u00f4ng d\u00e2n nh\u1ea5t. Ph\u00eda B\u1eafc Vi\u1ec7t Nam gi\u00e1p Trung Qu\u1ed1c, ph\u00eda T\u00e2y gi\u00e1p L\u00e0o v\u00e0 Campuchia, ph\u00eda T\u00e2y Nam gi\u00e1p v\u1ecbnh Th\u00e1i Lan, ph\u00eda \u0110\u00f4ng v\u00e0 Nam gi\u00e1p Bi\u1ec3n \u0110\u00f4ng v\u00e0 c\u00f3 h\u01a1n 4.000 h\u00f2n \u0111\u1ea3o, b\u00e3i \u0111\u00e1 ng\u1ea7m, c\u00f3 v\u00f9ng n\u1ed9i th\u1ee7y, l\u00e3nh h\u1ea3i, v\u00f9ng \u0111\u1eb7c quy\u1ec1n kinh t\u1ebf v\u00e0 th\u1ec1m l\u1ee5c \u0111\u1ecba \u0111\u01b0\u1ee3c Ch\u00ednh ph\u1ee7 x\u00e1c \u0111\u1ecbnh kho\u1ea3ng g\u1ea5p 3 l\u1ea7n di\u1ec7n t\u00edch \u0111\u1ea5t li\u1ec1n (tr\u00ean 1 tri\u1ec7u km\u00b2).<\/div>\n<div><a href=\"http:\/\/www.worldglasstech.com\/wp-content\/uploads\/2019\/02\/index.jpg\"><img loading=\"lazy\" decoding=\"async\" class=\"aligncenter size-full wp-image-1499\" src=\"http:\/\/www.worldglasstech.com\/wp-content\/uploads\/2019\/02\/index.jpg\" alt=\"\" width=\"284\" height=\"177\" \/><\/a><\/div>\n<div>\n<p><strong>V\u1ec1 Kinh t\u1ebf<\/strong><\/p>\n<p>T\u1eeb n\u0103m 1993 \u0111\u1ebfn 1997, kinh t\u1ebf Vi\u1ec7t Nam \u0111\u1ea1t t\u1ed1c \u0111\u1ed9 t\u0103ng tr\u01b0\u1edfng kinh t\u1ebf trung b\u00ecnh h\u1eb1ng n\u0103m kho\u1ea3ng 9%. T\u0103ng tr\u01b0\u1edfng GDP 8,5% v\u00e0o n\u0103m 1997 \u0111\u00e3 gi\u1ea3m xu\u1ed1ng 4% v\u00e0o n\u0103m 1998 do \u1ea3nh h\u01b0\u1edfng c\u1ee7a s\u1ef1 ki\u1ec7n kh\u1ee7ng ho\u1ea3ng kinh t\u1ebf \u00c1 ch\u00e2u n\u0103m 1997, v\u00e0 t\u0103ng l\u00ean \u0111\u1ebfn 4,8% n\u0103m 1999. T\u0103ng tr\u01b0\u1edfng GDP t\u0103ng l\u00ean t\u1eeb 6% \u0111\u1ebfn 7% gi\u1eefa nh\u1eefng n\u0103m 2000\u20132002 trong khi t\u00ecnh h\u00ecnh kinh t\u1ebf th\u1ebf gi\u1edbi \u0111ang tr\u00ec tr\u1ec7. Ng\u00e0y 7 th\u00e1ng 11 n\u0103m 2006, Vi\u1ec7t Nam \u0111\u01b0\u1ee3c ph\u00e9p gia nh\u1eadp T\u1ed5 ch\u1ee9c Th\u01b0\u01a1ng m\u1ea1i Th\u1ebf gi\u1edbi (WTO) sau khi \u0111\u00e3 k\u1ebft th\u00fac \u0111\u00e0m ph\u00e1n song ph\u01b0\u01a1ng v\u1edbi t\u1ea5t c\u1ea3 c\u00e1c n\u01b0\u1edbc c\u00f3 y\u00eau c\u1ea7u (trong \u0111\u00f3 c\u00f3 nh\u1eefng n\u1ec1n kinh t\u1ebf l\u1edbn nh\u01b0 Hoa K\u1ef3, Li\u00ean minh ch\u00e2u \u00c2u (EU), Nh\u1eadt B\u1ea3n, Trung Qu\u1ed1c). Vi\u1ec7t Nam ch\u00ednh th\u1ee9c tr\u1edf th\u00e0nh th\u00e0nh vi\u00ean th\u1ee9 150 c\u1ee7a t\u1ed5 ch\u1ee9c WTO ng\u00e0y 11 th\u00e1ng 1 n\u0103m 2007.<\/p>\n<\/div>\n<p>Ng\u00e0y 3 th\u00e1ng 4 n\u0103m 2013, t\u1ea1i m\u1ed9t h\u1ed9i th\u1ea3o t\u1ea1i H\u00e0 N\u1ed9i, c\u00e1c chuy\u00ean gia kinh t\u1ebf \u0111\u00e3 nh\u1eadn \u0111\u1ecbnh n\u1ec1n kinh t\u1ebf Vi\u1ec7t Nam t\u0103ng tr\u01b0\u1edfng ch\u1eadm l\u1ea1i sau 5 n\u0103m gia nh\u1eadp WTO. C\u1ee5 th\u1ec3, trong giai \u0111o\u1ea1n 2007\u20132011, ch\u1ec9 c\u00f3 1 n\u0103m (2008) Vi\u1ec7t Nam \u0111\u1ea1t m\u1ee9c t\u0103ng tr\u01b0\u1edfng GDP tr\u00ean 8%. Tuy xu\u1ea5t kh\u1ea9u t\u0103ng 2,4 l\u1ea7n l\u00ean 96,9 t\u1ef7 USD giai \u0111o\u1ea1n n\u00e0y nh\u01b0ng m\u1ee9c t\u0103ng tr\u01b0\u1edfng th\u1ea5p h\u01a1n 5 n\u0103m tr\u01b0\u1edbc khi gia nh\u1eadp WTO. \u0110a ph\u1ea7n t\u1ef7 tr\u1ecdng xu\u1ea5t kh\u1ea9u l\u00e0 do kh\u1ed1i doanh nghi\u1ec7p FDI, chi\u1ebfm kho\u1ea3ng 60%, m\u1eb7t h\u00e0ng xu\u1ea5t kh\u1ea9u c\u1ee7a Vi\u1ec7t Nam v\u1eabn ch\u1ee7 y\u1ebfu l\u00e0 n\u00f4ng \u2013 l\u00e2m s\u1ea3n, v\u00e0 kho\u00e1ng s\u1ea3n th\u00f4. Sau h\u1ed9i nh\u1eadp, t\u1ef7 tr\u1ecdng nh\u1eadp si\u00eau c\u0169ng t\u0103ng m\u1ea1nh, 18 t\u1ef7 USD v\u00e0o n\u0103m 2008. Kinh t\u1ebf Vi\u1ec7t Nam b\u1ecb \u1ea3nh h\u01b0\u1edfng b\u1edfi giai \u0111o\u1ea1n kh\u1ee7ng ho\u1ea3ng kinh t\u1ebf t\u1eeb 2007-2008 \u0111\u1ebfn nay.<\/p>\n<\/div>\n<p>\u0110\u1ebfn n\u0103m 2013, t\u00ecnh h\u00ecnh kinh t\u1ebf Vi\u1ec7t Nam ti\u1ebfp t\u1ee5c \u0111\u1ed1i m\u1eb7t v\u1edbi \u00e1p l\u1ef1c, t\u1eeb n\u1ee3 x\u1ea5u \u0111\u1ebfn l\u1ea1m ph\u00e1t, t\u00edn d\u1ee5ng t\u0103ng tr\u01b0\u1edfng th\u1ea5p. T\u00ecnh tr\u1ea1ng tham nh\u0169ng kh\u00f4ng \u0111\u01b0\u1ee3c c\u1ea3i thi\u1ec7n v\u00e0 lu\u00f4n b\u1ecb x\u1ebfp h\u1ea1ng \u1edf m\u1ee9c \u0111\u1ed9 cao c\u1ee7a th\u1ebf gi\u1edbi, c\u00e1c kh\u00f3 kh\u0103n v\u1ec1 v\u1ed1n, \u0111\u00e0o t\u1ea1o lao \u0111\u1ed9ng, \u0111\u1ea5t \u0111ai, c\u1ea3i c\u00e1ch h\u00e0nh ch\u00ednh, c\u01a1 s\u1edf h\u1ea1 t\u1ea7ng, vi\u1ec7c kinh doanh v\u1edbi h\u00e0ng ch\u1ee5c ng\u00e0n th\u1ee7 t\u1ee5c t\u1eeb 20 n\u0103m tr\u01b0\u1edbc \u0111ang t\u1ed3n t\u1ea1i v\u00e0 kh\u00f4ng ph\u00f9 h\u1ee3p v\u1edbi n\u1ec1n kinh t\u1ebf th\u1ecb tr\u01b0\u1eddng. Theo th\u1ed1ng k\u00ea n\u0103m 2015 c\u1ee7a Ng\u00e2n h\u00e0ng Th\u1ebf gi\u1edbi th\u00ec PPP \u0111\u1ea7u ng\u01b0\u1eddi c\u1ee7a Vi\u1ec7t Nam n\u0103m 2014 l\u00e0 5.294,4 USD, b\u1eb1ng 55,4% so v\u1edbi Indonesia, 65% so v\u1edbi Philippines, 37% so v\u1edbi Th\u00e1i Lan v\u00e0 b\u1eb1ng 6,7% so v\u1edbi Singapore.<\/p>\n<\/div>\n<\/div>\n<\/div>\n<\/div>\n","protected":false},"excerpt":{"rendered":"<p>Vi\u1ec7t Nam Qu\u1ed1c k\u1ef3 Vi\u1ec7t Nam Vi\u1ec7t Nam (t\u00ean ch\u00ednh th\u1ee9c: C\u1ed9ng h\u00f2a X\u00e3 h\u1ed9i ch\u1ee7 ngh\u0129a Vi\u1ec7t Nam) l\u00e0 qu\u1ed1c gia n\u1eb1m \u1edf ph\u00eda \u0110\u00f4ng b\u00e1n \u0111\u1ea3o \u0110\u00f4ng D\u01b0\u01a1ng thu\u1ed9c khu v\u1ef1c \u0110\u00f4ng Nam \u00c1. Th\u1ee7 \u0111\u00f4 l\u00e0 H\u00e0 N\u1ed9i k\u1ec3 t\u1eeb n\u0103m 1976, v\u1edbi Th\u00e0nh ph\u1ed1 H\u1ed3 Ch\u00ed Minh l\u00e0 th\u00e0nh ph\u1ed1 \u0111\u00f4ng [&hellip;]<\/p>\n","protected":false},"author":2,"featured_media":0,"parent":0,"menu_order":0,"comment_status":"closed","ping_status":"closed","template":"","meta":{"footnotes":""},"yoast_head":"<!-- This site is optimized with the Yoast SEO plugin v23.4 - https:\/\/yoast.com\/wordpress\/plugins\/seo\/ -->\n<title>V\u1ec1 Vi\u1ec7t Nam<\/title>\n<meta name=\"description\" content=\"Vi\u1ec7t Nam (t\u00ean ch\u00ednh th\u1ee9c: C\u1ed9ng h\u00f2a X\u00e3 h\u1ed9i ch\u1ee7 ngh\u0129a Vi\u1ec7t Nam) l\u00e0 qu\u1ed1c gia n\u1eb1m \u1edf ph\u00eda \u0110\u00f4ng b\u00e1n \u0111\u1ea3o \u0110\u00f4ng D\u01b0\u01a1ng thu\u1ed9c khu v\u1ef1c \u0110\u00f4ng Nam \u00c1. Th\u1ee7 \u0111\u00f4 l\u00e0 H\u00e0 N\u1ed9i k\u1ec3 t\u1eeb n\u0103m 1976, v\u1edbi Th\u00e0nh ph\u1ed1 H\u1ed3 Ch\u00ed Minh l\u00e0 th\u00e0nh ph\u1ed1 \u0111\u00f4ng d\u00e2n nh\u1ea5t.\" \/>\n<meta name=\"robots\" content=\"index, follow, max-snippet:-1, max-image-preview:large, max-video-preview:-1\" \/>\n<link rel=\"canonical\" href=\"https:\/\/www.worldglasstech.com\/vi\/about-vietnam\/\" \/>\n<meta property=\"og:locale\" content=\"vi_VN\" \/>\n<meta property=\"og:locale:alternate\" content=\"en_UK\" \/>\n<meta property=\"og:type\" content=\"article\" \/>\n<meta property=\"og:title\" content=\"V\u1ec1 Vi\u1ec7t Nam\" \/>\n<meta property=\"og:description\" content=\"Vi\u1ec7t Nam Qu\u1ed1c k\u1ef3 Vi\u1ec7t Nam Vi\u1ec7t Nam (t\u00ean ch\u00ednh th\u1ee9c: C\u1ed9ng h\u00f2a X\u00e3 h\u1ed9i ch\u1ee7 ngh\u0129a Vi\u1ec7t Nam) l\u00e0 qu\u1ed1c gia n\u1eb1m \u1edf ph\u00eda \u0110\u00f4ng b\u00e1n \u0111\u1ea3o \u0110\u00f4ng D\u01b0\u01a1ng thu\u1ed9c khu v\u1ef1c \u0110\u00f4ng Nam \u00c1. Th\u1ee7 \u0111\u00f4 l\u00e0 H\u00e0 N\u1ed9i k\u1ec3 t\u1eeb n\u0103m 1976, v\u1edbi Th\u00e0nh ph\u1ed1 H\u1ed3 Ch\u00ed Minh l\u00e0 th\u00e0nh ph\u1ed1 \u0111\u00f4ng [&hellip;]\" \/>\n<meta property=\"og:url\" content=\"https:\/\/www.worldglasstech.com\/vi\/about-vietnam\/\" \/>\n<meta property=\"og:site_name\" content=\"World Glasstech Vietnam 2023\" \/>\n<meta property=\"article:modified_time\" content=\"2019-03-07T19:59:02+00:00\" \/>\n<meta property=\"og:image\" content=\"http:\/\/www.worldglasstech.com\/wp-content\/uploads\/2019\/02\/Flag-of-Vietnam.gif\" \/>\n<meta name=\"twitter:card\" content=\"summary_large_image\" \/>\n<meta name=\"twitter:label1\" content=\"\u01af\u1edbc t\u00ednh th\u1eddi gian \u0111\u1ecdc\" \/>\n\t<meta name=\"twitter:data1\" content=\"5 ph\u00fat\" \/>\n<script type=\"application\/ld+json\" class=\"yoast-schema-graph\">{\"@context\":\"https:\/\/schema.org\",\"@graph\":[{\"@type\":\"WebPage\",\"@id\":\"https:\/\/www.worldglasstech.com\/about-vietnam\/\",\"url\":\"https:\/\/www.worldglasstech.com\/about-vietnam\/\",\"name\":\"V\u1ec1 Vi\u1ec7t Nam\",\"isPartOf\":{\"@id\":\"https:\/\/www.worldglasstech.com\/#website\"},\"primaryImageOfPage\":{\"@id\":\"https:\/\/www.worldglasstech.com\/about-vietnam\/#primaryimage\"},\"image\":{\"@id\":\"https:\/\/www.worldglasstech.com\/about-vietnam\/#primaryimage\"},\"thumbnailUrl\":\"http:\/\/www.worldglasstech.com\/wp-content\/uploads\/2019\/02\/Flag-of-Vietnam.gif\",\"datePublished\":\"2018-05-28T13:48:45+00:00\",\"dateModified\":\"2019-03-07T19:59:02+00:00\",\"breadcrumb\":{\"@id\":\"https:\/\/www.worldglasstech.com\/about-vietnam\/#breadcrumb\"},\"inLanguage\":\"vi\",\"potentialAction\":[{\"@type\":\"ReadAction\",\"target\":[\"https:\/\/www.worldglasstech.com\/about-vietnam\/\"]}]},{\"@type\":\"ImageObject\",\"inLanguage\":\"vi\",\"@id\":\"https:\/\/www.worldglasstech.com\/about-vietnam\/#primaryimage\",\"url\":\"http:\/\/www.worldglasstech.com\/wp-content\/uploads\/2019\/02\/Flag-of-Vietnam.gif\",\"contentUrl\":\"http:\/\/www.worldglasstech.com\/wp-content\/uploads\/2019\/02\/Flag-of-Vietnam.gif\"},{\"@type\":\"BreadcrumbList\",\"@id\":\"https:\/\/www.worldglasstech.com\/about-vietnam\/#breadcrumb\",\"itemListElement\":[{\"@type\":\"ListItem\",\"position\":1,\"name\":\"Home\",\"item\":\"https:\/\/www.worldglasstech.com\/\"},{\"@type\":\"ListItem\",\"position\":2,\"name\":\"About Vietnam\"}]},{\"@type\":\"WebSite\",\"@id\":\"https:\/\/www.worldglasstech.com\/#website\",\"url\":\"https:\/\/www.worldglasstech.com\/\",\"name\":\"World Glasstech Vietnam 2023\",\"description\":\"\",\"publisher\":{\"@id\":\"https:\/\/www.worldglasstech.com\/#organization\"},\"potentialAction\":[{\"@type\":\"SearchAction\",\"target\":{\"@type\":\"EntryPoint\",\"urlTemplate\":\"https:\/\/www.worldglasstech.com\/?s={search_term_string}\"},\"query-input\":{\"@type\":\"PropertyValueSpecification\",\"valueRequired\":true,\"valueName\":\"search_term_string\"}}],\"inLanguage\":\"vi\"},{\"@type\":\"Organization\",\"@id\":\"https:\/\/www.worldglasstech.com\/#organization\",\"name\":\"World Glasstech Vietnam 2023\",\"url\":\"https:\/\/www.worldglasstech.com\/\",\"logo\":{\"@type\":\"ImageObject\",\"inLanguage\":\"vi\",\"@id\":\"https:\/\/www.worldglasstech.com\/#\/schema\/logo\/image\/\",\"url\":\"https:\/\/www.worldglasstech.com\/wp-content\/uploads\/2023\/04\/cropped-Untitled-design-1-2.jpg\",\"contentUrl\":\"https:\/\/www.worldglasstech.com\/wp-content\/uploads\/2023\/04\/cropped-Untitled-design-1-2.jpg\",\"width\":1427,\"height\":92,\"caption\":\"World Glasstech Vietnam 2023\"},\"image\":{\"@id\":\"https:\/\/www.worldglasstech.com\/#\/schema\/logo\/image\/\"}}]}<\/script>\n<!-- \/ Yoast SEO plugin. -->","yoast_head_json":{"title":"V\u1ec1 Vi\u1ec7t Nam","description":"Vi\u1ec7t Nam (t\u00ean ch\u00ednh th\u1ee9c: C\u1ed9ng h\u00f2a X\u00e3 h\u1ed9i ch\u1ee7 ngh\u0129a Vi\u1ec7t Nam) l\u00e0 qu\u1ed1c gia n\u1eb1m \u1edf ph\u00eda \u0110\u00f4ng b\u00e1n \u0111\u1ea3o \u0110\u00f4ng D\u01b0\u01a1ng thu\u1ed9c khu v\u1ef1c \u0110\u00f4ng Nam \u00c1. Th\u1ee7 \u0111\u00f4 l\u00e0 H\u00e0 N\u1ed9i k\u1ec3 t\u1eeb n\u0103m 1976, v\u1edbi Th\u00e0nh ph\u1ed1 H\u1ed3 Ch\u00ed Minh l\u00e0 th\u00e0nh ph\u1ed1 \u0111\u00f4ng d\u00e2n nh\u1ea5t.","robots":{"index":"index","follow":"follow","max-snippet":"max-snippet:-1","max-image-preview":"max-image-preview:large","max-video-preview":"max-video-preview:-1"},"canonical":"https:\/\/www.worldglasstech.com\/vi\/about-vietnam\/","og_locale":"vi_VN","og_type":"article","og_title":"[:en]About Vietnam[:vi]V\u1ec1 Vi\u1ec7t Nam[:] - World Glasstech Vietnam 2023","og_description":"Vi\u1ec7t Nam Qu\u1ed1c k\u1ef3 Vi\u1ec7t Nam Vi\u1ec7t Nam (t\u00ean ch\u00ednh th\u1ee9c: C\u1ed9ng h\u00f2a X\u00e3 h\u1ed9i ch\u1ee7 ngh\u0129a Vi\u1ec7t Nam) l\u00e0 qu\u1ed1c gia n\u1eb1m \u1edf ph\u00eda \u0110\u00f4ng b\u00e1n \u0111\u1ea3o \u0110\u00f4ng D\u01b0\u01a1ng thu\u1ed9c khu v\u1ef1c \u0110\u00f4ng Nam \u00c1. Th\u1ee7 \u0111\u00f4 l\u00e0 H\u00e0 N\u1ed9i k\u1ec3 t\u1eeb n\u0103m 1976, v\u1edbi Th\u00e0nh ph\u1ed1 H\u1ed3 Ch\u00ed Minh l\u00e0 th\u00e0nh ph\u1ed1 \u0111\u00f4ng [&hellip;]","og_url":"https:\/\/www.worldglasstech.com\/vi\/about-vietnam\/","og_site_name":"World Glasstech Vietnam 2023","article_modified_time":"2019-03-07T19:59:02+00:00","og_image":[{"url":"http:\/\/www.worldglasstech.com\/wp-content\/uploads\/2019\/02\/Flag-of-Vietnam.gif"}],"twitter_card":"summary_large_image","twitter_misc":{"\u01af\u1edbc t\u00ednh th\u1eddi gian \u0111\u1ecdc":"5 ph\u00fat"},"schema":{"@context":"https:\/\/schema.org","@graph":[{"@type":"WebPage","@id":"https:\/\/www.worldglasstech.com\/about-vietnam\/","url":"https:\/\/www.worldglasstech.com\/about-vietnam\/","name":"V\u1ec1 Vi\u1ec7t Nam","isPartOf":{"@id":"https:\/\/www.worldglasstech.com\/#website"},"primaryImageOfPage":{"@id":"https:\/\/www.worldglasstech.com\/about-vietnam\/#primaryimage"},"image":{"@id":"https:\/\/www.worldglasstech.com\/about-vietnam\/#primaryimage"},"thumbnailUrl":"http:\/\/www.worldglasstech.com\/wp-content\/uploads\/2019\/02\/Flag-of-Vietnam.gif","datePublished":"2018-05-28T13:48:45+00:00","dateModified":"2019-03-07T19:59:02+00:00","breadcrumb":{"@id":"https:\/\/www.worldglasstech.com\/about-vietnam\/#breadcrumb"},"inLanguage":"vi","potentialAction":[{"@type":"ReadAction","target":["https:\/\/www.worldglasstech.com\/about-vietnam\/"]}]},{"@type":"ImageObject","inLanguage":"vi","@id":"https:\/\/www.worldglasstech.com\/about-vietnam\/#primaryimage","url":"http:\/\/www.worldglasstech.com\/wp-content\/uploads\/2019\/02\/Flag-of-Vietnam.gif","contentUrl":"http:\/\/www.worldglasstech.com\/wp-content\/uploads\/2019\/02\/Flag-of-Vietnam.gif"},{"@type":"BreadcrumbList","@id":"https:\/\/www.worldglasstech.com\/about-vietnam\/#breadcrumb","itemListElement":[{"@type":"ListItem","position":1,"name":"Home","item":"https:\/\/www.worldglasstech.com\/"},{"@type":"ListItem","position":2,"name":"About Vietnam"}]},{"@type":"WebSite","@id":"https:\/\/www.worldglasstech.com\/#website","url":"https:\/\/www.worldglasstech.com\/","name":"World Glasstech Vietnam 2023","description":"","publisher":{"@id":"https:\/\/www.worldglasstech.com\/#organization"},"potentialAction":[{"@type":"SearchAction","target":{"@type":"EntryPoint","urlTemplate":"https:\/\/www.worldglasstech.com\/?s={search_term_string}"},"query-input":{"@type":"PropertyValueSpecification","valueRequired":true,"valueName":"search_term_string"}}],"inLanguage":"vi"},{"@type":"Organization","@id":"https:\/\/www.worldglasstech.com\/#organization","name":"World Glasstech Vietnam 2023","url":"https:\/\/www.worldglasstech.com\/","logo":{"@type":"ImageObject","inLanguage":"vi","@id":"https:\/\/www.worldglasstech.com\/#\/schema\/logo\/image\/","url":"https:\/\/www.worldglasstech.com\/wp-content\/uploads\/2023\/04\/cropped-Untitled-design-1-2.jpg","contentUrl":"https:\/\/www.worldglasstech.com\/wp-content\/uploads\/2023\/04\/cropped-Untitled-design-1-2.jpg","width":1427,"height":92,"caption":"World Glasstech Vietnam 2023"},"image":{"@id":"https:\/\/www.worldglasstech.com\/#\/schema\/logo\/image\/"}}]}},"_links":{"self":[{"href":"https:\/\/www.worldglasstech.com\/vi\/wp-json\/wp\/v2\/pages\/391"}],"collection":[{"href":"https:\/\/www.worldglasstech.com\/vi\/wp-json\/wp\/v2\/pages"}],"about":[{"href":"https:\/\/www.worldglasstech.com\/vi\/wp-json\/wp\/v2\/types\/page"}],"author":[{"embeddable":true,"href":"https:\/\/www.worldglasstech.com\/vi\/wp-json\/wp\/v2\/users\/2"}],"replies":[{"embeddable":true,"href":"https:\/\/www.worldglasstech.com\/vi\/wp-json\/wp\/v2\/comments?post=391"}],"version-history":[{"count":32,"href":"https:\/\/www.worldglasstech.com\/vi\/wp-json\/wp\/v2\/pages\/391\/revisions"}],"predecessor-version":[{"id":1821,"href":"https:\/\/www.worldglasstech.com\/vi\/wp-json\/wp\/v2\/pages\/391\/revisions\/1821"}],"wp:attachment":[{"href":"https:\/\/www.worldglasstech.com\/vi\/wp-json\/wp\/v2\/media?parent=391"}],"curies":[{"name":"wp","href":"https:\/\/api.w.org\/{rel}","templated":true}]}}