{"id":388,"date":"2018-05-28T13:46:14","date_gmt":"2018-05-28T13:46:14","guid":{"rendered":"http:\/\/www.worldglasstech.com\/?page_id=388"},"modified":"2023-08-11T19:13:48","modified_gmt":"2023-08-11T19:13:48","slug":"hotel-and-travel","status":"publish","type":"page","link":"https:\/\/www.worldglasstech.com\/vi\/hotel-and-travel\/","title":{"rendered":"Kh\u00e1ch s\u1ea1n &#8211; Du l\u1ecbch"},"content":{"rendered":"<p><strong>Th\u00f4ng tin v\u1ec1 kh\u00e1ch s\u1ea1n v\u00e0 du l\u1ecbch theo nh\u00f3m d\u00e0nh cho kh\u00e1ch th\u0103m quan Tri\u1ec3n l\u00e3m Qu\u1ed1c t\u1ebf C\u00f4ng ngh\u1ec7 K\u00ednh v\u00e0 Th\u1ee7y tinh Vi\u1ec7t Nam 2023, vui l\u00f2ng li\u00ean h\u1ec7 nh\u00e0 t\u1ed5 ch\u1ee9c qua email info@worldglasstech.com<\/strong><\/p>\n","protected":false},"excerpt":{"rendered":"<p>Th\u00f4ng tin v\u1ec1 kh\u00e1ch s\u1ea1n v\u00e0 du l\u1ecbch theo nh\u00f3m d\u00e0nh cho kh\u00e1ch th\u0103m quan Tri\u1ec3n l\u00e3m Qu\u1ed1c t\u1ebf C\u00f4ng ngh\u1ec7 K\u00ednh v\u00e0 Th\u1ee7y tinh Vi\u1ec7t Nam 2023, vui l\u00f2ng li\u00ean h\u1ec7 nh\u00e0 t\u1ed5 ch\u1ee9c qua email info@worldglasstech.com<\/p>\n","protected":false},"author":2,"featured_media":0,"parent":0,"menu_order":0,"comment_status":"closed","ping_status":"closed","template":"","meta":{"footnotes":""},"yoast_head":"<!-- This site is optimized with the Yoast SEO plugin v23.4 - https:\/\/yoast.com\/wordpress\/plugins\/seo\/ -->\n<title>Kh\u00e1ch s\u1ea1n - Du l\u1ecbch<\/title>\n<meta name=\"robots\" content=\"index, follow, max-snippet:-1, max-image-preview:large, max-video-preview:-1\" \/>\n<link rel=\"canonical\" href=\"https:\/\/www.worldglasstech.com\/vi\/hotel-and-travel\/\" \/>\n<meta property=\"og:locale\" content=\"vi_VN\" \/>\n<meta property=\"og:locale:alternate\" content=\"en_UK\" \/>\n<meta property=\"og:type\" content=\"article\" \/>\n<meta property=\"og:title\" content=\"Kh\u00e1ch s\u1ea1n - Du l\u1ecbch\" \/>\n<meta property=\"og:description\" content=\"Th\u00f4ng tin v\u1ec1 kh\u00e1ch s\u1ea1n v\u00e0 du l\u1ecbch theo nh\u00f3m d\u00e0nh cho kh\u00e1ch th\u0103m quan Tri\u1ec3n l\u00e3m Qu\u1ed1c t\u1ebf C\u00f4ng ngh\u1ec7 K\u00ednh v\u00e0 Th\u1ee7y tinh Vi\u1ec7t Nam 2023, vui l\u00f2ng li\u00ean h\u1ec7 nh\u00e0 t\u1ed5 ch\u1ee9c qua email info@worldglasstech.com\" \/>\n<meta property=\"og:url\" content=\"https:\/\/www.worldglasstech.com\/vi\/hotel-and-travel\/\" \/>\n<meta property=\"og:site_name\" content=\"World Glasstech Vietnam 2023\" \/>\n<meta property=\"article:modified_time\" content=\"2023-08-11T19:13:48+00:00\" \/>\n<meta name=\"twitter:card\" content=\"summary_large_image\" \/>\n<meta name=\"twitter:label1\" content=\"\u01af\u1edbc t\u00ednh th\u1eddi gian \u0111\u1ecdc\" \/>\n\t<meta name=\"twitter:data1\" content=\"1 ph\u00fat\" \/>\n<script type=\"application\/ld+json\" class=\"yoast-schema-graph\">{\"@context\":\"https:\/\/schema.org\",\"@graph\":[{\"@type\":\"WebPage\",\"@id\":\"https:\/\/www.worldglasstech.com\/hotel-and-travel\/\",\"url\":\"https:\/\/www.worldglasstech.com\/hotel-and-travel\/\",\"name\":\"Kh\u00e1ch s\u1ea1n - Du l\u1ecbch\",\"isPartOf\":{\"@id\":\"https:\/\/www.worldglasstech.com\/#website\"},\"datePublished\":\"2018-05-28T13:46:14+00:00\",\"dateModified\":\"2023-08-11T19:13:48+00:00\",\"breadcrumb\":{\"@id\":\"https:\/\/www.worldglasstech.com\/hotel-and-travel\/#breadcrumb\"},\"inLanguage\":\"vi\",\"potentialAction\":[{\"@type\":\"ReadAction\",\"target\":[\"https:\/\/www.worldglasstech.com\/hotel-and-travel\/\"]}]},{\"@type\":\"BreadcrumbList\",\"@id\":\"https:\/\/www.worldglasstech.com\/hotel-and-travel\/#breadcrumb\",\"itemListElement\":[{\"@type\":\"ListItem\",\"position\":1,\"name\":\"Home\",\"item\":\"https:\/\/www.worldglasstech.com\/\"},{\"@type\":\"ListItem\",\"position\":2,\"name\":\"Hotel and Travel\"}]},{\"@type\":\"WebSite\",\"@id\":\"https:\/\/www.worldglasstech.com\/#website\",\"url\":\"https:\/\/www.worldglasstech.com\/\",\"name\":\"World Glasstech Vietnam 2023\",\"description\":\"\",\"publisher\":{\"@id\":\"https:\/\/www.worldglasstech.com\/#organization\"},\"potentialAction\":[{\"@type\":\"SearchAction\",\"target\":{\"@type\":\"EntryPoint\",\"urlTemplate\":\"https:\/\/www.worldglasstech.com\/?s={search_term_string}\"},\"query-input\":{\"@type\":\"PropertyValueSpecification\",\"valueRequired\":true,\"valueName\":\"search_term_string\"}}],\"inLanguage\":\"vi\"},{\"@type\":\"Organization\",\"@id\":\"https:\/\/www.worldglasstech.com\/#organization\",\"name\":\"World Glasstech Vietnam 2023\",\"url\":\"https:\/\/www.worldglasstech.com\/\",\"logo\":{\"@type\":\"ImageObject\",\"inLanguage\":\"vi\",\"@id\":\"https:\/\/www.worldglasstech.com\/#\/schema\/logo\/image\/\",\"url\":\"https:\/\/www.worldglasstech.com\/wp-content\/uploads\/2023\/04\/cropped-Untitled-design-1-2.jpg\",\"contentUrl\":\"https:\/\/www.worldglasstech.com\/wp-content\/uploads\/2023\/04\/cropped-Untitled-design-1-2.jpg\",\"width\":1427,\"height\":92,\"caption\":\"World Glasstech Vietnam 2023\"},\"image\":{\"@id\":\"https:\/\/www.worldglasstech.com\/#\/schema\/logo\/image\/\"}}]}<\/script>\n<!-- \/ Yoast SEO plugin. -->","yoast_head_json":{"title":"Kh\u00e1ch s\u1ea1n - Du l\u1ecbch","robots":{"index":"index","follow":"follow","max-snippet":"max-snippet:-1","max-image-preview":"max-image-preview:large","max-video-preview":"max-video-preview:-1"},"canonical":"https:\/\/www.worldglasstech.com\/vi\/hotel-and-travel\/","og_locale":"vi_VN","og_type":"article","og_title":"[:en]Hotel and Travel[:vi]Kh\u00e1ch s\u1ea1n - Du l\u1ecbch[:] - World Glasstech Vietnam 2023","og_description":"Th\u00f4ng tin v\u1ec1 kh\u00e1ch s\u1ea1n v\u00e0 du l\u1ecbch theo nh\u00f3m d\u00e0nh cho kh\u00e1ch th\u0103m quan Tri\u1ec3n l\u00e3m Qu\u1ed1c t\u1ebf C\u00f4ng ngh\u1ec7 K\u00ednh v\u00e0 Th\u1ee7y tinh Vi\u1ec7t Nam 2023, vui l\u00f2ng li\u00ean h\u1ec7 nh\u00e0 t\u1ed5 ch\u1ee9c qua email info@worldglasstech.com","og_url":"https:\/\/www.worldglasstech.com\/vi\/hotel-and-travel\/","og_site_name":"World Glasstech Vietnam 2023","article_modified_time":"2023-08-11T19:13:48+00:00","twitter_card":"summary_large_image","twitter_misc":{"\u01af\u1edbc t\u00ednh th\u1eddi gian \u0111\u1ecdc":"1 ph\u00fat"},"schema":{"@context":"https:\/\/schema.org","@graph":[{"@type":"WebPage","@id":"https:\/\/www.worldglasstech.com\/hotel-and-travel\/","url":"https:\/\/www.worldglasstech.com\/hotel-and-travel\/","name":"Kh\u00e1ch s\u1ea1n - Du l\u1ecbch","isPartOf":{"@id":"https:\/\/www.worldglasstech.com\/#website"},"datePublished":"2018-05-28T13:46:14+00:00","dateModified":"2023-08-11T19:13:48+00:00","breadcrumb":{"@id":"https:\/\/www.worldglasstech.com\/hotel-and-travel\/#breadcrumb"},"inLanguage":"vi","potentialAction":[{"@type":"ReadAction","target":["https:\/\/www.worldglasstech.com\/hotel-and-travel\/"]}]},{"@type":"BreadcrumbList","@id":"https:\/\/www.worldglasstech.com\/hotel-and-travel\/#breadcrumb","itemListElement":[{"@type":"ListItem","position":1,"name":"Home","item":"https:\/\/www.worldglasstech.com\/"},{"@type":"ListItem","position":2,"name":"Hotel and Travel"}]},{"@type":"WebSite","@id":"https:\/\/www.worldglasstech.com\/#website","url":"https:\/\/www.worldglasstech.com\/","name":"World Glasstech Vietnam 2023","description":"","publisher":{"@id":"https:\/\/www.worldglasstech.com\/#organization"},"potentialAction":[{"@type":"SearchAction","target":{"@type":"EntryPoint","urlTemplate":"https:\/\/www.worldglasstech.com\/?s={search_term_string}"},"query-input":{"@type":"PropertyValueSpecification","valueRequired":true,"valueName":"search_term_string"}}],"inLanguage":"vi"},{"@type":"Organization","@id":"https:\/\/www.worldglasstech.com\/#organization","name":"World Glasstech Vietnam 2023","url":"https:\/\/www.worldglasstech.com\/","logo":{"@type":"ImageObject","inLanguage":"vi","@id":"https:\/\/www.worldglasstech.com\/#\/schema\/logo\/image\/","url":"https:\/\/www.worldglasstech.com\/wp-content\/uploads\/2023\/04\/cropped-Untitled-design-1-2.jpg","contentUrl":"https:\/\/www.worldglasstech.com\/wp-content\/uploads\/2023\/04\/cropped-Untitled-design-1-2.jpg","width":1427,"height":92,"caption":"World Glasstech Vietnam 2023"},"image":{"@id":"https:\/\/www.worldglasstech.com\/#\/schema\/logo\/image\/"}}]}},"_links":{"self":[{"href":"https:\/\/www.worldglasstech.com\/vi\/wp-json\/wp\/v2\/pages\/388"}],"collection":[{"href":"https:\/\/www.worldglasstech.com\/vi\/wp-json\/wp\/v2\/pages"}],"about":[{"href":"https:\/\/www.worldglasstech.com\/vi\/wp-json\/wp\/v2\/types\/page"}],"author":[{"embeddable":true,"href":"https:\/\/www.worldglasstech.com\/vi\/wp-json\/wp\/v2\/users\/2"}],"replies":[{"embeddable":true,"href":"https:\/\/www.worldglasstech.com\/vi\/wp-json\/wp\/v2\/comments?post=388"}],"version-history":[{"count":24,"href":"https:\/\/www.worldglasstech.com\/vi\/wp-json\/wp\/v2\/pages\/388\/revisions"}],"predecessor-version":[{"id":2297,"href":"https:\/\/www.worldglasstech.com\/vi\/wp-json\/wp\/v2\/pages\/388\/revisions\/2297"}],"wp:attachment":[{"href":"https:\/\/www.worldglasstech.com\/vi\/wp-json\/wp\/v2\/media?parent=388"}],"curies":[{"name":"wp","href":"https:\/\/api.w.org\/{rel}","templated":true}]}}