{"id":385,"date":"2018-05-28T13:44:57","date_gmt":"2018-05-28T13:44:57","guid":{"rendered":"http:\/\/www.worldglasstech.com\/?page_id=385"},"modified":"2019-03-06T21:15:34","modified_gmt":"2019-03-06T21:15:34","slug":"visa-request","status":"publish","type":"page","link":"https:\/\/www.worldglasstech.com\/vi\/visa-request\/","title":{"rendered":"Th\u1ee7 t\u1ee5c visa"},"content":{"rendered":"<header class=\"entry-header\">\n<h3 class=\"entry-title page-title\">Gi\u1ea5y ch\u1ee9ng nh\u1eadn Mi\u1ec5n Th\u1ecb th\u1ef1c<\/h3>\n<p>Ng\u01b0\u1eddi Vi\u1ec7t Nam \u1edf n\u01b0\u1edbc ngo\u00e0i c\u00f3 c\u01a1 h\u1ed9i xin gi\u1ea5y ch\u1ee9ng nh\u1eadn mi\u1ec5n th\u1ecb th\u1ef1c. Gi\u1ea5y mi\u1ec5n th\u1ecb th\u1ef1c c\u00f3 gi\u00e1 tr\u1ecb d\u00e0i nh\u1ea5t l\u00e0 05 n\u0103m v\u00e0 ng\u1eafn h\u01a1n th\u1eddi h\u1ea1n c\u1ee7a h\u1ed9 chi\u1ebfu ho\u1eb7c gi\u1ea5y t\u1edd c\u01b0 tr\u00fa c\u1ee7a n\u01b0\u1edbc ngo\u00e0i l\u00e0 06 th\u00e1ng. Do v\u1eady, h\u1ed9 chi\u1ebfu \u0111\u1ec1 ngh\u1ecb c\u1ea5p Gi\u1ea5y mi\u1ec5n th\u1ecb th\u1ef1c ph\u1ea3i c\u00f3 gi\u00e1 tr\u1ecb tr\u00ean\u00a006 th\u00e1ng.<\/p>\n<\/header>\n<div class=\"entry-content mh-clearfix\">\n<div id=\"comp-j6qtowlx\" class=\"txtNew\" data-packed=\"true\">\n<p class=\"font_8\"><strong>\u0110\u1ed0I T\u01af\u1ee2NG \u0110\u01af\u1ee2C X\u00c9T C\u1ea4P GI\u1ea4Y MI\u1ec4N TH\u1eca TH\u1ef0C<\/strong><\/p>\n<p class=\"font_8\">\u0110\u1ed1i t\u01b0\u1ee3ng \u0111\u01b0\u1ee3c x\u00e9t c\u1ea5p Gi\u1ea5y mi\u1ec5n th\u1ecb th\u1ef1c bao g\u1ed3m: ng\u01b0\u1eddi Vi\u1ec7t Nam \u0111\u1ecbnh c\u01b0 \u1edf n\u01b0\u1edbc ngo\u00e0i kh\u00f4ng c\u00f3 h\u1ed9 chi\u1ebfu Vi\u1ec7t Nam v\u00e0 ng\u01b0\u1eddi n\u01b0\u1edbc ngo\u00e0i l\u00e0 v\u1ee3, ch\u1ed3ng, con c\u1ee7a c\u00f4ng d\u00e2n Vi\u1ec7t Nam ho\u1eb7c ng\u01b0\u1eddi Vi\u1ec7t Nam \u0111\u1ecbnh c\u01b0 \u1edf n\u01b0\u1edbc ngo\u00e0i (nh\u1eefng ng\u01b0\u1eddi hi\u1ec7n ch\u01b0a \u0111\u1ee7 c\u00e1c gi\u1ea5y t\u1edd h\u1ed3 s\u01a1 \u0111\u1ec3 \u0111\u01b0\u1ee3c x\u00e9t c\u1ea5p Gi\u1ea5y mi\u1ec5n th\u1ecb th\u1ef1c v\u1eabn c\u00f3 th\u1ec3 \u0111\u1ec1 ngh\u1ecb c\u1ea5p th\u1ecb th\u1ef1c nh\u1eadp xu\u1ea5t c\u1ea3nh Vi\u1ec7t\u00a0Nam\u00a0m\u1ed9t c\u00e1ch b\u00ecnh th\u01b0\u1eddng t\u1ea1i \u0110\u1ea1i s\u1ee9 qu\u00e1n \u0111\u1ec3 v\u1ec1 Vi\u1ec7t\u00a0Nam\u00a0nh\u01b0 l\u00e2u nay).<\/p>\n<p class=\"font_8\">\n<\/div>\n<\/div>\n<p><a href=\"http:\/\/www.worldglasstech.com\/wp-content\/uploads\/2019\/03\/Vietnam-visa-800.jpg\"><img loading=\"lazy\" decoding=\"async\" class=\"aligncenter wp-image-1810\" src=\"http:\/\/www.worldglasstech.com\/wp-content\/uploads\/2019\/03\/Vietnam-visa-800.jpg\" alt=\"\" width=\"612\" height=\"333\" srcset=\"https:\/\/www.worldglasstech.com\/wp-content\/uploads\/2019\/03\/Vietnam-visa-800.jpg 800w, https:\/\/www.worldglasstech.com\/wp-content\/uploads\/2019\/03\/Vietnam-visa-800-300x163.jpg 300w, https:\/\/www.worldglasstech.com\/wp-content\/uploads\/2019\/03\/Vietnam-visa-800-768x418.jpg 768w\" sizes=\"(max-width: 612px) 100vw, 612px\" \/><\/a><\/p>\n","protected":false},"excerpt":{"rendered":"<p>Gi\u1ea5y ch\u1ee9ng nh\u1eadn Mi\u1ec5n Th\u1ecb th\u1ef1c Ng\u01b0\u1eddi Vi\u1ec7t Nam \u1edf n\u01b0\u1edbc ngo\u00e0i c\u00f3 c\u01a1 h\u1ed9i xin gi\u1ea5y ch\u1ee9ng nh\u1eadn mi\u1ec5n th\u1ecb th\u1ef1c. Gi\u1ea5y mi\u1ec5n th\u1ecb th\u1ef1c c\u00f3 gi\u00e1 tr\u1ecb d\u00e0i nh\u1ea5t l\u00e0 05 n\u0103m v\u00e0 ng\u1eafn h\u01a1n th\u1eddi h\u1ea1n c\u1ee7a h\u1ed9 chi\u1ebfu ho\u1eb7c gi\u1ea5y t\u1edd c\u01b0 tr\u00fa c\u1ee7a n\u01b0\u1edbc ngo\u00e0i l\u00e0 06 th\u00e1ng. Do v\u1eady, [&hellip;]<\/p>\n","protected":false},"author":2,"featured_media":0,"parent":0,"menu_order":0,"comment_status":"closed","ping_status":"closed","template":"","meta":{"footnotes":""},"yoast_head":"<!-- This site is optimized with the Yoast SEO plugin v23.4 - https:\/\/yoast.com\/wordpress\/plugins\/seo\/ -->\n<title>Th\u1ee7 t\u1ee5c visa<\/title>\n<meta name=\"robots\" content=\"index, follow, max-snippet:-1, max-image-preview:large, max-video-preview:-1\" \/>\n<link rel=\"canonical\" href=\"https:\/\/www.worldglasstech.com\/vi\/visa-request\/\" \/>\n<meta property=\"og:locale\" content=\"vi_VN\" \/>\n<meta property=\"og:locale:alternate\" content=\"en_UK\" \/>\n<meta property=\"og:type\" content=\"article\" \/>\n<meta property=\"og:title\" content=\"Th\u1ee7 t\u1ee5c visa\" \/>\n<meta property=\"og:description\" content=\"Gi\u1ea5y ch\u1ee9ng nh\u1eadn Mi\u1ec5n Th\u1ecb th\u1ef1c Ng\u01b0\u1eddi Vi\u1ec7t Nam \u1edf n\u01b0\u1edbc ngo\u00e0i c\u00f3 c\u01a1 h\u1ed9i xin gi\u1ea5y ch\u1ee9ng nh\u1eadn mi\u1ec5n th\u1ecb th\u1ef1c. Gi\u1ea5y mi\u1ec5n th\u1ecb th\u1ef1c c\u00f3 gi\u00e1 tr\u1ecb d\u00e0i nh\u1ea5t l\u00e0 05 n\u0103m v\u00e0 ng\u1eafn h\u01a1n th\u1eddi h\u1ea1n c\u1ee7a h\u1ed9 chi\u1ebfu ho\u1eb7c gi\u1ea5y t\u1edd c\u01b0 tr\u00fa c\u1ee7a n\u01b0\u1edbc ngo\u00e0i l\u00e0 06 th\u00e1ng. Do v\u1eady, [&hellip;]\" \/>\n<meta property=\"og:url\" content=\"https:\/\/www.worldglasstech.com\/vi\/visa-request\/\" \/>\n<meta property=\"og:site_name\" content=\"World Glasstech Vietnam 2023\" \/>\n<meta property=\"article:modified_time\" content=\"2019-03-06T21:15:34+00:00\" \/>\n<meta property=\"og:image\" content=\"http:\/\/www.worldglasstech.com\/wp-content\/uploads\/2019\/03\/Vietnam-visa-800.jpg\" \/>\n<meta name=\"twitter:card\" content=\"summary_large_image\" \/>\n<meta name=\"twitter:label1\" content=\"\u01af\u1edbc t\u00ednh th\u1eddi gian \u0111\u1ecdc\" \/>\n\t<meta name=\"twitter:data1\" content=\"5 ph\u00fat\" \/>\n<script type=\"application\/ld+json\" class=\"yoast-schema-graph\">{\"@context\":\"https:\/\/schema.org\",\"@graph\":[{\"@type\":\"WebPage\",\"@id\":\"https:\/\/www.worldglasstech.com\/visa-request\/\",\"url\":\"https:\/\/www.worldglasstech.com\/visa-request\/\",\"name\":\"Th\u1ee7 t\u1ee5c visa\",\"isPartOf\":{\"@id\":\"https:\/\/www.worldglasstech.com\/#website\"},\"primaryImageOfPage\":{\"@id\":\"https:\/\/www.worldglasstech.com\/visa-request\/#primaryimage\"},\"image\":{\"@id\":\"https:\/\/www.worldglasstech.com\/visa-request\/#primaryimage\"},\"thumbnailUrl\":\"http:\/\/www.worldglasstech.com\/wp-content\/uploads\/2019\/03\/Vietnam-visa-800.jpg\",\"datePublished\":\"2018-05-28T13:44:57+00:00\",\"dateModified\":\"2019-03-06T21:15:34+00:00\",\"breadcrumb\":{\"@id\":\"https:\/\/www.worldglasstech.com\/visa-request\/#breadcrumb\"},\"inLanguage\":\"vi\",\"potentialAction\":[{\"@type\":\"ReadAction\",\"target\":[\"https:\/\/www.worldglasstech.com\/visa-request\/\"]}]},{\"@type\":\"ImageObject\",\"inLanguage\":\"vi\",\"@id\":\"https:\/\/www.worldglasstech.com\/visa-request\/#primaryimage\",\"url\":\"http:\/\/www.worldglasstech.com\/wp-content\/uploads\/2019\/03\/Vietnam-visa-800.jpg\",\"contentUrl\":\"http:\/\/www.worldglasstech.com\/wp-content\/uploads\/2019\/03\/Vietnam-visa-800.jpg\"},{\"@type\":\"BreadcrumbList\",\"@id\":\"https:\/\/www.worldglasstech.com\/visa-request\/#breadcrumb\",\"itemListElement\":[{\"@type\":\"ListItem\",\"position\":1,\"name\":\"Home\",\"item\":\"https:\/\/www.worldglasstech.com\/\"},{\"@type\":\"ListItem\",\"position\":2,\"name\":\"Visa Request\"}]},{\"@type\":\"WebSite\",\"@id\":\"https:\/\/www.worldglasstech.com\/#website\",\"url\":\"https:\/\/www.worldglasstech.com\/\",\"name\":\"World Glasstech Vietnam 2023\",\"description\":\"\",\"publisher\":{\"@id\":\"https:\/\/www.worldglasstech.com\/#organization\"},\"potentialAction\":[{\"@type\":\"SearchAction\",\"target\":{\"@type\":\"EntryPoint\",\"urlTemplate\":\"https:\/\/www.worldglasstech.com\/?s={search_term_string}\"},\"query-input\":{\"@type\":\"PropertyValueSpecification\",\"valueRequired\":true,\"valueName\":\"search_term_string\"}}],\"inLanguage\":\"vi\"},{\"@type\":\"Organization\",\"@id\":\"https:\/\/www.worldglasstech.com\/#organization\",\"name\":\"World Glasstech Vietnam 2023\",\"url\":\"https:\/\/www.worldglasstech.com\/\",\"logo\":{\"@type\":\"ImageObject\",\"inLanguage\":\"vi\",\"@id\":\"https:\/\/www.worldglasstech.com\/#\/schema\/logo\/image\/\",\"url\":\"https:\/\/www.worldglasstech.com\/wp-content\/uploads\/2023\/04\/cropped-Untitled-design-1-2.jpg\",\"contentUrl\":\"https:\/\/www.worldglasstech.com\/wp-content\/uploads\/2023\/04\/cropped-Untitled-design-1-2.jpg\",\"width\":1427,\"height\":92,\"caption\":\"World Glasstech Vietnam 2023\"},\"image\":{\"@id\":\"https:\/\/www.worldglasstech.com\/#\/schema\/logo\/image\/\"}}]}<\/script>\n<!-- \/ Yoast SEO plugin. -->","yoast_head_json":{"title":"Th\u1ee7 t\u1ee5c visa","robots":{"index":"index","follow":"follow","max-snippet":"max-snippet:-1","max-image-preview":"max-image-preview:large","max-video-preview":"max-video-preview:-1"},"canonical":"https:\/\/www.worldglasstech.com\/vi\/visa-request\/","og_locale":"vi_VN","og_type":"article","og_title":"[:en]Visa Request[:vi]Th\u1ee7 t\u1ee5c visa[:] - World Glasstech Vietnam 2023","og_description":"Gi\u1ea5y ch\u1ee9ng nh\u1eadn Mi\u1ec5n Th\u1ecb th\u1ef1c Ng\u01b0\u1eddi Vi\u1ec7t Nam \u1edf n\u01b0\u1edbc ngo\u00e0i c\u00f3 c\u01a1 h\u1ed9i xin gi\u1ea5y ch\u1ee9ng nh\u1eadn mi\u1ec5n th\u1ecb th\u1ef1c. Gi\u1ea5y mi\u1ec5n th\u1ecb th\u1ef1c c\u00f3 gi\u00e1 tr\u1ecb d\u00e0i nh\u1ea5t l\u00e0 05 n\u0103m v\u00e0 ng\u1eafn h\u01a1n th\u1eddi h\u1ea1n c\u1ee7a h\u1ed9 chi\u1ebfu ho\u1eb7c gi\u1ea5y t\u1edd c\u01b0 tr\u00fa c\u1ee7a n\u01b0\u1edbc ngo\u00e0i l\u00e0 06 th\u00e1ng. Do v\u1eady, [&hellip;]","og_url":"https:\/\/www.worldglasstech.com\/vi\/visa-request\/","og_site_name":"World Glasstech Vietnam 2023","article_modified_time":"2019-03-06T21:15:34+00:00","og_image":[{"url":"http:\/\/www.worldglasstech.com\/wp-content\/uploads\/2019\/03\/Vietnam-visa-800.jpg"}],"twitter_card":"summary_large_image","twitter_misc":{"\u01af\u1edbc t\u00ednh th\u1eddi gian \u0111\u1ecdc":"5 ph\u00fat"},"schema":{"@context":"https:\/\/schema.org","@graph":[{"@type":"WebPage","@id":"https:\/\/www.worldglasstech.com\/visa-request\/","url":"https:\/\/www.worldglasstech.com\/visa-request\/","name":"Th\u1ee7 t\u1ee5c visa","isPartOf":{"@id":"https:\/\/www.worldglasstech.com\/#website"},"primaryImageOfPage":{"@id":"https:\/\/www.worldglasstech.com\/visa-request\/#primaryimage"},"image":{"@id":"https:\/\/www.worldglasstech.com\/visa-request\/#primaryimage"},"thumbnailUrl":"http:\/\/www.worldglasstech.com\/wp-content\/uploads\/2019\/03\/Vietnam-visa-800.jpg","datePublished":"2018-05-28T13:44:57+00:00","dateModified":"2019-03-06T21:15:34+00:00","breadcrumb":{"@id":"https:\/\/www.worldglasstech.com\/visa-request\/#breadcrumb"},"inLanguage":"vi","potentialAction":[{"@type":"ReadAction","target":["https:\/\/www.worldglasstech.com\/visa-request\/"]}]},{"@type":"ImageObject","inLanguage":"vi","@id":"https:\/\/www.worldglasstech.com\/visa-request\/#primaryimage","url":"http:\/\/www.worldglasstech.com\/wp-content\/uploads\/2019\/03\/Vietnam-visa-800.jpg","contentUrl":"http:\/\/www.worldglasstech.com\/wp-content\/uploads\/2019\/03\/Vietnam-visa-800.jpg"},{"@type":"BreadcrumbList","@id":"https:\/\/www.worldglasstech.com\/visa-request\/#breadcrumb","itemListElement":[{"@type":"ListItem","position":1,"name":"Home","item":"https:\/\/www.worldglasstech.com\/"},{"@type":"ListItem","position":2,"name":"Visa Request"}]},{"@type":"WebSite","@id":"https:\/\/www.worldglasstech.com\/#website","url":"https:\/\/www.worldglasstech.com\/","name":"World Glasstech Vietnam 2023","description":"","publisher":{"@id":"https:\/\/www.worldglasstech.com\/#organization"},"potentialAction":[{"@type":"SearchAction","target":{"@type":"EntryPoint","urlTemplate":"https:\/\/www.worldglasstech.com\/?s={search_term_string}"},"query-input":{"@type":"PropertyValueSpecification","valueRequired":true,"valueName":"search_term_string"}}],"inLanguage":"vi"},{"@type":"Organization","@id":"https:\/\/www.worldglasstech.com\/#organization","name":"World Glasstech Vietnam 2023","url":"https:\/\/www.worldglasstech.com\/","logo":{"@type":"ImageObject","inLanguage":"vi","@id":"https:\/\/www.worldglasstech.com\/#\/schema\/logo\/image\/","url":"https:\/\/www.worldglasstech.com\/wp-content\/uploads\/2023\/04\/cropped-Untitled-design-1-2.jpg","contentUrl":"https:\/\/www.worldglasstech.com\/wp-content\/uploads\/2023\/04\/cropped-Untitled-design-1-2.jpg","width":1427,"height":92,"caption":"World Glasstech Vietnam 2023"},"image":{"@id":"https:\/\/www.worldglasstech.com\/#\/schema\/logo\/image\/"}}]}},"_links":{"self":[{"href":"https:\/\/www.worldglasstech.com\/vi\/wp-json\/wp\/v2\/pages\/385"}],"collection":[{"href":"https:\/\/www.worldglasstech.com\/vi\/wp-json\/wp\/v2\/pages"}],"about":[{"href":"https:\/\/www.worldglasstech.com\/vi\/wp-json\/wp\/v2\/types\/page"}],"author":[{"embeddable":true,"href":"https:\/\/www.worldglasstech.com\/vi\/wp-json\/wp\/v2\/users\/2"}],"replies":[{"embeddable":true,"href":"https:\/\/www.worldglasstech.com\/vi\/wp-json\/wp\/v2\/comments?post=385"}],"version-history":[{"count":11,"href":"https:\/\/www.worldglasstech.com\/vi\/wp-json\/wp\/v2\/pages\/385\/revisions"}],"predecessor-version":[{"id":1812,"href":"https:\/\/www.worldglasstech.com\/vi\/wp-json\/wp\/v2\/pages\/385\/revisions\/1812"}],"wp:attachment":[{"href":"https:\/\/www.worldglasstech.com\/vi\/wp-json\/wp\/v2\/media?parent=385"}],"curies":[{"name":"wp","href":"https:\/\/api.w.org\/{rel}","templated":true}]}}