{"id":382,"date":"2018-05-28T13:43:26","date_gmt":"2018-05-28T13:43:26","guid":{"rendered":"http:\/\/www.worldglasstech.com\/?page_id=382"},"modified":"2023-09-21T20:44:02","modified_gmt":"2023-09-21T20:44:02","slug":"registration","status":"publish","type":"page","link":"https:\/\/www.worldglasstech.com\/vi\/registration\/","title":{"rendered":"\u0110\u0103ng k\u00fd"},"content":{"rendered":"<div id=\"pl-382\"  class=\"panel-layout\" ><div id=\"pg-382-0\"  class=\"panel-grid panel-no-style\" ><div id=\"pgc-382-0-0\"  class=\"panel-grid-cell\" ><div id=\"panel-382-0-0-0\" class=\"so-panel widget widget_text panel-first-child panel-last-child\" data-index=\"0\" ><h3 class=\"widget-title\">\u0110\u0103ng k\u00fd tham d\u1ef1 Tri\u1ec3n l\u00e3m<\/h3>\t\t\t<div class=\"textwidget\"><p>&nbsp;<\/p>\n<p><a href=\"https:\/\/jinshuju.net\/f\/muJMQ4\" target=\"_blank\" rel=\"noopener\"><img loading=\"lazy\" decoding=\"async\" class=\"alignnone wp-image-2282\" src=\"http:\/\/www.worldglasstech.com\/wp-content\/uploads\/2023\/05\/exhibitor-vietnam-300x300.jpg\" alt=\"\" width=\"218\" height=\"218\" srcset=\"https:\/\/www.worldglasstech.com\/wp-content\/uploads\/2023\/05\/exhibitor-vietnam-300x300.jpg 300w, https:\/\/www.worldglasstech.com\/wp-content\/uploads\/2023\/05\/exhibitor-vietnam-150x150.jpg 150w, https:\/\/www.worldglasstech.com\/wp-content\/uploads\/2023\/05\/exhibitor-vietnam.jpg 500w\" sizes=\"(max-width: 218px) 100vw, 218px\" \/><\/a>\u00a0 \u00a0 \u00a0 \u00a0 \u00a0\u00a0<a href=\"https:\/\/jinshuju.net\/f\/TgzqFo\" target=\"_blank\" rel=\"noopener\"><img loading=\"lazy\" decoding=\"async\" class=\"alignnone wp-image-2283\" src=\"http:\/\/www.worldglasstech.com\/wp-content\/uploads\/2023\/05\/speaker-vietnam-300x300.jpg\" alt=\"\" width=\"218\" height=\"218\" srcset=\"https:\/\/www.worldglasstech.com\/wp-content\/uploads\/2023\/05\/speaker-vietnam-300x300.jpg 300w, https:\/\/www.worldglasstech.com\/wp-content\/uploads\/2023\/05\/speaker-vietnam-150x150.jpg 150w, https:\/\/www.worldglasstech.com\/wp-content\/uploads\/2023\/05\/speaker-vietnam.jpg 500w\" sizes=\"(max-width: 218px) 100vw, 218px\" \/><\/a>\u00a0 \u00a0 \u00a0 \u00a0 <a href=\"http:\/\/crm.ytgroup.ca\/survey\/index.html?questId=cc8b145acc974e7f9be2ae453dcd9fc2\" target=\"_blank\" rel=\"noopener\"><img loading=\"lazy\" decoding=\"async\" class=\"alignnone wp-image-2284\" src=\"http:\/\/www.worldglasstech.com\/wp-content\/uploads\/2023\/05\/visitor-vietnam-300x300.jpg\" alt=\"\" width=\"217\" height=\"217\" srcset=\"https:\/\/www.worldglasstech.com\/wp-content\/uploads\/2023\/05\/visitor-vietnam-300x300.jpg 300w, https:\/\/www.worldglasstech.com\/wp-content\/uploads\/2023\/05\/visitor-vietnam-150x150.jpg 150w, https:\/\/www.worldglasstech.com\/wp-content\/uploads\/2023\/05\/visitor-vietnam.jpg 500w\" sizes=\"(max-width: 217px) 100vw, 217px\" \/><\/a><\/p>\n<p>&nbsp;<\/p>\n<p><strong>Th\u1ebb kh\u00e1ch truy c\u1eadp v\u00e0 \u0111\u0103ng k\u00fd<\/strong><\/p>\n<p><strong>C\u00e1ch nh\u1eadn th\u1ebb tham quan World Glasstech Vietnam 2023<\/strong><\/p>\n<p>&#8211; V\u00e9 v\u00e0o c\u1eeda mi\u1ec5n ph\u00ed v\u1edbi qu\u00e0 t\u1eb7ng d\u00e0nh cho kh\u00e1ch \u0111\u0103ng k\u00fd tr\u1ef1c tuy\u1ebfn tr\u01b0\u1edbc th\u00e1ng 8. 31, 2023. (ch\u1ec9 d\u00e0nh cho kh\u00e1ch truy c\u1eadp chuy\u00ean nghi\u1ec7p)<\/p>\n<p>&#8211; V\u00e9 v\u00e0o c\u1eeda mi\u1ec5n ph\u00ed \u0111\u0103ng k\u00fd tr\u1ef1c tuy\u1ebfn m\u00e0 kh\u00f4ng c\u00f3 qu\u00e0 t\u1eb7ng d\u00e0nh cho kh\u00e1ch truy c\u1eadp sau ng\u00e0y 1 th\u00e1ng 9 n\u0103m 2023.<\/p>\n<p>Kh\u00e1ch \u0111\u0103ng k\u00fd tr\u1ef1c tuy\u1ebfn vui l\u00f2ng nh\u1eadn th\u1ebb t\u1ea1i qu\u1ea7y \u0110\u0103ng k\u00fd tr\u01b0\u1edbc d\u00e0nh cho kh\u00e1ch.<\/p>\n<p>&nbsp;<\/p>\n<\/div>\n\t\t<\/div><\/div><\/div><\/div>","protected":false},"excerpt":{"rendered":"<p>&nbsp; \u00a0 \u00a0 \u00a0 \u00a0 \u00a0\u00a0\u00a0 \u00a0 \u00a0 \u00a0 &nbsp; Th\u1ebb kh\u00e1ch truy c\u1eadp v\u00e0 \u0111\u0103ng k\u00fd C\u00e1ch nh\u1eadn th\u1ebb tham quan World Glasstech Vietnam 2023 &#8211; V\u00e9 v\u00e0o c\u1eeda mi\u1ec5n ph\u00ed v\u1edbi qu\u00e0 t\u1eb7ng d\u00e0nh cho kh\u00e1ch \u0111\u0103ng k\u00fd tr\u1ef1c tuy\u1ebfn tr\u01b0\u1edbc th\u00e1ng 8. 31, 2023. (ch\u1ec9 d\u00e0nh cho kh\u00e1ch truy c\u1eadp chuy\u00ean nghi\u1ec7p) [&hellip;]<\/p>\n","protected":false},"author":2,"featured_media":0,"parent":0,"menu_order":0,"comment_status":"closed","ping_status":"closed","template":"","meta":{"footnotes":""},"yoast_head":"<!-- This site is optimized with the Yoast SEO plugin v23.4 - https:\/\/yoast.com\/wordpress\/plugins\/seo\/ -->\n<title>\u0110\u0103ng k\u00fd<\/title>\n<meta name=\"description\" content=\"V\u00e9 th\u0103m quan Tri\u1ec3n l\u00e3m Qu\u1ed1c t\u1ebf C\u00f4ng ngh\u1ec7 K\u00ednh v\u00e0 C\u1eeda s\u1ed5 World Glasstech Vietnam 2019. Mi\u1ec5n ph\u00ed v\u00e9 v\u00e0 nh\u1eadn qu\u00e0 t\u1eb7ng khi \u0111\u0103ng k\u00fd tr\u01b0\u1edbc 28\/2\/2019\" \/>\n<meta name=\"robots\" content=\"index, follow, max-snippet:-1, max-image-preview:large, max-video-preview:-1\" \/>\n<link rel=\"canonical\" href=\"https:\/\/www.worldglasstech.com\/vi\/registration\/\" \/>\n<meta property=\"og:locale\" content=\"vi_VN\" \/>\n<meta property=\"og:locale:alternate\" content=\"en_UK\" \/>\n<meta property=\"og:type\" content=\"article\" \/>\n<meta property=\"og:title\" content=\"\u0110\u0103ng k\u00fd\" \/>\n<meta property=\"og:description\" content=\"&nbsp; \u00a0 \u00a0 \u00a0 \u00a0 \u00a0\u00a0\u00a0 \u00a0 \u00a0 \u00a0 &nbsp; Th\u1ebb kh\u00e1ch truy c\u1eadp v\u00e0 \u0111\u0103ng k\u00fd C\u00e1ch nh\u1eadn th\u1ebb tham quan World Glasstech Vietnam 2023 - V\u00e9 v\u00e0o c\u1eeda mi\u1ec5n ph\u00ed v\u1edbi qu\u00e0 t\u1eb7ng d\u00e0nh cho kh\u00e1ch \u0111\u0103ng k\u00fd tr\u1ef1c tuy\u1ebfn tr\u01b0\u1edbc th\u00e1ng 8. 31, 2023. (ch\u1ec9 d\u00e0nh cho kh\u00e1ch truy c\u1eadp chuy\u00ean nghi\u1ec7p) [&hellip;]\" \/>\n<meta property=\"og:url\" content=\"https:\/\/www.worldglasstech.com\/vi\/registration\/\" \/>\n<meta property=\"og:site_name\" content=\"World Glasstech Vietnam 2023\" \/>\n<meta property=\"article:modified_time\" content=\"2023-09-21T20:44:02+00:00\" \/>\n<meta property=\"og:image\" content=\"http:\/\/www.worldglasstech.com\/wp-content\/uploads\/2023\/05\/exhibitor-vietnam-300x300.jpg\" \/>\n<meta name=\"twitter:card\" content=\"summary_large_image\" \/>\n<meta name=\"twitter:label1\" content=\"\u01af\u1edbc t\u00ednh th\u1eddi gian \u0111\u1ecdc\" \/>\n\t<meta name=\"twitter:data1\" content=\"1 ph\u00fat\" \/>\n<script type=\"application\/ld+json\" class=\"yoast-schema-graph\">{\"@context\":\"https:\/\/schema.org\",\"@graph\":[{\"@type\":\"WebPage\",\"@id\":\"https:\/\/www.worldglasstech.com\/registration\/\",\"url\":\"https:\/\/www.worldglasstech.com\/registration\/\",\"name\":\"\u0110\u0103ng k\u00fd\",\"isPartOf\":{\"@id\":\"https:\/\/www.worldglasstech.com\/#website\"},\"primaryImageOfPage\":{\"@id\":\"https:\/\/www.worldglasstech.com\/registration\/#primaryimage\"},\"image\":{\"@id\":\"https:\/\/www.worldglasstech.com\/registration\/#primaryimage\"},\"thumbnailUrl\":\"http:\/\/www.worldglasstech.com\/wp-content\/uploads\/2023\/05\/exhibitor-vietnam-300x300.jpg\",\"datePublished\":\"2018-05-28T13:43:26+00:00\",\"dateModified\":\"2023-09-21T20:44:02+00:00\",\"breadcrumb\":{\"@id\":\"https:\/\/www.worldglasstech.com\/registration\/#breadcrumb\"},\"inLanguage\":\"vi\",\"potentialAction\":[{\"@type\":\"ReadAction\",\"target\":[\"https:\/\/www.worldglasstech.com\/registration\/\"]}]},{\"@type\":\"ImageObject\",\"inLanguage\":\"vi\",\"@id\":\"https:\/\/www.worldglasstech.com\/registration\/#primaryimage\",\"url\":\"http:\/\/www.worldglasstech.com\/wp-content\/uploads\/2023\/05\/exhibitor-vietnam-300x300.jpg\",\"contentUrl\":\"http:\/\/www.worldglasstech.com\/wp-content\/uploads\/2023\/05\/exhibitor-vietnam-300x300.jpg\"},{\"@type\":\"BreadcrumbList\",\"@id\":\"https:\/\/www.worldglasstech.com\/registration\/#breadcrumb\",\"itemListElement\":[{\"@type\":\"ListItem\",\"position\":1,\"name\":\"Home\",\"item\":\"https:\/\/www.worldglasstech.com\/\"},{\"@type\":\"ListItem\",\"position\":2,\"name\":\"Registration\"}]},{\"@type\":\"WebSite\",\"@id\":\"https:\/\/www.worldglasstech.com\/#website\",\"url\":\"https:\/\/www.worldglasstech.com\/\",\"name\":\"World Glasstech Vietnam 2023\",\"description\":\"\",\"publisher\":{\"@id\":\"https:\/\/www.worldglasstech.com\/#organization\"},\"potentialAction\":[{\"@type\":\"SearchAction\",\"target\":{\"@type\":\"EntryPoint\",\"urlTemplate\":\"https:\/\/www.worldglasstech.com\/?s={search_term_string}\"},\"query-input\":{\"@type\":\"PropertyValueSpecification\",\"valueRequired\":true,\"valueName\":\"search_term_string\"}}],\"inLanguage\":\"vi\"},{\"@type\":\"Organization\",\"@id\":\"https:\/\/www.worldglasstech.com\/#organization\",\"name\":\"World Glasstech Vietnam 2023\",\"url\":\"https:\/\/www.worldglasstech.com\/\",\"logo\":{\"@type\":\"ImageObject\",\"inLanguage\":\"vi\",\"@id\":\"https:\/\/www.worldglasstech.com\/#\/schema\/logo\/image\/\",\"url\":\"https:\/\/www.worldglasstech.com\/wp-content\/uploads\/2023\/04\/cropped-Untitled-design-1-2.jpg\",\"contentUrl\":\"https:\/\/www.worldglasstech.com\/wp-content\/uploads\/2023\/04\/cropped-Untitled-design-1-2.jpg\",\"width\":1427,\"height\":92,\"caption\":\"World Glasstech Vietnam 2023\"},\"image\":{\"@id\":\"https:\/\/www.worldglasstech.com\/#\/schema\/logo\/image\/\"}}]}<\/script>\n<!-- \/ Yoast SEO plugin. -->","yoast_head_json":{"title":"\u0110\u0103ng k\u00fd","description":"V\u00e9 th\u0103m quan Tri\u1ec3n l\u00e3m Qu\u1ed1c t\u1ebf C\u00f4ng ngh\u1ec7 K\u00ednh v\u00e0 C\u1eeda s\u1ed5 World Glasstech Vietnam 2019. Mi\u1ec5n ph\u00ed v\u00e9 v\u00e0 nh\u1eadn qu\u00e0 t\u1eb7ng khi \u0111\u0103ng k\u00fd tr\u01b0\u1edbc 28\/2\/2019","robots":{"index":"index","follow":"follow","max-snippet":"max-snippet:-1","max-image-preview":"max-image-preview:large","max-video-preview":"max-video-preview:-1"},"canonical":"https:\/\/www.worldglasstech.com\/vi\/registration\/","og_locale":"vi_VN","og_type":"article","og_title":"[:en]Registration[:vi]\u0110\u0103ng k\u00fd[:] - World Glasstech Vietnam 2023","og_description":"&nbsp; \u00a0 \u00a0 \u00a0 \u00a0 \u00a0\u00a0\u00a0 \u00a0 \u00a0 \u00a0 &nbsp; Th\u1ebb kh\u00e1ch truy c\u1eadp v\u00e0 \u0111\u0103ng k\u00fd C\u00e1ch nh\u1eadn th\u1ebb tham quan World Glasstech Vietnam 2023 - V\u00e9 v\u00e0o c\u1eeda mi\u1ec5n ph\u00ed v\u1edbi qu\u00e0 t\u1eb7ng d\u00e0nh cho kh\u00e1ch \u0111\u0103ng k\u00fd tr\u1ef1c tuy\u1ebfn tr\u01b0\u1edbc th\u00e1ng 8. 31, 2023. (ch\u1ec9 d\u00e0nh cho kh\u00e1ch truy c\u1eadp chuy\u00ean nghi\u1ec7p) [&hellip;]","og_url":"https:\/\/www.worldglasstech.com\/vi\/registration\/","og_site_name":"World Glasstech Vietnam 2023","article_modified_time":"2023-09-21T20:44:02+00:00","og_image":[{"url":"http:\/\/www.worldglasstech.com\/wp-content\/uploads\/2023\/05\/exhibitor-vietnam-300x300.jpg"}],"twitter_card":"summary_large_image","twitter_misc":{"\u01af\u1edbc t\u00ednh th\u1eddi gian \u0111\u1ecdc":"1 ph\u00fat"},"schema":{"@context":"https:\/\/schema.org","@graph":[{"@type":"WebPage","@id":"https:\/\/www.worldglasstech.com\/registration\/","url":"https:\/\/www.worldglasstech.com\/registration\/","name":"\u0110\u0103ng k\u00fd","isPartOf":{"@id":"https:\/\/www.worldglasstech.com\/#website"},"primaryImageOfPage":{"@id":"https:\/\/www.worldglasstech.com\/registration\/#primaryimage"},"image":{"@id":"https:\/\/www.worldglasstech.com\/registration\/#primaryimage"},"thumbnailUrl":"http:\/\/www.worldglasstech.com\/wp-content\/uploads\/2023\/05\/exhibitor-vietnam-300x300.jpg","datePublished":"2018-05-28T13:43:26+00:00","dateModified":"2023-09-21T20:44:02+00:00","breadcrumb":{"@id":"https:\/\/www.worldglasstech.com\/registration\/#breadcrumb"},"inLanguage":"vi","potentialAction":[{"@type":"ReadAction","target":["https:\/\/www.worldglasstech.com\/registration\/"]}]},{"@type":"ImageObject","inLanguage":"vi","@id":"https:\/\/www.worldglasstech.com\/registration\/#primaryimage","url":"http:\/\/www.worldglasstech.com\/wp-content\/uploads\/2023\/05\/exhibitor-vietnam-300x300.jpg","contentUrl":"http:\/\/www.worldglasstech.com\/wp-content\/uploads\/2023\/05\/exhibitor-vietnam-300x300.jpg"},{"@type":"BreadcrumbList","@id":"https:\/\/www.worldglasstech.com\/registration\/#breadcrumb","itemListElement":[{"@type":"ListItem","position":1,"name":"Home","item":"https:\/\/www.worldglasstech.com\/"},{"@type":"ListItem","position":2,"name":"Registration"}]},{"@type":"WebSite","@id":"https:\/\/www.worldglasstech.com\/#website","url":"https:\/\/www.worldglasstech.com\/","name":"World Glasstech Vietnam 2023","description":"","publisher":{"@id":"https:\/\/www.worldglasstech.com\/#organization"},"potentialAction":[{"@type":"SearchAction","target":{"@type":"EntryPoint","urlTemplate":"https:\/\/www.worldglasstech.com\/?s={search_term_string}"},"query-input":{"@type":"PropertyValueSpecification","valueRequired":true,"valueName":"search_term_string"}}],"inLanguage":"vi"},{"@type":"Organization","@id":"https:\/\/www.worldglasstech.com\/#organization","name":"World Glasstech Vietnam 2023","url":"https:\/\/www.worldglasstech.com\/","logo":{"@type":"ImageObject","inLanguage":"vi","@id":"https:\/\/www.worldglasstech.com\/#\/schema\/logo\/image\/","url":"https:\/\/www.worldglasstech.com\/wp-content\/uploads\/2023\/04\/cropped-Untitled-design-1-2.jpg","contentUrl":"https:\/\/www.worldglasstech.com\/wp-content\/uploads\/2023\/04\/cropped-Untitled-design-1-2.jpg","width":1427,"height":92,"caption":"World Glasstech Vietnam 2023"},"image":{"@id":"https:\/\/www.worldglasstech.com\/#\/schema\/logo\/image\/"}}]}},"_links":{"self":[{"href":"https:\/\/www.worldglasstech.com\/vi\/wp-json\/wp\/v2\/pages\/382"}],"collection":[{"href":"https:\/\/www.worldglasstech.com\/vi\/wp-json\/wp\/v2\/pages"}],"about":[{"href":"https:\/\/www.worldglasstech.com\/vi\/wp-json\/wp\/v2\/types\/page"}],"author":[{"embeddable":true,"href":"https:\/\/www.worldglasstech.com\/vi\/wp-json\/wp\/v2\/users\/2"}],"replies":[{"embeddable":true,"href":"https:\/\/www.worldglasstech.com\/vi\/wp-json\/wp\/v2\/comments?post=382"}],"version-history":[{"count":67,"href":"https:\/\/www.worldglasstech.com\/vi\/wp-json\/wp\/v2\/pages\/382\/revisions"}],"predecessor-version":[{"id":2338,"href":"https:\/\/www.worldglasstech.com\/vi\/wp-json\/wp\/v2\/pages\/382\/revisions\/2338"}],"wp:attachment":[{"href":"https:\/\/www.worldglasstech.com\/vi\/wp-json\/wp\/v2\/media?parent=382"}],"curies":[{"name":"wp","href":"https:\/\/api.w.org\/{rel}","templated":true}]}}