{"id":379,"date":"2018-05-28T13:41:46","date_gmt":"2018-05-28T13:41:46","guid":{"rendered":"http:\/\/www.worldglasstech.com\/?page_id=379"},"modified":"2023-09-04T03:26:59","modified_gmt":"2023-09-04T03:26:59","slug":"why-visit","status":"publish","type":"page","link":"https:\/\/www.worldglasstech.com\/vi\/why-visit\/","title":{"rendered":"L\u00fd do tham quan"},"content":{"rendered":"<div id=\"pl-379\"  class=\"panel-layout\" ><div id=\"pg-379-0\"  class=\"panel-grid panel-no-style\" ><div id=\"pgc-379-0-0\"  class=\"panel-grid-cell\" ><div id=\"panel-379-0-0-0\" class=\"so-panel widget widget_text panel-first-child panel-last-child\" data-index=\"0\" ><h3 class=\"widget-title\">L\u00fd do th\u0103m quan<\/h3>\t\t\t<div class=\"textwidget\"><ul>\n<li>1. Tri\u1ec3n l\u00e3m Qu\u1ed1c t\u1ebf v\u1ec1 C\u00f4ng ngh\u1ec7 K\u00ednh v\u00e0 Th\u1ee7y tinh Vi\u1ec7t Nam \u2013 World Glasstech Vietnam l\u00e0 tri\u1ec3n l\u00e3m duy nh\u1ea5t cho ng\u00e0nh k\u00ednh v\u00e0 th\u1ee7y tinh t\u1ea1i Vi\u1ec7t Nam.<\/li>\n<li>2. \u0110\u1ebfn th\u0103m quan, b\u1ea1n s\u1ebd c\u00f3 c\u01a1 h\u1ed9i g\u1eb7p g\u1ee1, th\u0103m quan tr\u00ean 200 gian h\u00e0ng.<\/li>\n<li>3. L\u00e0 c\u01a1 h\u1ed9i k\u1ebft n\u1ed1i v\u1edbi nh\u1eefng ng\u01b0\u1eddi b\u00e1n v\u00e0 mua trong ng\u00e0nh k\u00ednh v\u00e0 th\u1ee7y tinh th\u1ebf gi\u1edbi<\/li>\n<li>4. Th\u1ee7y tinh v\u00e0 chai l\u1ecd l\u00e0 m\u1ea3ng m\u1edbi t\u1ea1i tri\u1ec3n l\u00e3m 2023, h\u1ee9a h\u1eb9n s\u1ebd \u0111\u01b0\u1ee3c t\u1eadp trung v\u00e0 quan t\u00e2m t\u1ea1i tri\u00ean l\u00e3m l\u1ea7n n\u00e0y<\/li>\n<li>5. Tri\u1ec3n l\u00e3m Qu\u1ed1c t\u1ebf C\u00f4ng ngh\u1ec7 K\u00ednh v\u00e0 Th\u1ee7y tinh Vi\u1ec7t Nam \u2013 World Glasstech Vietnam s\u1ebd \u0111\u01b0\u1ee3c t\u1ed5 ch\u1ee9c v\u00e0o 14-16 th\u00e1ng 12 n\u0103m 2023. v\u00e0 d\u1ef1 ki\u1ebfn \u0111\u00f3n h\u00e0ng ng\u00e0n l\u01b0\u1ee3t kh\u00e1ch kh\u00e1c nhau, h\u1ea7u h\u1ebft l\u00e0 c\u00e1c doanh nghi\u1ec7p, chuy\u00ean gia trong l\u0129nh v\u1ef1c k\u00ednh v\u00e0 th\u1ee7y tinh t\u1ea1i Vi\u1ec7t Nam c\u0169ng nh\u01b0 th\u1ebf gi\u1edbi.<\/li>\n<li>6. Tri\u1ec3n l\u00e3m Qu\u1ed1c t\u1ebf C\u00f4ng ngh\u1ec7 K\u00ednh v\u00e0 Th\u1ee7y tinh Vi\u1ec7t Nam \u2013 World Glasstech Vietnam l\u00e0 m\u1ed9t trong nh\u1eefng tri\u1ec3n l\u00e3m chuy\u00ean nghi\u1ec7p nh\u1ea5t cho ng\u00e0nh k\u00ednh v\u00e0 th\u1ee7y tinh khu v\u1ef1c \u0110\u00f4ng \u00c1, l\u00e0 s\u1ef1 ki\u1ec7n duy nh\u1ea5t t\u1ea1i Vi\u1ec7t Nam. V\u1edbi ti\u1ec1m n\u0103ng c\u1ee7a m\u1ed9t th\u1ecb tr\u01b0\u1eddng \u0111ang ph\u00e1t tri\u1ec3n, kinh t\u1ebf c\u0169ng x\u00e2y d\u1ef1ng n\u1edf r\u1ed9, Vi\u1ec7t Nam l\u00e0 m\u1ed9t m\u1ea3nh \u0111\u1ea5t nh\u1eadn \u0111\u01b0\u1ee3c nhi\u1ec1u quan t\u00e2m c\u1ee7a c\u00e1c doanh nghi\u1ec7p trong ng\u00e0nh k\u00ednh v\u00e0 th\u1ee7y tinh trong khu v\u1ef1c c\u0169ng nh\u01b0 tr\u00ean th\u1ebf gi\u1edbi.<\/li>\n<\/ul>\n<\/div>\n\t\t<\/div><\/div><\/div><\/div>","protected":false},"excerpt":{"rendered":"<p>1. Tri\u1ec3n l\u00e3m Qu\u1ed1c t\u1ebf v\u1ec1 C\u00f4ng ngh\u1ec7 K\u00ednh v\u00e0 Th\u1ee7y tinh Vi\u1ec7t Nam \u2013 World Glasstech Vietnam l\u00e0 tri\u1ec3n l\u00e3m duy nh\u1ea5t cho ng\u00e0nh k\u00ednh v\u00e0 th\u1ee7y tinh t\u1ea1i Vi\u1ec7t Nam. 2. \u0110\u1ebfn th\u0103m quan, b\u1ea1n s\u1ebd c\u00f3 c\u01a1 h\u1ed9i g\u1eb7p g\u1ee1, th\u0103m quan tr\u00ean 200 gian h\u00e0ng. 3. L\u00e0 c\u01a1 h\u1ed9i k\u1ebft n\u1ed1i [&hellip;]<\/p>\n","protected":false},"author":2,"featured_media":0,"parent":0,"menu_order":0,"comment_status":"closed","ping_status":"closed","template":"","meta":{"footnotes":""},"yoast_head":"<!-- This site is optimized with the Yoast SEO plugin v23.4 - https:\/\/yoast.com\/wordpress\/plugins\/seo\/ -->\n<title>L\u00fd do tham quan<\/title>\n<meta name=\"description\" content=\"Benefits for visitors when visit Vietnam and World Glasstech Vietnam 2019: Participate, View, Network, Gain, Grab opportunities.\" \/>\n<meta name=\"robots\" content=\"index, follow, max-snippet:-1, max-image-preview:large, max-video-preview:-1\" \/>\n<link rel=\"canonical\" href=\"https:\/\/www.worldglasstech.com\/vi\/why-visit\/\" \/>\n<meta property=\"og:locale\" content=\"vi_VN\" \/>\n<meta property=\"og:locale:alternate\" content=\"en_UK\" \/>\n<meta property=\"og:type\" content=\"article\" \/>\n<meta property=\"og:title\" content=\"L\u00fd do tham quan\" \/>\n<meta property=\"og:description\" content=\"Benefits for visitors when visit Vietnam and World Glasstech Vietnam 2019: Participate, View, Network, Gain, Grab opportunities.\" \/>\n<meta property=\"og:url\" content=\"https:\/\/www.worldglasstech.com\/vi\/why-visit\/\" \/>\n<meta property=\"og:site_name\" content=\"World Glasstech Vietnam 2023\" \/>\n<meta property=\"article:modified_time\" content=\"2023-09-04T03:26:59+00:00\" \/>\n<meta name=\"twitter:card\" content=\"summary_large_image\" \/>\n<meta name=\"twitter:label1\" content=\"\u01af\u1edbc t\u00ednh th\u1eddi gian \u0111\u1ecdc\" \/>\n\t<meta name=\"twitter:data1\" content=\"2 ph\u00fat\" \/>\n<script type=\"application\/ld+json\" class=\"yoast-schema-graph\">{\"@context\":\"https:\/\/schema.org\",\"@graph\":[{\"@type\":\"WebPage\",\"@id\":\"https:\/\/www.worldglasstech.com\/why-visit\/\",\"url\":\"https:\/\/www.worldglasstech.com\/why-visit\/\",\"name\":\"L\u00fd do tham quan\",\"isPartOf\":{\"@id\":\"https:\/\/www.worldglasstech.com\/#website\"},\"datePublished\":\"2018-05-28T13:41:46+00:00\",\"dateModified\":\"2023-09-04T03:26:59+00:00\",\"description\":\"Benefits for visitors when visit Vietnam and World Glasstech Vietnam 2019: Participate, View, Network, Gain, Grab opportunities.\",\"breadcrumb\":{\"@id\":\"https:\/\/www.worldglasstech.com\/why-visit\/#breadcrumb\"},\"inLanguage\":\"vi\",\"potentialAction\":[{\"@type\":\"ReadAction\",\"target\":[\"https:\/\/www.worldglasstech.com\/why-visit\/\"]}]},{\"@type\":\"BreadcrumbList\",\"@id\":\"https:\/\/www.worldglasstech.com\/why-visit\/#breadcrumb\",\"itemListElement\":[{\"@type\":\"ListItem\",\"position\":1,\"name\":\"Home\",\"item\":\"https:\/\/www.worldglasstech.com\/\"},{\"@type\":\"ListItem\",\"position\":2,\"name\":\"Why Visit?\"}]},{\"@type\":\"WebSite\",\"@id\":\"https:\/\/www.worldglasstech.com\/#website\",\"url\":\"https:\/\/www.worldglasstech.com\/\",\"name\":\"World Glasstech Vietnam 2023\",\"description\":\"\",\"publisher\":{\"@id\":\"https:\/\/www.worldglasstech.com\/#organization\"},\"potentialAction\":[{\"@type\":\"SearchAction\",\"target\":{\"@type\":\"EntryPoint\",\"urlTemplate\":\"https:\/\/www.worldglasstech.com\/?s={search_term_string}\"},\"query-input\":{\"@type\":\"PropertyValueSpecification\",\"valueRequired\":true,\"valueName\":\"search_term_string\"}}],\"inLanguage\":\"vi\"},{\"@type\":\"Organization\",\"@id\":\"https:\/\/www.worldglasstech.com\/#organization\",\"name\":\"World Glasstech Vietnam 2023\",\"url\":\"https:\/\/www.worldglasstech.com\/\",\"logo\":{\"@type\":\"ImageObject\",\"inLanguage\":\"vi\",\"@id\":\"https:\/\/www.worldglasstech.com\/#\/schema\/logo\/image\/\",\"url\":\"https:\/\/www.worldglasstech.com\/wp-content\/uploads\/2023\/04\/cropped-Untitled-design-1-2.jpg\",\"contentUrl\":\"https:\/\/www.worldglasstech.com\/wp-content\/uploads\/2023\/04\/cropped-Untitled-design-1-2.jpg\",\"width\":1427,\"height\":92,\"caption\":\"World Glasstech Vietnam 2023\"},\"image\":{\"@id\":\"https:\/\/www.worldglasstech.com\/#\/schema\/logo\/image\/\"}}]}<\/script>\n<!-- \/ Yoast SEO plugin. -->","yoast_head_json":{"title":"L\u00fd do tham quan","description":"Benefits for visitors when visit Vietnam and World Glasstech Vietnam 2019: Participate, View, Network, Gain, Grab opportunities.","robots":{"index":"index","follow":"follow","max-snippet":"max-snippet:-1","max-image-preview":"max-image-preview:large","max-video-preview":"max-video-preview:-1"},"canonical":"https:\/\/www.worldglasstech.com\/vi\/why-visit\/","og_locale":"vi_VN","og_type":"article","og_title":"[:en]Why Visit?[:vi]L\u00fd do tham quan[:] - World Glasstech Vietnam 2023","og_description":"Benefits for visitors when visit Vietnam and World Glasstech Vietnam 2019: Participate, View, Network, Gain, Grab opportunities.","og_url":"https:\/\/www.worldglasstech.com\/vi\/why-visit\/","og_site_name":"World Glasstech Vietnam 2023","article_modified_time":"2023-09-04T03:26:59+00:00","twitter_card":"summary_large_image","twitter_misc":{"\u01af\u1edbc t\u00ednh th\u1eddi gian \u0111\u1ecdc":"2 ph\u00fat"},"schema":{"@context":"https:\/\/schema.org","@graph":[{"@type":"WebPage","@id":"https:\/\/www.worldglasstech.com\/why-visit\/","url":"https:\/\/www.worldglasstech.com\/why-visit\/","name":"L\u00fd do tham quan","isPartOf":{"@id":"https:\/\/www.worldglasstech.com\/#website"},"datePublished":"2018-05-28T13:41:46+00:00","dateModified":"2023-09-04T03:26:59+00:00","description":"Benefits for visitors when visit Vietnam and World Glasstech Vietnam 2019: Participate, View, Network, Gain, Grab opportunities.","breadcrumb":{"@id":"https:\/\/www.worldglasstech.com\/why-visit\/#breadcrumb"},"inLanguage":"vi","potentialAction":[{"@type":"ReadAction","target":["https:\/\/www.worldglasstech.com\/why-visit\/"]}]},{"@type":"BreadcrumbList","@id":"https:\/\/www.worldglasstech.com\/why-visit\/#breadcrumb","itemListElement":[{"@type":"ListItem","position":1,"name":"Home","item":"https:\/\/www.worldglasstech.com\/"},{"@type":"ListItem","position":2,"name":"Why Visit?"}]},{"@type":"WebSite","@id":"https:\/\/www.worldglasstech.com\/#website","url":"https:\/\/www.worldglasstech.com\/","name":"World Glasstech Vietnam 2023","description":"","publisher":{"@id":"https:\/\/www.worldglasstech.com\/#organization"},"potentialAction":[{"@type":"SearchAction","target":{"@type":"EntryPoint","urlTemplate":"https:\/\/www.worldglasstech.com\/?s={search_term_string}"},"query-input":{"@type":"PropertyValueSpecification","valueRequired":true,"valueName":"search_term_string"}}],"inLanguage":"vi"},{"@type":"Organization","@id":"https:\/\/www.worldglasstech.com\/#organization","name":"World Glasstech Vietnam 2023","url":"https:\/\/www.worldglasstech.com\/","logo":{"@type":"ImageObject","inLanguage":"vi","@id":"https:\/\/www.worldglasstech.com\/#\/schema\/logo\/image\/","url":"https:\/\/www.worldglasstech.com\/wp-content\/uploads\/2023\/04\/cropped-Untitled-design-1-2.jpg","contentUrl":"https:\/\/www.worldglasstech.com\/wp-content\/uploads\/2023\/04\/cropped-Untitled-design-1-2.jpg","width":1427,"height":92,"caption":"World Glasstech Vietnam 2023"},"image":{"@id":"https:\/\/www.worldglasstech.com\/#\/schema\/logo\/image\/"}}]}},"_links":{"self":[{"href":"https:\/\/www.worldglasstech.com\/vi\/wp-json\/wp\/v2\/pages\/379"}],"collection":[{"href":"https:\/\/www.worldglasstech.com\/vi\/wp-json\/wp\/v2\/pages"}],"about":[{"href":"https:\/\/www.worldglasstech.com\/vi\/wp-json\/wp\/v2\/types\/page"}],"author":[{"embeddable":true,"href":"https:\/\/www.worldglasstech.com\/vi\/wp-json\/wp\/v2\/users\/2"}],"replies":[{"embeddable":true,"href":"https:\/\/www.worldglasstech.com\/vi\/wp-json\/wp\/v2\/comments?post=379"}],"version-history":[{"count":32,"href":"https:\/\/www.worldglasstech.com\/vi\/wp-json\/wp\/v2\/pages\/379\/revisions"}],"predecessor-version":[{"id":2324,"href":"https:\/\/www.worldglasstech.com\/vi\/wp-json\/wp\/v2\/pages\/379\/revisions\/2324"}],"wp:attachment":[{"href":"https:\/\/www.worldglasstech.com\/vi\/wp-json\/wp\/v2\/media?parent=379"}],"curies":[{"name":"wp","href":"https:\/\/api.w.org\/{rel}","templated":true}]}}