{"id":362,"date":"2018-05-28T13:29:18","date_gmt":"2018-05-28T13:29:18","guid":{"rendered":"http:\/\/www.worldglasstech.com\/?page_id=362"},"modified":"2023-04-07T20:24:17","modified_gmt":"2023-04-07T20:24:17","slug":"exhibitor-manual","status":"publish","type":"page","link":"https:\/\/www.worldglasstech.com\/vi\/exhibitor-manual\/","title":{"rendered":"H\u01b0\u1edbng d\u1eabn cho gian h\u00e0ng"},"content":{"rendered":"<p>Nh\u1eefng gian h\u00e0ng khi \u0111\u00e3 \u0111\u0103ng k\u00fd, h\u00e3y li\u00ean l\u1ea1c v\u1edbi ch\u00fang t\u00f4i qua email <strong>info@worldglasstech.com<\/strong> \u0111\u1ec3 nh\u1eadn H\u01b0\u1edbng d\u1eabn cho gian h\u00e0ng.<\/p>\n<p>T\u1ea5t c\u1ea3 c\u00e1c m\u1eabu \u0111\u1ec1u c\u1ea7n \u0111\u01b0\u1ee3c \u0111\u00e1nh m\u00e1y, kh\u00f4ng ch\u1ea5p nh\u1eadn m\u1eabu vi\u1ebft tay. Qu\u00fd v\u1ecb vui l\u00f2ng \u0111i\u1ec1n \u0111\u1ea7y \u0111\u1ee7 m\u1eabu v\u00e0 g\u1eedi l\u1ea1i cho ch\u00fang t\u00f4i qua email <strong>exhibitor@worldglasstech.com.<\/strong><\/p>\n<p>Qu\u00fd v\u1ecb tham gia m\u1edf gian h\u00e0ng v\u00e0 c\u1ea7n d\u1ecbch v\u1ee5 v\u1eadn t\u1ea3i, c\u00f3 th\u1ec3 li\u00ean h\u1ec7 l\u1ea1i ch\u00fang t\u00f4i s\u1eafp x\u1ebfp.<\/p>\n<p>Li\u00ean h\u1ec7 v\u1edbi ch\u00fang t\u00f4i khi c\u00f3 b\u1ea5t k\u1ef3 c\u00e2u h\u1ecfi hay th\u1eafc m\u1eafc n\u00e0o.<\/p>\n","protected":false},"excerpt":{"rendered":"<p>Nh\u1eefng gian h\u00e0ng khi \u0111\u00e3 \u0111\u0103ng k\u00fd, h\u00e3y li\u00ean l\u1ea1c v\u1edbi ch\u00fang t\u00f4i qua email info@worldglasstech.com \u0111\u1ec3 nh\u1eadn H\u01b0\u1edbng d\u1eabn cho gian h\u00e0ng. T\u1ea5t c\u1ea3 c\u00e1c m\u1eabu \u0111\u1ec1u c\u1ea7n \u0111\u01b0\u1ee3c \u0111\u00e1nh m\u00e1y, kh\u00f4ng ch\u1ea5p nh\u1eadn m\u1eabu vi\u1ebft tay. Qu\u00fd v\u1ecb vui l\u00f2ng \u0111i\u1ec1n \u0111\u1ea7y \u0111\u1ee7 m\u1eabu v\u00e0 g\u1eedi l\u1ea1i cho ch\u00fang t\u00f4i qua email exhibitor@worldglasstech.com. [&hellip;]<\/p>\n","protected":false},"author":2,"featured_media":0,"parent":0,"menu_order":0,"comment_status":"closed","ping_status":"closed","template":"","meta":{"footnotes":""},"yoast_head":"<!-- This site is optimized with the Yoast SEO plugin v23.4 - https:\/\/yoast.com\/wordpress\/plugins\/seo\/ -->\n<title>H\u01b0\u1edbng d\u1eabn cho gian h\u00e0ng<\/title>\n<meta name=\"robots\" content=\"index, follow, max-snippet:-1, max-image-preview:large, max-video-preview:-1\" \/>\n<link rel=\"canonical\" href=\"https:\/\/www.worldglasstech.com\/vi\/exhibitor-manual\/\" \/>\n<meta property=\"og:locale\" content=\"vi_VN\" \/>\n<meta property=\"og:locale:alternate\" content=\"en_UK\" \/>\n<meta property=\"og:type\" content=\"article\" \/>\n<meta property=\"og:title\" content=\"H\u01b0\u1edbng d\u1eabn cho gian h\u00e0ng\" \/>\n<meta property=\"og:description\" content=\"Nh\u1eefng gian h\u00e0ng khi \u0111\u00e3 \u0111\u0103ng k\u00fd, h\u00e3y li\u00ean l\u1ea1c v\u1edbi ch\u00fang t\u00f4i qua email info@worldglasstech.com \u0111\u1ec3 nh\u1eadn H\u01b0\u1edbng d\u1eabn cho gian h\u00e0ng. T\u1ea5t c\u1ea3 c\u00e1c m\u1eabu \u0111\u1ec1u c\u1ea7n \u0111\u01b0\u1ee3c \u0111\u00e1nh m\u00e1y, kh\u00f4ng ch\u1ea5p nh\u1eadn m\u1eabu vi\u1ebft tay. Qu\u00fd v\u1ecb vui l\u00f2ng \u0111i\u1ec1n \u0111\u1ea7y \u0111\u1ee7 m\u1eabu v\u00e0 g\u1eedi l\u1ea1i cho ch\u00fang t\u00f4i qua email exhibitor@worldglasstech.com. [&hellip;]\" \/>\n<meta property=\"og:url\" content=\"https:\/\/www.worldglasstech.com\/vi\/exhibitor-manual\/\" \/>\n<meta property=\"og:site_name\" content=\"World Glasstech Vietnam 2023\" \/>\n<meta property=\"article:modified_time\" content=\"2023-04-07T20:24:17+00:00\" \/>\n<meta name=\"twitter:card\" content=\"summary_large_image\" \/>\n<meta name=\"twitter:label1\" content=\"\u01af\u1edbc t\u00ednh th\u1eddi gian \u0111\u1ecdc\" \/>\n\t<meta name=\"twitter:data1\" content=\"1 ph\u00fat\" \/>\n<script type=\"application\/ld+json\" class=\"yoast-schema-graph\">{\"@context\":\"https:\/\/schema.org\",\"@graph\":[{\"@type\":\"WebPage\",\"@id\":\"https:\/\/www.worldglasstech.com\/vi\/exhibitor-manual\/\",\"url\":\"https:\/\/www.worldglasstech.com\/vi\/exhibitor-manual\/\",\"name\":\"H\u01b0\u1edbng d\u1eabn cho gian h\u00e0ng\",\"isPartOf\":{\"@id\":\"https:\/\/www.worldglasstech.com\/#website\"},\"datePublished\":\"2018-05-28T13:29:18+00:00\",\"dateModified\":\"2023-04-07T20:24:17+00:00\",\"breadcrumb\":{\"@id\":\"https:\/\/www.worldglasstech.com\/vi\/exhibitor-manual\/#breadcrumb\"},\"inLanguage\":\"vi\",\"potentialAction\":[{\"@type\":\"ReadAction\",\"target\":[\"https:\/\/www.worldglasstech.com\/vi\/exhibitor-manual\/\"]}]},{\"@type\":\"BreadcrumbList\",\"@id\":\"https:\/\/www.worldglasstech.com\/vi\/exhibitor-manual\/#breadcrumb\",\"itemListElement\":[{\"@type\":\"ListItem\",\"position\":1,\"name\":\"Home\",\"item\":\"https:\/\/www.worldglasstech.com\/\"},{\"@type\":\"ListItem\",\"position\":2,\"name\":\"H\u01b0\u1edbng d\u1eabn cho gian h\u00e0ng\"}]},{\"@type\":\"WebSite\",\"@id\":\"https:\/\/www.worldglasstech.com\/#website\",\"url\":\"https:\/\/www.worldglasstech.com\/\",\"name\":\"World Glasstech Vietnam 2023\",\"description\":\"\",\"publisher\":{\"@id\":\"https:\/\/www.worldglasstech.com\/#organization\"},\"potentialAction\":[{\"@type\":\"SearchAction\",\"target\":{\"@type\":\"EntryPoint\",\"urlTemplate\":\"https:\/\/www.worldglasstech.com\/?s={search_term_string}\"},\"query-input\":{\"@type\":\"PropertyValueSpecification\",\"valueRequired\":true,\"valueName\":\"search_term_string\"}}],\"inLanguage\":\"vi\"},{\"@type\":\"Organization\",\"@id\":\"https:\/\/www.worldglasstech.com\/#organization\",\"name\":\"World Glasstech Vietnam 2023\",\"url\":\"https:\/\/www.worldglasstech.com\/\",\"logo\":{\"@type\":\"ImageObject\",\"inLanguage\":\"vi\",\"@id\":\"https:\/\/www.worldglasstech.com\/#\/schema\/logo\/image\/\",\"url\":\"https:\/\/www.worldglasstech.com\/wp-content\/uploads\/2023\/04\/cropped-Untitled-design-1-2.jpg\",\"contentUrl\":\"https:\/\/www.worldglasstech.com\/wp-content\/uploads\/2023\/04\/cropped-Untitled-design-1-2.jpg\",\"width\":1427,\"height\":92,\"caption\":\"World Glasstech Vietnam 2023\"},\"image\":{\"@id\":\"https:\/\/www.worldglasstech.com\/#\/schema\/logo\/image\/\"}}]}<\/script>\n<!-- \/ Yoast SEO plugin. -->","yoast_head_json":{"title":"H\u01b0\u1edbng d\u1eabn cho gian h\u00e0ng","robots":{"index":"index","follow":"follow","max-snippet":"max-snippet:-1","max-image-preview":"max-image-preview:large","max-video-preview":"max-video-preview:-1"},"canonical":"https:\/\/www.worldglasstech.com\/vi\/exhibitor-manual\/","og_locale":"vi_VN","og_type":"article","og_title":"[:en]Exhibitor Manual[:vi]H\u01b0\u1edbng d\u1eabn cho gian h\u00e0ng[:] - World Glasstech Vietnam 2023","og_description":"Nh\u1eefng gian h\u00e0ng khi \u0111\u00e3 \u0111\u0103ng k\u00fd, h\u00e3y li\u00ean l\u1ea1c v\u1edbi ch\u00fang t\u00f4i qua email info@worldglasstech.com \u0111\u1ec3 nh\u1eadn H\u01b0\u1edbng d\u1eabn cho gian h\u00e0ng. T\u1ea5t c\u1ea3 c\u00e1c m\u1eabu \u0111\u1ec1u c\u1ea7n \u0111\u01b0\u1ee3c \u0111\u00e1nh m\u00e1y, kh\u00f4ng ch\u1ea5p nh\u1eadn m\u1eabu vi\u1ebft tay. Qu\u00fd v\u1ecb vui l\u00f2ng \u0111i\u1ec1n \u0111\u1ea7y \u0111\u1ee7 m\u1eabu v\u00e0 g\u1eedi l\u1ea1i cho ch\u00fang t\u00f4i qua email exhibitor@worldglasstech.com. [&hellip;]","og_url":"https:\/\/www.worldglasstech.com\/vi\/exhibitor-manual\/","og_site_name":"World Glasstech Vietnam 2023","article_modified_time":"2023-04-07T20:24:17+00:00","twitter_card":"summary_large_image","twitter_misc":{"\u01af\u1edbc t\u00ednh th\u1eddi gian \u0111\u1ecdc":"1 ph\u00fat"},"schema":{"@context":"https:\/\/schema.org","@graph":[{"@type":"WebPage","@id":"https:\/\/www.worldglasstech.com\/vi\/exhibitor-manual\/","url":"https:\/\/www.worldglasstech.com\/vi\/exhibitor-manual\/","name":"H\u01b0\u1edbng d\u1eabn cho gian h\u00e0ng","isPartOf":{"@id":"https:\/\/www.worldglasstech.com\/#website"},"datePublished":"2018-05-28T13:29:18+00:00","dateModified":"2023-04-07T20:24:17+00:00","breadcrumb":{"@id":"https:\/\/www.worldglasstech.com\/vi\/exhibitor-manual\/#breadcrumb"},"inLanguage":"vi","potentialAction":[{"@type":"ReadAction","target":["https:\/\/www.worldglasstech.com\/vi\/exhibitor-manual\/"]}]},{"@type":"BreadcrumbList","@id":"https:\/\/www.worldglasstech.com\/vi\/exhibitor-manual\/#breadcrumb","itemListElement":[{"@type":"ListItem","position":1,"name":"Home","item":"https:\/\/www.worldglasstech.com\/"},{"@type":"ListItem","position":2,"name":"H\u01b0\u1edbng d\u1eabn cho gian h\u00e0ng"}]},{"@type":"WebSite","@id":"https:\/\/www.worldglasstech.com\/#website","url":"https:\/\/www.worldglasstech.com\/","name":"World Glasstech Vietnam 2023","description":"","publisher":{"@id":"https:\/\/www.worldglasstech.com\/#organization"},"potentialAction":[{"@type":"SearchAction","target":{"@type":"EntryPoint","urlTemplate":"https:\/\/www.worldglasstech.com\/?s={search_term_string}"},"query-input":{"@type":"PropertyValueSpecification","valueRequired":true,"valueName":"search_term_string"}}],"inLanguage":"vi"},{"@type":"Organization","@id":"https:\/\/www.worldglasstech.com\/#organization","name":"World Glasstech Vietnam 2023","url":"https:\/\/www.worldglasstech.com\/","logo":{"@type":"ImageObject","inLanguage":"vi","@id":"https:\/\/www.worldglasstech.com\/#\/schema\/logo\/image\/","url":"https:\/\/www.worldglasstech.com\/wp-content\/uploads\/2023\/04\/cropped-Untitled-design-1-2.jpg","contentUrl":"https:\/\/www.worldglasstech.com\/wp-content\/uploads\/2023\/04\/cropped-Untitled-design-1-2.jpg","width":1427,"height":92,"caption":"World Glasstech Vietnam 2023"},"image":{"@id":"https:\/\/www.worldglasstech.com\/#\/schema\/logo\/image\/"}}]}},"_links":{"self":[{"href":"https:\/\/www.worldglasstech.com\/vi\/wp-json\/wp\/v2\/pages\/362"}],"collection":[{"href":"https:\/\/www.worldglasstech.com\/vi\/wp-json\/wp\/v2\/pages"}],"about":[{"href":"https:\/\/www.worldglasstech.com\/vi\/wp-json\/wp\/v2\/types\/page"}],"author":[{"embeddable":true,"href":"https:\/\/www.worldglasstech.com\/vi\/wp-json\/wp\/v2\/users\/2"}],"replies":[{"embeddable":true,"href":"https:\/\/www.worldglasstech.com\/vi\/wp-json\/wp\/v2\/comments?post=362"}],"version-history":[{"count":90,"href":"https:\/\/www.worldglasstech.com\/vi\/wp-json\/wp\/v2\/pages\/362\/revisions"}],"predecessor-version":[{"id":2181,"href":"https:\/\/www.worldglasstech.com\/vi\/wp-json\/wp\/v2\/pages\/362\/revisions\/2181"}],"wp:attachment":[{"href":"https:\/\/www.worldglasstech.com\/vi\/wp-json\/wp\/v2\/media?parent=362"}],"curies":[{"name":"wp","href":"https:\/\/api.w.org\/{rel}","templated":true}]}}