{"id":36,"date":"2018-03-01T10:31:45","date_gmt":"2018-03-01T10:31:45","guid":{"rendered":"http:\/\/demo.acmethemes.com\/event-star\/?page_id=36"},"modified":"2019-03-05T20:10:51","modified_gmt":"2019-03-05T20:10:51","slug":"why-you-join","status":"publish","type":"page","link":"https:\/\/www.worldglasstech.com\/vi\/why-you-join\/","title":{"rendered":"L\u1ee3i \u00edch \u0111\u1eb7t gian h\u00e0ng"},"content":{"rendered":"<p>V\u1edbi h\u00e0ng ng\u00e0n l\u01b0\u1ee3t kh\u00e1ch th\u0103m quan, c\u00e1c \u0111\u01a1n v\u1ecb \u0111\u1eb7t gian h\u00e0ng c\u00f3 th\u1ec3 t\u1eadn d\u1ee5ng n\u1ec1n t\u1ea3ng d\u1eef li\u1ec7u kh\u00e1ch \u0111\u0103ng k\u00fd n\u00e0y \u0111\u1ec3 x\u00e2y d\u1ef1ng c\u01a1 s\u1edf d\u1eef li\u1ec7u cho c\u00f4ng ty c\u1ee7a m\u00ecnh. Tri\u1ec3n l\u00e3m Qu\u1ed1c t\u1ebf C\u00f4ng ngh\u1ec7 k\u00ednh World Glasstech Vi\u1ec7t Nam 2020 \u0111\u1ed3ng th\u1eddi s\u1ebd \u0111\u01b0\u1ee3c t\u1ed5 ch\u1ee9c song h\u00e0nh v\u1edbi Tri\u1ec3n l\u00e3m Qu\u1ed1c t\u1ebf C\u1eeda v\u00e0 C\u1eeda s\u1ed5 Vi\u1ec7t Nam 2020, t\u1ea1o c\u01a1 h\u1ed9i cho doanh nghi\u1ec7p c\u00f3 th\u1ec3 m\u1edf r\u1ed9ng giao l\u01b0u, h\u1ee3p t\u00e1c v\u1edbi nh\u1eefng doanh nghi\u1ec7p t\u1eeb nhi\u1ec1u n\u01b0\u1edbc kh\u00e1c nhau tr\u00ean th\u1ebf gi\u1edbi v\u1edbi c\u00e1c c\u00f4ng ngh\u1ec7 ti\u00ean ti\u1ebfn trong s\u1ea3n xu\u1ea5t v\u00e0 gia c\u00f4ng k\u00ednh, th\u1ee7y tinh; \u0111\u01b0\u1ee3c tr\u1ea3i nghi\u1ec7m t\u1eadn m\u1eaft v\u00e0 t\u00ecm hi\u1ec3u nh\u1eefng c\u00f4ng ngh\u1ec7 ti\u1ebfn b\u1ed9 nh\u1ea5t.<\/p>\n","protected":false},"excerpt":{"rendered":"<p>Tri\u1ec3n l\u00e3m Qu\u1ed1c t\u1ebf C\u00f4ng ngh\u1ec7 k\u00ednh World Glasstech Vi\u1ec7t Nam 2020 t\u1ea1o c\u01a1 h\u1ed9i cho doanh nghi\u1ec7p c\u00f3 th\u1ec3 m\u1edf r\u1ed9ng giao l\u01b0u, h\u1ee3p t\u00e1c v\u1edbi nh\u1eefng doanh nghi\u1ec7p t\u1eeb nhi\u1ec1u n\u01b0\u1edbc kh\u00e1c nhau tr\u00ean th\u1ebf gi\u1edbi v\u1edbi c\u00e1c c\u00f4ng ngh\u1ec7 ti\u00ean ti\u1ebfn trong s\u1ea3n xu\u1ea5t v\u00e0 gia c\u00f4ng k\u00ednh, th\u1ee7y tinh.<\/p>\n","protected":false},"author":2,"featured_media":0,"parent":0,"menu_order":0,"comment_status":"closed","ping_status":"closed","template":"","meta":{"footnotes":""},"yoast_head":"<!-- This site is optimized with the Yoast SEO plugin v23.4 - https:\/\/yoast.com\/wordpress\/plugins\/seo\/ -->\n<title>L\u1ee3i \u00edch \u0111\u1eb7t gian h\u00e0ng<\/title>\n<meta name=\"robots\" content=\"index, follow, max-snippet:-1, max-image-preview:large, max-video-preview:-1\" \/>\n<link rel=\"canonical\" href=\"https:\/\/www.worldglasstech.com\/vi\/why-you-join\/\" \/>\n<meta property=\"og:locale\" content=\"vi_VN\" \/>\n<meta property=\"og:locale:alternate\" content=\"en_UK\" \/>\n<meta property=\"og:type\" content=\"article\" \/>\n<meta property=\"og:title\" content=\"L\u1ee3i \u00edch \u0111\u1eb7t gian h\u00e0ng\" \/>\n<meta property=\"og:description\" content=\"Tri\u1ec3n l\u00e3m Qu\u1ed1c t\u1ebf C\u00f4ng ngh\u1ec7 k\u00ednh World Glasstech Vi\u1ec7t Nam 2020 t\u1ea1o c\u01a1 h\u1ed9i cho doanh nghi\u1ec7p c\u00f3 th\u1ec3 m\u1edf r\u1ed9ng giao l\u01b0u, h\u1ee3p t\u00e1c v\u1edbi nh\u1eefng doanh nghi\u1ec7p t\u1eeb nhi\u1ec1u n\u01b0\u1edbc kh\u00e1c nhau tr\u00ean th\u1ebf gi\u1edbi v\u1edbi c\u00e1c c\u00f4ng ngh\u1ec7 ti\u00ean ti\u1ebfn trong s\u1ea3n xu\u1ea5t v\u00e0 gia c\u00f4ng k\u00ednh, th\u1ee7y tinh.\" \/>\n<meta property=\"og:url\" content=\"https:\/\/www.worldglasstech.com\/vi\/why-you-join\/\" \/>\n<meta property=\"og:site_name\" content=\"World Glasstech Vietnam 2023\" \/>\n<meta property=\"article:modified_time\" content=\"2019-03-05T20:10:51+00:00\" \/>\n<meta property=\"og:image\" content=\"http:\/\/www.worldglasstech.com\/wp-content\/uploads\/2018\/06\/1.png\" \/>\n<meta name=\"twitter:card\" content=\"summary_large_image\" \/>\n<meta name=\"twitter:label1\" content=\"\u01af\u1edbc t\u00ednh th\u1eddi gian \u0111\u1ecdc\" \/>\n\t<meta name=\"twitter:data1\" content=\"1 ph\u00fat\" \/>\n<script type=\"application\/ld+json\" class=\"yoast-schema-graph\">{\"@context\":\"https:\/\/schema.org\",\"@graph\":[{\"@type\":\"WebPage\",\"@id\":\"https:\/\/www.worldglasstech.com\/why-you-join\/\",\"url\":\"https:\/\/www.worldglasstech.com\/why-you-join\/\",\"name\":\"L\u1ee3i \u00edch \u0111\u1eb7t gian h\u00e0ng\",\"isPartOf\":{\"@id\":\"https:\/\/www.worldglasstech.com\/#website\"},\"primaryImageOfPage\":{\"@id\":\"https:\/\/www.worldglasstech.com\/why-you-join\/#primaryimage\"},\"image\":{\"@id\":\"https:\/\/www.worldglasstech.com\/why-you-join\/#primaryimage\"},\"thumbnailUrl\":\"http:\/\/www.worldglasstech.com\/wp-content\/uploads\/2018\/06\/1.png\",\"datePublished\":\"2018-03-01T10:31:45+00:00\",\"dateModified\":\"2019-03-05T20:10:51+00:00\",\"breadcrumb\":{\"@id\":\"https:\/\/www.worldglasstech.com\/why-you-join\/#breadcrumb\"},\"inLanguage\":\"vi\",\"potentialAction\":[{\"@type\":\"ReadAction\",\"target\":[\"https:\/\/www.worldglasstech.com\/why-you-join\/\"]}]},{\"@type\":\"ImageObject\",\"inLanguage\":\"vi\",\"@id\":\"https:\/\/www.worldglasstech.com\/why-you-join\/#primaryimage\",\"url\":\"http:\/\/www.worldglasstech.com\/wp-content\/uploads\/2018\/06\/1.png\",\"contentUrl\":\"http:\/\/www.worldglasstech.com\/wp-content\/uploads\/2018\/06\/1.png\"},{\"@type\":\"BreadcrumbList\",\"@id\":\"https:\/\/www.worldglasstech.com\/why-you-join\/#breadcrumb\",\"itemListElement\":[{\"@type\":\"ListItem\",\"position\":1,\"name\":\"Home\",\"item\":\"https:\/\/www.worldglasstech.com\/\"},{\"@type\":\"ListItem\",\"position\":2,\"name\":\"What you can get\"}]},{\"@type\":\"WebSite\",\"@id\":\"https:\/\/www.worldglasstech.com\/#website\",\"url\":\"https:\/\/www.worldglasstech.com\/\",\"name\":\"World Glasstech Vietnam 2023\",\"description\":\"\",\"publisher\":{\"@id\":\"https:\/\/www.worldglasstech.com\/#organization\"},\"potentialAction\":[{\"@type\":\"SearchAction\",\"target\":{\"@type\":\"EntryPoint\",\"urlTemplate\":\"https:\/\/www.worldglasstech.com\/?s={search_term_string}\"},\"query-input\":{\"@type\":\"PropertyValueSpecification\",\"valueRequired\":true,\"valueName\":\"search_term_string\"}}],\"inLanguage\":\"vi\"},{\"@type\":\"Organization\",\"@id\":\"https:\/\/www.worldglasstech.com\/#organization\",\"name\":\"World Glasstech Vietnam 2023\",\"url\":\"https:\/\/www.worldglasstech.com\/\",\"logo\":{\"@type\":\"ImageObject\",\"inLanguage\":\"vi\",\"@id\":\"https:\/\/www.worldglasstech.com\/#\/schema\/logo\/image\/\",\"url\":\"https:\/\/www.worldglasstech.com\/wp-content\/uploads\/2023\/04\/cropped-Untitled-design-1-2.jpg\",\"contentUrl\":\"https:\/\/www.worldglasstech.com\/wp-content\/uploads\/2023\/04\/cropped-Untitled-design-1-2.jpg\",\"width\":1427,\"height\":92,\"caption\":\"World Glasstech Vietnam 2023\"},\"image\":{\"@id\":\"https:\/\/www.worldglasstech.com\/#\/schema\/logo\/image\/\"}}]}<\/script>\n<!-- \/ Yoast SEO plugin. -->","yoast_head_json":{"title":"L\u1ee3i \u00edch \u0111\u1eb7t gian h\u00e0ng","robots":{"index":"index","follow":"follow","max-snippet":"max-snippet:-1","max-image-preview":"max-image-preview:large","max-video-preview":"max-video-preview:-1"},"canonical":"https:\/\/www.worldglasstech.com\/vi\/why-you-join\/","og_locale":"vi_VN","og_type":"article","og_title":"[:en]What you can get[:vi]L\u1ee3i \u00edch \u0111\u1eb7t gian h\u00e0ng[:] - World Glasstech Vietnam 2023","og_description":"Tri\u1ec3n l\u00e3m Qu\u1ed1c t\u1ebf C\u00f4ng ngh\u1ec7 k\u00ednh World Glasstech Vi\u1ec7t Nam 2020 t\u1ea1o c\u01a1 h\u1ed9i cho doanh nghi\u1ec7p c\u00f3 th\u1ec3 m\u1edf r\u1ed9ng giao l\u01b0u, h\u1ee3p t\u00e1c v\u1edbi nh\u1eefng doanh nghi\u1ec7p t\u1eeb nhi\u1ec1u n\u01b0\u1edbc kh\u00e1c nhau tr\u00ean th\u1ebf gi\u1edbi v\u1edbi c\u00e1c c\u00f4ng ngh\u1ec7 ti\u00ean ti\u1ebfn trong s\u1ea3n xu\u1ea5t v\u00e0 gia c\u00f4ng k\u00ednh, th\u1ee7y tinh.","og_url":"https:\/\/www.worldglasstech.com\/vi\/why-you-join\/","og_site_name":"World Glasstech Vietnam 2023","article_modified_time":"2019-03-05T20:10:51+00:00","og_image":[{"url":"http:\/\/www.worldglasstech.com\/wp-content\/uploads\/2018\/06\/1.png"}],"twitter_card":"summary_large_image","twitter_misc":{"\u01af\u1edbc t\u00ednh th\u1eddi gian \u0111\u1ecdc":"1 ph\u00fat"},"schema":{"@context":"https:\/\/schema.org","@graph":[{"@type":"WebPage","@id":"https:\/\/www.worldglasstech.com\/why-you-join\/","url":"https:\/\/www.worldglasstech.com\/why-you-join\/","name":"L\u1ee3i \u00edch \u0111\u1eb7t gian h\u00e0ng","isPartOf":{"@id":"https:\/\/www.worldglasstech.com\/#website"},"primaryImageOfPage":{"@id":"https:\/\/www.worldglasstech.com\/why-you-join\/#primaryimage"},"image":{"@id":"https:\/\/www.worldglasstech.com\/why-you-join\/#primaryimage"},"thumbnailUrl":"http:\/\/www.worldglasstech.com\/wp-content\/uploads\/2018\/06\/1.png","datePublished":"2018-03-01T10:31:45+00:00","dateModified":"2019-03-05T20:10:51+00:00","breadcrumb":{"@id":"https:\/\/www.worldglasstech.com\/why-you-join\/#breadcrumb"},"inLanguage":"vi","potentialAction":[{"@type":"ReadAction","target":["https:\/\/www.worldglasstech.com\/why-you-join\/"]}]},{"@type":"ImageObject","inLanguage":"vi","@id":"https:\/\/www.worldglasstech.com\/why-you-join\/#primaryimage","url":"http:\/\/www.worldglasstech.com\/wp-content\/uploads\/2018\/06\/1.png","contentUrl":"http:\/\/www.worldglasstech.com\/wp-content\/uploads\/2018\/06\/1.png"},{"@type":"BreadcrumbList","@id":"https:\/\/www.worldglasstech.com\/why-you-join\/#breadcrumb","itemListElement":[{"@type":"ListItem","position":1,"name":"Home","item":"https:\/\/www.worldglasstech.com\/"},{"@type":"ListItem","position":2,"name":"What you can get"}]},{"@type":"WebSite","@id":"https:\/\/www.worldglasstech.com\/#website","url":"https:\/\/www.worldglasstech.com\/","name":"World Glasstech Vietnam 2023","description":"","publisher":{"@id":"https:\/\/www.worldglasstech.com\/#organization"},"potentialAction":[{"@type":"SearchAction","target":{"@type":"EntryPoint","urlTemplate":"https:\/\/www.worldglasstech.com\/?s={search_term_string}"},"query-input":{"@type":"PropertyValueSpecification","valueRequired":true,"valueName":"search_term_string"}}],"inLanguage":"vi"},{"@type":"Organization","@id":"https:\/\/www.worldglasstech.com\/#organization","name":"World Glasstech Vietnam 2023","url":"https:\/\/www.worldglasstech.com\/","logo":{"@type":"ImageObject","inLanguage":"vi","@id":"https:\/\/www.worldglasstech.com\/#\/schema\/logo\/image\/","url":"https:\/\/www.worldglasstech.com\/wp-content\/uploads\/2023\/04\/cropped-Untitled-design-1-2.jpg","contentUrl":"https:\/\/www.worldglasstech.com\/wp-content\/uploads\/2023\/04\/cropped-Untitled-design-1-2.jpg","width":1427,"height":92,"caption":"World Glasstech Vietnam 2023"},"image":{"@id":"https:\/\/www.worldglasstech.com\/#\/schema\/logo\/image\/"}}]}},"_links":{"self":[{"href":"https:\/\/www.worldglasstech.com\/vi\/wp-json\/wp\/v2\/pages\/36"}],"collection":[{"href":"https:\/\/www.worldglasstech.com\/vi\/wp-json\/wp\/v2\/pages"}],"about":[{"href":"https:\/\/www.worldglasstech.com\/vi\/wp-json\/wp\/v2\/types\/page"}],"author":[{"embeddable":true,"href":"https:\/\/www.worldglasstech.com\/vi\/wp-json\/wp\/v2\/users\/2"}],"replies":[{"embeddable":true,"href":"https:\/\/www.worldglasstech.com\/vi\/wp-json\/wp\/v2\/comments?post=36"}],"version-history":[{"count":18,"href":"https:\/\/www.worldglasstech.com\/vi\/wp-json\/wp\/v2\/pages\/36\/revisions"}],"predecessor-version":[{"id":1764,"href":"https:\/\/www.worldglasstech.com\/vi\/wp-json\/wp\/v2\/pages\/36\/revisions\/1764"}],"wp:attachment":[{"href":"https:\/\/www.worldglasstech.com\/vi\/wp-json\/wp\/v2\/media?parent=36"}],"curies":[{"name":"wp","href":"https:\/\/api.w.org\/{rel}","templated":true}]}}