{"id":353,"date":"2018-05-28T13:23:04","date_gmt":"2018-05-28T13:23:04","guid":{"rendered":"http:\/\/www.worldglasstech.com\/?page_id=353"},"modified":"2023-09-08T02:34:24","modified_gmt":"2023-09-08T02:34:24","slug":"why-exhibit","status":"publish","type":"page","link":"https:\/\/www.worldglasstech.com\/vi\/why-exhibit\/","title":{"rendered":"L\u00fd do \u0111\u1eb7t gian h\u00e0ng"},"content":{"rendered":"<div id=\"pl-353\" class=\"panel-layout\">\n<div id=\"pg-353-0\" class=\"panel-grid panel-no-style\" data-style=\"{\" data-ratio=\"1\" data-ratio-direction=\"right\">\n<div id=\"pgc-353-0-0\" class=\"panel-grid-cell\" data-weight=\"1\">\n<div id=\"panel-353-0-0-0\" class=\"so-panel widget widget_text panel-first-child panel-last-child\" data-index=\"0\" data-style=\"{\">\n<div class=\"textwidget\">\n<h4 style=\"text-align: center;\"><strong>L\u00dd DO M\u1ede GIAN H\u00c0NG T\u1ea0I TRI\u1ec2N L\u00c3M QU\u1ed0C T\u1ebe C\u00d4NG NGH\u1ec6 K\u00cdNH V\u00c0 TH\u1ee6Y TINH VI\u1ec6T NAM?<\/strong><\/h4>\n<p>? X\u00e2y d\u1ef1ng m\u1ed1i quan h\u1ec7 v\u1edbi nh\u1eefng doanh nghi\u1ec7p t\u1eeb nhi\u1ec1u n\u01b0\u1edbc kh\u00e1c nhau tr\u00ean th\u1ebf gi\u1edbi v\u1edbic\u00e1c c\u00f4ng ngh\u1ec7 ti\u00ean ti\u1ebfn trong s\u1ea3n xu\u1ea5t v\u00e0 gia c\u00f4ng k\u00ednh, th\u1ee7y tinh; \u0111\u01b0\u1ee3c tr\u1ea3i nghi\u1ec7m t\u1eadn m\u1eaft v\u00e0 t\u00ecm hi\u1ec3u nh\u1eefng c\u00f4ng ngh\u1ec7 \u0111\u00f3.<\/p>\n<p>? Ph\u00e1t tri\u1ec3n th\u1ecb tr\u01b0\u1eddng v\u00e0 t\u00ecm ki\u1ebfm \u0111\u1ed1i t\u00e1c t\u1ea1i th\u1ecb tr\u01b0\u1eddng ti\u1ec1m n\u0103ng l\u00e0 Vi\u1ec7t Nam. V\u1edbi di\u1ec7n t\u00edch 5000 m\u00e9t vu\u00f4ng, Tri\u1ec3n l\u00e3m Qu\u1ed1c t\u1ebf C\u00f4ng ngh\u1ec7 k\u00ednh World Glasstech Vi\u1ec7t Nam l\u00e0 tri\u1ec3n l\u00e3m duy nh\u1ea5t cho c\u00e1c doanh nghi\u1ec7p ng\u00e0nh k\u00ednh v\u00e0 th\u1ee7y tinh t\u1ea1i Vi\u1ec7t Nam, quy t\u1ee5 h\u00e0ng tr\u0103m doanh nghi\u1ec7p trong ng\u00e0nh, t\u1ea1o s\u00e2n ch\u01a1i k\u1ebft n\u1ed1i v\u00e0 m\u1edf r\u1ed9ng quan h\u1ec7 cho ng\u00e0nh k\u00ednh v\u00e0 th\u1ee7y tinh t\u1ea1i Vi\u1ec7t Nam c\u0169ng nh\u01b0 th\u1ebf gi\u1edbi.<\/p>\n<p>? T\u1ea1o ra doanh s\u1ed1 b\u00e1n h\u00e0ng. Khi tham gia \u0111\u1eb7t gian h\u00e0ng t\u1ea1i tri\u1ec3n l\u00e3m, c\u00f4ng ty b\u1ea1n s\u1ebd c\u00f3 c\u01a1 h\u1ed9i g\u1eb7p g\u1ee1 h\u01a1n 6000 kh\u00e1ch th\u0103m quan l\u00e0 c\u00e1c doanh nghi\u1ec7p v\u00e0 t\u1ed5 ch\u1ee9c kh\u00e1c trong ng\u00e0nh. H\u1ecd c\u00f3 th\u1ec3 tr\u1edf th\u00e0nh \u0111\u1ed1i t\u00e1c \u0111\u1ec3 h\u1ee3p t\u00e1c ho\u1eb7c l\u00e0 nh\u1eefng ng\u01b0\u1eddi b\u1ea1n c\u00f9ng chia s\u1ebb chuy\u00ean m\u00f4n, c\u01a1 h\u1ed9i kinh doanh trong l\u0129nh v\u1ef1c k\u00ednh, th\u1ee7y tinh.<\/p>\n<p>? X\u00e2y d\u1ef1ng c\u01a1 s\u1edf d\u1eef li\u1ec7u cho c\u00f4ng ty. V\u1edbi h\u00e0ng ng\u00e0n l\u01b0\u1ee3t kh\u00e1ch th\u0103m quan, \u0111\u01a1n v\u1ecb \u0111\u1eb7t gian h\u00e0ng c\u00f3 th\u1ec3 t\u1eadn d\u1ee5ng n\u1ec1n t\u1ea3ng d\u1eef li\u1ec7u kh\u00e1ch \u0111\u0103ng k\u00fd n\u00e0y \u0111\u1ec3 x\u00e2y d\u1ef1ng c\u01a1 s\u1edf d\u1eef li\u1ec7u cho c\u00f4ng ty c\u1ee7a m\u00ecnh. \u0110\u1ed3ng th\u1eddi, Tri\u1ec3n l\u00e3m Qu\u1ed1c t\u1ebf C\u00f4ng ngh\u1ec7 k\u00ednh World Glasstech Vi\u1ec7t Nam 2023 c\u0169ng s\u1ebd \u0111\u01b0\u1ee3c t\u1ed5 ch\u1ee9c song h\u00e0nh v\u1edbi Tri\u1ec3n l\u00e3m Qu\u1ed1c t\u1ebf C\u1eeda v\u00e0 C\u1eeda s\u1ed5 Vi\u1ec7t Nam 2023. V\u00ec v\u1eady, doanh nghi\u1ec7p c\u00f3 th\u1ec3 m\u1edf r\u1ed9ng v\u1edbi c\u01a1 s\u1edf d\u1eef li\u1ec7u v\u1ec1 c\u00e1c doanh nghi\u1ec7p li\u00ean quan, ti\u1ec1m n\u0103ng cho c\u00e1c m\u1ed1i quan h\u1ec7 h\u1ee3p t\u00e1c sau n\u00e0y.<\/p>\n<\/div>\n<\/div>\n<\/div>\n<\/div>\n<\/div>\n","protected":false},"excerpt":{"rendered":"<p>L\u00dd DO M\u1ede GIAN H\u00c0NG T\u1ea0I TRI\u1ec2N L\u00c3M QU\u1ed0C T\u1ebe C\u00d4NG NGH\u1ec6 K\u00cdNH V\u00c0 TH\u1ee6Y TINH VI\u1ec6T NAM? ? X\u00e2y d\u1ef1ng m\u1ed1i quan h\u1ec7 v\u1edbi nh\u1eefng doanh nghi\u1ec7p t\u1eeb nhi\u1ec1u n\u01b0\u1edbc kh\u00e1c nhau tr\u00ean th\u1ebf gi\u1edbi v\u1edbic\u00e1c c\u00f4ng ngh\u1ec7 ti\u00ean ti\u1ebfn trong s\u1ea3n xu\u1ea5t v\u00e0 gia c\u00f4ng k\u00ednh, th\u1ee7y tinh; \u0111\u01b0\u1ee3c tr\u1ea3i nghi\u1ec7m t\u1eadn m\u1eaft [&hellip;]<\/p>\n","protected":false},"author":2,"featured_media":0,"parent":0,"menu_order":0,"comment_status":"closed","ping_status":"closed","template":"","meta":{"footnotes":""},"yoast_head":"<!-- This site is optimized with the Yoast SEO plugin v23.4 - https:\/\/yoast.com\/wordpress\/plugins\/seo\/ -->\n<title>L\u00fd do \u0111\u1eb7t gian h\u00e0ng<\/title>\n<meta name=\"description\" content=\"Reason to Exhibit at World Glasstech Vietnam 2020\" \/>\n<meta name=\"robots\" content=\"index, follow, max-snippet:-1, max-image-preview:large, max-video-preview:-1\" \/>\n<link rel=\"canonical\" href=\"https:\/\/www.worldglasstech.com\/vi\/why-exhibit\/\" \/>\n<meta property=\"og:locale\" content=\"vi_VN\" \/>\n<meta property=\"og:locale:alternate\" content=\"en_UK\" \/>\n<meta property=\"og:type\" content=\"article\" \/>\n<meta property=\"og:title\" content=\"L\u00fd do \u0111\u1eb7t gian h\u00e0ng\" \/>\n<meta property=\"og:description\" content=\"Reason to Exhibit at World Glasstech Vietnam 2020\" \/>\n<meta property=\"og:url\" content=\"https:\/\/www.worldglasstech.com\/vi\/why-exhibit\/\" \/>\n<meta property=\"og:site_name\" content=\"World Glasstech Vietnam 2023\" \/>\n<meta property=\"article:modified_time\" content=\"2023-09-08T02:34:24+00:00\" \/>\n<meta name=\"twitter:card\" content=\"summary_large_image\" \/>\n<meta name=\"twitter:label1\" content=\"\u01af\u1edbc t\u00ednh th\u1eddi gian \u0111\u1ecdc\" \/>\n\t<meta name=\"twitter:data1\" content=\"1 ph\u00fat\" \/>\n<script type=\"application\/ld+json\" class=\"yoast-schema-graph\">{\"@context\":\"https:\/\/schema.org\",\"@graph\":[{\"@type\":\"WebPage\",\"@id\":\"https:\/\/www.worldglasstech.com\/why-exhibit\/\",\"url\":\"https:\/\/www.worldglasstech.com\/why-exhibit\/\",\"name\":\"L\u00fd do \u0111\u1eb7t gian h\u00e0ng\",\"isPartOf\":{\"@id\":\"https:\/\/www.worldglasstech.com\/#website\"},\"datePublished\":\"2018-05-28T13:23:04+00:00\",\"dateModified\":\"2023-09-08T02:34:24+00:00\",\"description\":\"Reason to Exhibit at World Glasstech Vietnam 2020\",\"breadcrumb\":{\"@id\":\"https:\/\/www.worldglasstech.com\/why-exhibit\/#breadcrumb\"},\"inLanguage\":\"vi\",\"potentialAction\":[{\"@type\":\"ReadAction\",\"target\":[\"https:\/\/www.worldglasstech.com\/why-exhibit\/\"]}]},{\"@type\":\"BreadcrumbList\",\"@id\":\"https:\/\/www.worldglasstech.com\/why-exhibit\/#breadcrumb\",\"itemListElement\":[{\"@type\":\"ListItem\",\"position\":1,\"name\":\"Home\",\"item\":\"https:\/\/www.worldglasstech.com\/\"},{\"@type\":\"ListItem\",\"position\":2,\"name\":\"Why Exhibit?\"}]},{\"@type\":\"WebSite\",\"@id\":\"https:\/\/www.worldglasstech.com\/#website\",\"url\":\"https:\/\/www.worldglasstech.com\/\",\"name\":\"World Glasstech Vietnam 2023\",\"description\":\"\",\"publisher\":{\"@id\":\"https:\/\/www.worldglasstech.com\/#organization\"},\"potentialAction\":[{\"@type\":\"SearchAction\",\"target\":{\"@type\":\"EntryPoint\",\"urlTemplate\":\"https:\/\/www.worldglasstech.com\/?s={search_term_string}\"},\"query-input\":{\"@type\":\"PropertyValueSpecification\",\"valueRequired\":true,\"valueName\":\"search_term_string\"}}],\"inLanguage\":\"vi\"},{\"@type\":\"Organization\",\"@id\":\"https:\/\/www.worldglasstech.com\/#organization\",\"name\":\"World Glasstech Vietnam 2023\",\"url\":\"https:\/\/www.worldglasstech.com\/\",\"logo\":{\"@type\":\"ImageObject\",\"inLanguage\":\"vi\",\"@id\":\"https:\/\/www.worldglasstech.com\/#\/schema\/logo\/image\/\",\"url\":\"https:\/\/www.worldglasstech.com\/wp-content\/uploads\/2023\/04\/cropped-Untitled-design-1-2.jpg\",\"contentUrl\":\"https:\/\/www.worldglasstech.com\/wp-content\/uploads\/2023\/04\/cropped-Untitled-design-1-2.jpg\",\"width\":1427,\"height\":92,\"caption\":\"World Glasstech Vietnam 2023\"},\"image\":{\"@id\":\"https:\/\/www.worldglasstech.com\/#\/schema\/logo\/image\/\"}}]}<\/script>\n<!-- \/ Yoast SEO plugin. -->","yoast_head_json":{"title":"L\u00fd do \u0111\u1eb7t gian h\u00e0ng","description":"Reason to Exhibit at World Glasstech Vietnam 2020","robots":{"index":"index","follow":"follow","max-snippet":"max-snippet:-1","max-image-preview":"max-image-preview:large","max-video-preview":"max-video-preview:-1"},"canonical":"https:\/\/www.worldglasstech.com\/vi\/why-exhibit\/","og_locale":"vi_VN","og_type":"article","og_title":"[:en]Why Exhibit?[:vi]L\u00fd do \u0111\u1eb7t gian h\u00e0ng[:] - World Glasstech Vietnam 2023","og_description":"Reason to Exhibit at World Glasstech Vietnam 2020","og_url":"https:\/\/www.worldglasstech.com\/vi\/why-exhibit\/","og_site_name":"World Glasstech Vietnam 2023","article_modified_time":"2023-09-08T02:34:24+00:00","twitter_card":"summary_large_image","twitter_misc":{"\u01af\u1edbc t\u00ednh th\u1eddi gian \u0111\u1ecdc":"1 ph\u00fat"},"schema":{"@context":"https:\/\/schema.org","@graph":[{"@type":"WebPage","@id":"https:\/\/www.worldglasstech.com\/why-exhibit\/","url":"https:\/\/www.worldglasstech.com\/why-exhibit\/","name":"L\u00fd do \u0111\u1eb7t gian h\u00e0ng","isPartOf":{"@id":"https:\/\/www.worldglasstech.com\/#website"},"datePublished":"2018-05-28T13:23:04+00:00","dateModified":"2023-09-08T02:34:24+00:00","description":"Reason to Exhibit at World Glasstech Vietnam 2020","breadcrumb":{"@id":"https:\/\/www.worldglasstech.com\/why-exhibit\/#breadcrumb"},"inLanguage":"vi","potentialAction":[{"@type":"ReadAction","target":["https:\/\/www.worldglasstech.com\/why-exhibit\/"]}]},{"@type":"BreadcrumbList","@id":"https:\/\/www.worldglasstech.com\/why-exhibit\/#breadcrumb","itemListElement":[{"@type":"ListItem","position":1,"name":"Home","item":"https:\/\/www.worldglasstech.com\/"},{"@type":"ListItem","position":2,"name":"Why Exhibit?"}]},{"@type":"WebSite","@id":"https:\/\/www.worldglasstech.com\/#website","url":"https:\/\/www.worldglasstech.com\/","name":"World Glasstech Vietnam 2023","description":"","publisher":{"@id":"https:\/\/www.worldglasstech.com\/#organization"},"potentialAction":[{"@type":"SearchAction","target":{"@type":"EntryPoint","urlTemplate":"https:\/\/www.worldglasstech.com\/?s={search_term_string}"},"query-input":{"@type":"PropertyValueSpecification","valueRequired":true,"valueName":"search_term_string"}}],"inLanguage":"vi"},{"@type":"Organization","@id":"https:\/\/www.worldglasstech.com\/#organization","name":"World Glasstech Vietnam 2023","url":"https:\/\/www.worldglasstech.com\/","logo":{"@type":"ImageObject","inLanguage":"vi","@id":"https:\/\/www.worldglasstech.com\/#\/schema\/logo\/image\/","url":"https:\/\/www.worldglasstech.com\/wp-content\/uploads\/2023\/04\/cropped-Untitled-design-1-2.jpg","contentUrl":"https:\/\/www.worldglasstech.com\/wp-content\/uploads\/2023\/04\/cropped-Untitled-design-1-2.jpg","width":1427,"height":92,"caption":"World Glasstech Vietnam 2023"},"image":{"@id":"https:\/\/www.worldglasstech.com\/#\/schema\/logo\/image\/"}}]}},"_links":{"self":[{"href":"https:\/\/www.worldglasstech.com\/vi\/wp-json\/wp\/v2\/pages\/353"}],"collection":[{"href":"https:\/\/www.worldglasstech.com\/vi\/wp-json\/wp\/v2\/pages"}],"about":[{"href":"https:\/\/www.worldglasstech.com\/vi\/wp-json\/wp\/v2\/types\/page"}],"author":[{"embeddable":true,"href":"https:\/\/www.worldglasstech.com\/vi\/wp-json\/wp\/v2\/users\/2"}],"replies":[{"embeddable":true,"href":"https:\/\/www.worldglasstech.com\/vi\/wp-json\/wp\/v2\/comments?post=353"}],"version-history":[{"count":41,"href":"https:\/\/www.worldglasstech.com\/vi\/wp-json\/wp\/v2\/pages\/353\/revisions"}],"predecessor-version":[{"id":2326,"href":"https:\/\/www.worldglasstech.com\/vi\/wp-json\/wp\/v2\/pages\/353\/revisions\/2326"}],"wp:attachment":[{"href":"https:\/\/www.worldglasstech.com\/vi\/wp-json\/wp\/v2\/media?parent=353"}],"curies":[{"name":"wp","href":"https:\/\/api.w.org\/{rel}","templated":true}]}}