{"id":336,"date":"2018-05-28T12:39:01","date_gmt":"2018-05-28T12:39:01","guid":{"rendered":"http:\/\/www.worldglasstech.com\/?page_id=336"},"modified":"2023-11-30T13:01:09","modified_gmt":"2023-11-30T13:01:09","slug":"fact-sheet","status":"publish","type":"page","link":"https:\/\/www.worldglasstech.com\/vi\/fact-sheet\/","title":{"rendered":"Th\u00f4ng tin chung"},"content":{"rendered":"<h3 style=\"text-align: center;\">Tri\u1ec3n l\u00e3m Qu\u1ed1c t\u1ebf v\u1ec1 C\u00f4ng ngh\u1ec7 K\u00ednh v\u00e0 Th\u1ee7y tinh Vi\u1ec7t Nam<\/h3>\n<p style=\"text-align: center;\"><img loading=\"lazy\" decoding=\"async\" class=\"wp-image-1569 aligncenter\" src=\"http:\/\/www.worldglasstech.com\/wp-content\/uploads\/2019\/02\/trien-lam-world-glasstech-vietnam-2018-1.jpg\" alt=\"\" width=\"390\" height=\"266\" srcset=\"https:\/\/www.worldglasstech.com\/wp-content\/uploads\/2019\/02\/trien-lam-world-glasstech-vietnam-2018-1.jpg 700w, https:\/\/www.worldglasstech.com\/wp-content\/uploads\/2019\/02\/trien-lam-world-glasstech-vietnam-2018-1-300x204.jpg 300w\" sizes=\"(max-width: 390px) 100vw, 390px\" \/><\/p>\n<p style=\"text-align: center;\"><em>H\u00ecnh \u1ea3nh t\u1ea1i Tri\u1ec3n l\u00e3m Qu\u1ed1c t\u1ebf C\u00f4ng ngh\u1ec7 K\u00ednh v\u00e0 Th\u1ee7y tinh Vi\u1ec7t Nam n\u0103m 2018<\/em><\/p>\n<p style=\"text-align: center;\"><strong>World Glasstech Vietnam l\u00e0 EXPO C\u00f4ng ngh\u1ec7 K\u00ednh chuy\u00ean nghi\u1ec7p \u2013 th\u01b0\u1eddng ni\u00ean t\u1ea1i Vi\u1ec7t Nam. S\u1ef1 ki\u1ec7n n\u00e0y c\u00f3 c\u1ea3 k\u00ednh ph\u1eb3ng nh\u01b0ng c\u0169ng c\u00f3 k\u00ednh r\u1ed7ng\/h\u1ed9p \u0111\u1ef1ng. M\u1ee5c ti\u00eau ti\u1ebfp th\u1ecb kh\u00f4ng ch\u1ec9 Vi\u1ec7t Nam m\u00e0 c\u00f2n c\u00e1c n\u01b0\u1edbc l\u00e2n c\u1eadn trong khu v\u1ef1c Ch\u00e2u \u00c1. \u0110\u00e2y l\u00e0 n\u1ec1n t\u1ea3ng ho\u00e0n h\u1ea3o n\u01a1i c\u00e1c ng\u00e0nh c\u00f4ng nghi\u1ec7p k\u00ednh, c\u1eeda &#038; c\u1eeda s\u1ed5 giao ti\u1ebfp v\u00e0 g\u1eb7p g\u1ee1 c\u00e1c nh\u00e0 cung c\u1ea5p tr\u00ean to\u00e0n th\u1ebf gi\u1edbi v\u00e0 ng\u01b0\u1eddi mua ch\u00e2u \u00c1.<\/strong><\/p>\n<p>T\u00ean hi\u1ec3n th\u1ecb: World Glasstech Vietnam 2023<\/p>\n<p>\u0110\u1ed3ng tri\u1ec3n l\u00e3m:\u00a0Doors&#038;Windows Vietnam 2023 (Expo for Doors, Windows, Facades, Technologies and product Mexico)<\/p>\n<p>Ng\u00e0y: <span class=\"Y2IQFc\" lang=\"vi\">14-16 th\u00e1ng 12 <\/span>n\u0103m 2023<\/p>\n<p>\u0110\u1ecba \u0111i\u1ec3m: WTC Binh Duong<\/p>\n<p><strong>Chuy\u1ec3n \u0111\u1ebfn:\u00a0<\/strong> th\u00e1ng 12-13 th\u00e1ng 12: 08:00-22:00<\/p>\n<p><strong>Gi\u1edd m\u1edf c\u1eeda:<\/strong><\/p>\n<p>Ng\u00e0y 14-15 th\u00e1ng 12 09:00-17:00<\/p>\n<p>Ng\u00e0y 16 th\u00e1ng 12: 09:00-13:00<\/p>\n<p><strong>Th\u1eddi gian th\u00e1o d\u1ee1:<\/strong><\/p>\n<p>16\/12: 13:30-23:59<\/p>\n<p><strong>K\u00edch th\u01b0\u1edbc Tri\u1ec3n l\u00e3m<\/strong>: 7000m<\/p>\n<p><strong>\u0110\u01b0\u1ee3c t\u1ed5 ch\u1ee9c b\u1edfi:<\/strong><\/p>\n<p style=\"text-align: left;\">C\u00f4ng ty Y T international Enterprise Inc. Montreal, Canada<\/p>\n<p style=\"text-align: center;\"><a href=\"http:\/\/www.worldglasstech.com\/wp-content\/uploads\/2023\/04\/LOGO2-\u622a\u5c4f.png\"><img loading=\"lazy\" decoding=\"async\" class=\"size-medium wp-image-2142 alignleft\" src=\"http:\/\/www.worldglasstech.com\/wp-content\/uploads\/2023\/04\/LOGO2-\u622a\u5c4f-300x90.png\" alt=\"\" width=\"300\" height=\"90\" srcset=\"https:\/\/www.worldglasstech.com\/wp-content\/uploads\/2023\/04\/LOGO2-\u622a\u5c4f-300x90.png 300w, https:\/\/www.worldglasstech.com\/wp-content\/uploads\/2023\/04\/LOGO2-\u622a\u5c4f-1024x307.png 1024w, https:\/\/www.worldglasstech.com\/wp-content\/uploads\/2023\/04\/LOGO2-\u622a\u5c4f-768x230.png 768w, https:\/\/www.worldglasstech.com\/wp-content\/uploads\/2023\/04\/LOGO2-\u622a\u5c4f.png 1480w\" sizes=\"(max-width: 300px) 100vw, 300px\" \/><\/a><\/p>\n<p><strong>\u0110\u1ed3ng t\u1ed5 ch\u1ee9c:<\/strong><\/p>\n<p><a href=\"http:\/\/www.worldglasstech.com\/wp-content\/uploads\/2023\/11\/logo-BDCA-Binh-Duong-Construction-Association.png\"><img loading=\"lazy\" decoding=\"async\" class=\"alignnone  wp-image-2351\" src=\"http:\/\/www.worldglasstech.com\/wp-content\/uploads\/2023\/11\/logo-BDCA-Binh-Duong-Construction-Association-300x154.png\" alt=\"\" width=\"210\" height=\"108\" srcset=\"https:\/\/www.worldglasstech.com\/wp-content\/uploads\/2023\/11\/logo-BDCA-Binh-Duong-Construction-Association-300x154.png 300w, https:\/\/www.worldglasstech.com\/wp-content\/uploads\/2023\/11\/logo-BDCA-Binh-Duong-Construction-Association-1024x524.png 1024w, https:\/\/www.worldglasstech.com\/wp-content\/uploads\/2023\/11\/logo-BDCA-Binh-Duong-Construction-Association-768x393.png 768w, https:\/\/www.worldglasstech.com\/wp-content\/uploads\/2023\/11\/logo-BDCA-Binh-Duong-Construction-Association-1536x786.png 1536w, https:\/\/www.worldglasstech.com\/wp-content\/uploads\/2023\/11\/logo-BDCA-Binh-Duong-Construction-Association-2048x1049.png 2048w\" sizes=\"(max-width: 210px) 100vw, 210px\" \/><\/a><\/p>\n<p><span style=\"color: #000000;\"><strong>Binh Duong Construction Association\u00a0\u00a0\u00a0<\/strong><\/span><\/p>\n<p><a href=\"http:\/\/www.worldglasstech.com\/wp-content\/uploads\/2023\/11\/world-trade-center-logo.png\"><img loading=\"lazy\" decoding=\"async\" class=\"alignnone  wp-image-2352\" src=\"http:\/\/www.worldglasstech.com\/wp-content\/uploads\/2023\/11\/world-trade-center-logo-300x40.png\" alt=\"\" width=\"248\" height=\"33\" srcset=\"https:\/\/www.worldglasstech.com\/wp-content\/uploads\/2023\/11\/world-trade-center-logo-300x40.png 300w, https:\/\/www.worldglasstech.com\/wp-content\/uploads\/2023\/11\/world-trade-center-logo-1024x137.png 1024w, https:\/\/www.worldglasstech.com\/wp-content\/uploads\/2023\/11\/world-trade-center-logo-768x102.png 768w, https:\/\/www.worldglasstech.com\/wp-content\/uploads\/2023\/11\/world-trade-center-logo-1536x205.png 1536w, https:\/\/www.worldglasstech.com\/wp-content\/uploads\/2023\/11\/world-trade-center-logo-2048x273.png 2048w\" sizes=\"(max-width: 248px) 100vw, 248px\" \/><\/a><\/p>\n<p><a href=\"http:\/\/www.worldglasstech.com\/wp-content\/uploads\/2023\/11\/BECAMEX.png\"><img loading=\"lazy\" decoding=\"async\" class=\"alignnone  wp-image-2353\" src=\"http:\/\/www.worldglasstech.com\/wp-content\/uploads\/2023\/11\/BECAMEX-300x46.png\" alt=\"\" width=\"241\" height=\"37\" srcset=\"https:\/\/www.worldglasstech.com\/wp-content\/uploads\/2023\/11\/BECAMEX-300x46.png 300w, https:\/\/www.worldglasstech.com\/wp-content\/uploads\/2023\/11\/BECAMEX-1024x156.png 1024w, https:\/\/www.worldglasstech.com\/wp-content\/uploads\/2023\/11\/BECAMEX-768x117.png 768w, https:\/\/www.worldglasstech.com\/wp-content\/uploads\/2023\/11\/BECAMEX-1536x234.png 1536w, https:\/\/www.worldglasstech.com\/wp-content\/uploads\/2023\/11\/BECAMEX.png 2011w\" sizes=\"(max-width: 241px) 100vw, 241px\" \/><\/a><\/p>\n<p style=\"text-align: center;\"><strong>H\u1ed7 tr\u1ee3 b\u1edfi:<br \/>\n<\/strong><\/p>\n<p style=\"text-align: center;\">Vietnam association of building materials<\/p>\n<p><a href=\"http:\/\/en.hoivlxdvn.org.vn\/\" target=\"_blank\" rel=\"noopener\"><img loading=\"lazy\" decoding=\"async\" class=\" wp-image-2361 aligncenter\" src=\"http:\/\/www.worldglasstech.com\/wp-content\/uploads\/2023\/11\/Vietnam-association-of-building-materials-logo-300x218.jpeg\" alt=\"\" width=\"194\" height=\"141\" srcset=\"https:\/\/www.worldglasstech.com\/wp-content\/uploads\/2023\/11\/Vietnam-association-of-building-materials-logo-300x218.jpeg 300w, https:\/\/www.worldglasstech.com\/wp-content\/uploads\/2023\/11\/Vietnam-association-of-building-materials-logo.jpeg 728w\" sizes=\"(max-width: 194px) 100vw, 194px\" \/><\/a><\/p>\n<p style=\"text-align: center;\">Hi\u1ec7p h\u1ed9i K\u00ednh v\u00e0 Th\u1ee7y tinh Vi\u1ec7t Nam (VIEGLASS)<\/p>\n<p style=\"text-align: center;\">Hi\u1ec7p h\u1ed9i Nh\u00e0 th\u1ea7u X\u00e2y d\u1ef1ng Vi\u1ec7t Nam (VACC)<\/p>\n<p style=\"text-align: center;\">HI\u1ec7p h\u1ed9i Ki\u1ebfn tr\u00fac s\u01b0 Vi\u1ec7t Nam (VAA)<\/p>\n<p style=\"text-align: center;\">T\u1ed5ng h\u1ed9i X\u00e2y d\u1ef1ng Vi\u1ec7t Nam<\/p>\n<p style=\"text-align: center;\">Hi\u1ec7p h\u1ed9i V\u1eadt li\u1ec7u X\u00e2y d\u1ef1ng<\/p>\n<p style=\"text-align: center;\">Vietnam\u2019s Association of Foreign Invested Enterprise<\/p>\n<p style=\"text-align: center;\"><strong><a href=\"http:\/\/www.worldglasstech.com\/wp-content\/uploads\/2019\/02\/VIEGLASS-1.png\"><img loading=\"lazy\" decoding=\"async\" class=\"size-full wp-image-1593 aligncenter\" src=\"http:\/\/www.worldglasstech.com\/wp-content\/uploads\/2019\/02\/VIEGLASS-1.png\" alt=\"\" width=\"171\" height=\"200\" \/><\/a><a href=\"http:\/\/www.worldglasstech.com\/wp-content\/uploads\/2019\/02\/bia-tap-chi-nha-thau-va-thi-truong-xay-dung.jpg\"><img loading=\"lazy\" decoding=\"async\" class=\"aligncenter wp-image-1594\" src=\"http:\/\/www.worldglasstech.com\/wp-content\/uploads\/2019\/02\/bia-tap-chi-nha-thau-va-thi-truong-xay-dung.jpg\" alt=\"\" width=\"447\" height=\"105\" srcset=\"https:\/\/www.worldglasstech.com\/wp-content\/uploads\/2019\/02\/bia-tap-chi-nha-thau-va-thi-truong-xay-dung.jpg 808w, https:\/\/www.worldglasstech.com\/wp-content\/uploads\/2019\/02\/bia-tap-chi-nha-thau-va-thi-truong-xay-dung-300x71.jpg 300w, https:\/\/www.worldglasstech.com\/wp-content\/uploads\/2019\/02\/bia-tap-chi-nha-thau-va-thi-truong-xay-dung-768x181.jpg 768w\" sizes=\"(max-width: 447px) 100vw, 447px\" \/><\/a><\/strong><\/p>\n<p style=\"text-align: center;\"><strong>H\u1ed7 tr\u1ee3 truy\u1ec1n th\u00f4ng:<\/strong><\/p>\n<p style=\"text-align: center;\">Glass Global<\/p>\n<p style=\"text-align: center;\">Glass Online<\/p>\n<p style=\"text-align: center;\">B\u00e1o Nh\u00e2n D\u00e2n<\/p>\n<p style=\"text-align: center;\">B\u00e1o Ki\u1ebfn tr\u00fac Vi\u1ec7t Nam<\/p>\n<p style=\"text-align: center;\">B\u00e1o Qu\u1ed1c t\u1ebf<\/p>\n<p style=\"text-align: center;\">Th\u1eddi b\u00e1o Ng\u00e2n h\u00e0ng<\/p>\n<p style=\"text-align: center;\">B\u00e1o Th\u01b0\u01a1ng hi\u1ec7u v\u00e0 C\u00f4ng lu\u1eadn<\/p>\n<p style=\"text-align: center;\">\n<p style=\"text-align: center;\"><a href=\"https:\/\/www.glassglobal.com\/\" target=\"_blank\" rel=\"noopener noreferrer\"><img loading=\"lazy\" decoding=\"async\" class=\"aligncenter wp-image-879 size-full\" src=\"http:\/\/www.worldglasstech.com\/wp-content\/uploads\/2018\/09\/2.png\" alt=\"\" width=\"374\" height=\"184\" srcset=\"https:\/\/www.worldglasstech.com\/wp-content\/uploads\/2018\/09\/2.png 374w, https:\/\/www.worldglasstech.com\/wp-content\/uploads\/2018\/09\/2-300x148.png 300w\" sizes=\"(max-width: 374px) 100vw, 374px\" \/><\/a><\/p>\n<p style=\"text-align: center;\"><a href=\"http:\/\/www.glassonline.com\/site\/\" target=\"_blank\" rel=\"noopener noreferrer\"><img loading=\"lazy\" decoding=\"async\" class=\"aligncenter wp-image-777 size-medium\" src=\"http:\/\/www.worldglasstech.com\/wp-content\/uploads\/2018\/06\/GlassOnline-300x103.png\" alt=\"\" width=\"300\" height=\"103\" srcset=\"https:\/\/www.worldglasstech.com\/wp-content\/uploads\/2018\/06\/GlassOnline-300x103.png 300w, https:\/\/www.worldglasstech.com\/wp-content\/uploads\/2018\/06\/GlassOnline.png 642w\" sizes=\"(max-width: 300px) 100vw, 300px\" \/><\/a><\/p>\n<p style=\"text-align: center;\">\n<p style=\"text-align: center;\">\n","protected":false},"excerpt":{"rendered":"<p>T\u00ean hi\u1ec3n th\u1ecb:<br \/>\nWorld Glasstech Vietnam 2023<br \/>\n\u0110\u1ed3ng tri\u1ec3n l\u00e3m:<br \/>\nDoors&#038;Windows Vietnam 2023 (Expo for Doors, Windows, Facades, Technologies and product Mexico)<\/p>\n<p>Ng\u00e0y: 14-16 th\u00e1ng 12 n\u0103m 2023<\/p>\n<p>\u0110\u1ecba \u0111i\u1ec3m: WTC Binh Duong<\/p>\n","protected":false},"author":1,"featured_media":0,"parent":0,"menu_order":0,"comment_status":"closed","ping_status":"closed","template":"","meta":{"footnotes":""},"yoast_head":"<!-- This site is optimized with the Yoast SEO plugin v23.4 - https:\/\/yoast.com\/wordpress\/plugins\/seo\/ -->\n<title>Th\u00f4ng tin chung<\/title>\n<meta name=\"description\" content=\"World Glasstech Vietnam is the professional - annual Glass Technology EXPO in Vietnam. The event focuses on not only flat glass but also hollow\/container glass.\" \/>\n<meta name=\"robots\" content=\"index, follow, max-snippet:-1, max-image-preview:large, max-video-preview:-1\" \/>\n<link rel=\"canonical\" href=\"https:\/\/www.worldglasstech.com\/vi\/fact-sheet\/\" \/>\n<meta property=\"og:locale\" content=\"vi_VN\" \/>\n<meta property=\"og:locale:alternate\" content=\"en_UK\" \/>\n<meta property=\"og:type\" content=\"article\" \/>\n<meta property=\"og:title\" content=\"Fact Sheet - World Glasstech Vietnam\" \/>\n<meta property=\"og:description\" content=\"World Glasstech Vietnam is the professional and annual Glass Technology EXPO in Vietnam. The event features both flat glass but also hollow\/container glass. The marketing target not only Vietnam, but also the nearby countries in the region of Asia.\" \/>\n<meta property=\"og:url\" content=\"https:\/\/www.worldglasstech.com\/vi\/fact-sheet\/\" \/>\n<meta property=\"og:site_name\" content=\"World Glasstech Vietnam 2023\" \/>\n<meta property=\"article:modified_time\" content=\"2023-11-30T13:01:09+00:00\" \/>\n<meta property=\"og:image\" content=\"http:\/\/www.worldglasstech.com\/wp-content\/uploads\/2023\/11\/logo-BDCA-Binh-Duong-Construction-Association-300x154.png\" \/>\n<meta name=\"twitter:card\" content=\"summary_large_image\" \/>\n<meta name=\"twitter:label1\" content=\"\u01af\u1edbc t\u00ednh th\u1eddi gian \u0111\u1ecdc\" \/>\n\t<meta name=\"twitter:data1\" content=\"4 ph\u00fat\" \/>\n<script type=\"application\/ld+json\" class=\"yoast-schema-graph\">{\"@context\":\"https:\/\/schema.org\",\"@graph\":[{\"@type\":\"WebPage\",\"@id\":\"https:\/\/www.worldglasstech.com\/fact-sheet\/\",\"url\":\"https:\/\/www.worldglasstech.com\/fact-sheet\/\",\"name\":\"Th\u00f4ng tin chung\",\"isPartOf\":{\"@id\":\"https:\/\/www.worldglasstech.com\/#website\"},\"primaryImageOfPage\":{\"@id\":\"https:\/\/www.worldglasstech.com\/fact-sheet\/#primaryimage\"},\"image\":{\"@id\":\"https:\/\/www.worldglasstech.com\/fact-sheet\/#primaryimage\"},\"thumbnailUrl\":\"http:\/\/www.worldglasstech.com\/wp-content\/uploads\/2023\/11\/logo-BDCA-Binh-Duong-Construction-Association-300x154.png\",\"datePublished\":\"2018-05-28T12:39:01+00:00\",\"dateModified\":\"2023-11-30T13:01:09+00:00\",\"description\":\"World Glasstech Vietnam is the professional - annual Glass Technology EXPO in Vietnam. The event focuses on not only flat glass but also hollow\/container glass.\",\"breadcrumb\":{\"@id\":\"https:\/\/www.worldglasstech.com\/fact-sheet\/#breadcrumb\"},\"inLanguage\":\"vi\",\"potentialAction\":[{\"@type\":\"ReadAction\",\"target\":[\"https:\/\/www.worldglasstech.com\/fact-sheet\/\"]}]},{\"@type\":\"ImageObject\",\"inLanguage\":\"vi\",\"@id\":\"https:\/\/www.worldglasstech.com\/fact-sheet\/#primaryimage\",\"url\":\"http:\/\/www.worldglasstech.com\/wp-content\/uploads\/2023\/11\/logo-BDCA-Binh-Duong-Construction-Association-300x154.png\",\"contentUrl\":\"http:\/\/www.worldglasstech.com\/wp-content\/uploads\/2023\/11\/logo-BDCA-Binh-Duong-Construction-Association-300x154.png\"},{\"@type\":\"BreadcrumbList\",\"@id\":\"https:\/\/www.worldglasstech.com\/fact-sheet\/#breadcrumb\",\"itemListElement\":[{\"@type\":\"ListItem\",\"position\":1,\"name\":\"Home\",\"item\":\"https:\/\/www.worldglasstech.com\/\"},{\"@type\":\"ListItem\",\"position\":2,\"name\":\"General Info\"}]},{\"@type\":\"WebSite\",\"@id\":\"https:\/\/www.worldglasstech.com\/#website\",\"url\":\"https:\/\/www.worldglasstech.com\/\",\"name\":\"World Glasstech Vietnam 2023\",\"description\":\"\",\"publisher\":{\"@id\":\"https:\/\/www.worldglasstech.com\/#organization\"},\"potentialAction\":[{\"@type\":\"SearchAction\",\"target\":{\"@type\":\"EntryPoint\",\"urlTemplate\":\"https:\/\/www.worldglasstech.com\/?s={search_term_string}\"},\"query-input\":{\"@type\":\"PropertyValueSpecification\",\"valueRequired\":true,\"valueName\":\"search_term_string\"}}],\"inLanguage\":\"vi\"},{\"@type\":\"Organization\",\"@id\":\"https:\/\/www.worldglasstech.com\/#organization\",\"name\":\"World Glasstech Vietnam 2023\",\"url\":\"https:\/\/www.worldglasstech.com\/\",\"logo\":{\"@type\":\"ImageObject\",\"inLanguage\":\"vi\",\"@id\":\"https:\/\/www.worldglasstech.com\/#\/schema\/logo\/image\/\",\"url\":\"https:\/\/www.worldglasstech.com\/wp-content\/uploads\/2023\/04\/cropped-Untitled-design-1-2.jpg\",\"contentUrl\":\"https:\/\/www.worldglasstech.com\/wp-content\/uploads\/2023\/04\/cropped-Untitled-design-1-2.jpg\",\"width\":1427,\"height\":92,\"caption\":\"World Glasstech Vietnam 2023\"},\"image\":{\"@id\":\"https:\/\/www.worldglasstech.com\/#\/schema\/logo\/image\/\"}}]}<\/script>\n<!-- \/ Yoast SEO plugin. -->","yoast_head_json":{"title":"Th\u00f4ng tin chung","description":"World Glasstech Vietnam is the professional - annual Glass Technology EXPO in Vietnam. The event focuses on not only flat glass but also hollow\/container glass.","robots":{"index":"index","follow":"follow","max-snippet":"max-snippet:-1","max-image-preview":"max-image-preview:large","max-video-preview":"max-video-preview:-1"},"canonical":"https:\/\/www.worldglasstech.com\/vi\/fact-sheet\/","og_locale":"vi_VN","og_type":"article","og_title":"Fact Sheet - World Glasstech Vietnam","og_description":"World Glasstech Vietnam is the professional and annual Glass Technology EXPO in Vietnam. The event features both flat glass but also hollow\/container glass. The marketing target not only Vietnam, but also the nearby countries in the region of Asia.","og_url":"https:\/\/www.worldglasstech.com\/vi\/fact-sheet\/","og_site_name":"World Glasstech Vietnam 2023","article_modified_time":"2023-11-30T13:01:09+00:00","og_image":[{"url":"http:\/\/www.worldglasstech.com\/wp-content\/uploads\/2023\/11\/logo-BDCA-Binh-Duong-Construction-Association-300x154.png"}],"twitter_card":"summary_large_image","twitter_misc":{"\u01af\u1edbc t\u00ednh th\u1eddi gian \u0111\u1ecdc":"4 ph\u00fat"},"schema":{"@context":"https:\/\/schema.org","@graph":[{"@type":"WebPage","@id":"https:\/\/www.worldglasstech.com\/fact-sheet\/","url":"https:\/\/www.worldglasstech.com\/fact-sheet\/","name":"Th\u00f4ng tin chung","isPartOf":{"@id":"https:\/\/www.worldglasstech.com\/#website"},"primaryImageOfPage":{"@id":"https:\/\/www.worldglasstech.com\/fact-sheet\/#primaryimage"},"image":{"@id":"https:\/\/www.worldglasstech.com\/fact-sheet\/#primaryimage"},"thumbnailUrl":"http:\/\/www.worldglasstech.com\/wp-content\/uploads\/2023\/11\/logo-BDCA-Binh-Duong-Construction-Association-300x154.png","datePublished":"2018-05-28T12:39:01+00:00","dateModified":"2023-11-30T13:01:09+00:00","description":"World Glasstech Vietnam is the professional - annual Glass Technology EXPO in Vietnam. The event focuses on not only flat glass but also hollow\/container glass.","breadcrumb":{"@id":"https:\/\/www.worldglasstech.com\/fact-sheet\/#breadcrumb"},"inLanguage":"vi","potentialAction":[{"@type":"ReadAction","target":["https:\/\/www.worldglasstech.com\/fact-sheet\/"]}]},{"@type":"ImageObject","inLanguage":"vi","@id":"https:\/\/www.worldglasstech.com\/fact-sheet\/#primaryimage","url":"http:\/\/www.worldglasstech.com\/wp-content\/uploads\/2023\/11\/logo-BDCA-Binh-Duong-Construction-Association-300x154.png","contentUrl":"http:\/\/www.worldglasstech.com\/wp-content\/uploads\/2023\/11\/logo-BDCA-Binh-Duong-Construction-Association-300x154.png"},{"@type":"BreadcrumbList","@id":"https:\/\/www.worldglasstech.com\/fact-sheet\/#breadcrumb","itemListElement":[{"@type":"ListItem","position":1,"name":"Home","item":"https:\/\/www.worldglasstech.com\/"},{"@type":"ListItem","position":2,"name":"General Info"}]},{"@type":"WebSite","@id":"https:\/\/www.worldglasstech.com\/#website","url":"https:\/\/www.worldglasstech.com\/","name":"World Glasstech Vietnam 2023","description":"","publisher":{"@id":"https:\/\/www.worldglasstech.com\/#organization"},"potentialAction":[{"@type":"SearchAction","target":{"@type":"EntryPoint","urlTemplate":"https:\/\/www.worldglasstech.com\/?s={search_term_string}"},"query-input":{"@type":"PropertyValueSpecification","valueRequired":true,"valueName":"search_term_string"}}],"inLanguage":"vi"},{"@type":"Organization","@id":"https:\/\/www.worldglasstech.com\/#organization","name":"World Glasstech Vietnam 2023","url":"https:\/\/www.worldglasstech.com\/","logo":{"@type":"ImageObject","inLanguage":"vi","@id":"https:\/\/www.worldglasstech.com\/#\/schema\/logo\/image\/","url":"https:\/\/www.worldglasstech.com\/wp-content\/uploads\/2023\/04\/cropped-Untitled-design-1-2.jpg","contentUrl":"https:\/\/www.worldglasstech.com\/wp-content\/uploads\/2023\/04\/cropped-Untitled-design-1-2.jpg","width":1427,"height":92,"caption":"World Glasstech Vietnam 2023"},"image":{"@id":"https:\/\/www.worldglasstech.com\/#\/schema\/logo\/image\/"}}]}},"_links":{"self":[{"href":"https:\/\/www.worldglasstech.com\/vi\/wp-json\/wp\/v2\/pages\/336"}],"collection":[{"href":"https:\/\/www.worldglasstech.com\/vi\/wp-json\/wp\/v2\/pages"}],"about":[{"href":"https:\/\/www.worldglasstech.com\/vi\/wp-json\/wp\/v2\/types\/page"}],"author":[{"embeddable":true,"href":"https:\/\/www.worldglasstech.com\/vi\/wp-json\/wp\/v2\/users\/1"}],"replies":[{"embeddable":true,"href":"https:\/\/www.worldglasstech.com\/vi\/wp-json\/wp\/v2\/comments?post=336"}],"version-history":[{"count":123,"href":"https:\/\/www.worldglasstech.com\/vi\/wp-json\/wp\/v2\/pages\/336\/revisions"}],"predecessor-version":[{"id":2364,"href":"https:\/\/www.worldglasstech.com\/vi\/wp-json\/wp\/v2\/pages\/336\/revisions\/2364"}],"wp:attachment":[{"href":"https:\/\/www.worldglasstech.com\/vi\/wp-json\/wp\/v2\/media?parent=336"}],"curies":[{"name":"wp","href":"https:\/\/api.w.org\/{rel}","templated":true}]}}