{"id":2273,"date":"2023-05-01T16:49:12","date_gmt":"2023-05-01T16:49:12","guid":{"rendered":"https:\/\/www.worldglasstech.com\/?page_id=2273"},"modified":"2023-11-27T10:19:57","modified_gmt":"2023-11-27T10:19:57","slug":"glasstech-vietnam-2","status":"publish","type":"page","link":"https:\/\/www.worldglasstech.com\/vi\/glasstech-vietnam-2\/","title":{"rendered":"Glasstech Vietnam"},"content":{"rendered":"<p><strong>Phi\u00ean b\u1ea3n th\u1ee9 5 c\u1ee7a Glasstech Vi\u1ec7t Nam<\/strong> s\u1ebd \u0111\u01b0\u1ee3c t\u1ed5 ch\u1ee9c t\u1eeb ng\u00e0y 14 \u0111\u1ebfn ng\u00e0y 17 th\u00e1ng 12 n\u0103m 2023,\u00a0 WTC BINH DUONG NEW CITY EXPO (WTC EXPO), Vi\u1ec7t Nam.<\/p>\n<p>H\u1ed9i ch\u1ee3 Glasstech Vi\u1ec7t Nam kh\u00f4ng ch\u1ec9 t\u1eadp trung v\u00e0o K\u00ednh ph\u1eb3ng m\u00e0 c\u00f2n d\u00e0nh cho K\u00ednh r\u1ed7ng, h\u1ed9p \u0111\u1ef1ng. \u0110\u00e2y l\u00e0 h\u1ed9i ch\u1ee3 K\u00ednh chuy\u00ean nghi\u1ec7p duy nh\u1ea5t t\u1ea1i Vi\u1ec7t Nam.<\/p>\n<p>N\u00f3 nh\u1eb1m m\u1ee5c \u0111\u00edch thi\u1ebft l\u1eadp tri\u1ec3n l\u00e3m th\u01b0\u01a1ng m\u1ea1i B2B chuy\u00ean nghi\u1ec7p nh\u1ea5t cho ng\u00e0nh Th\u1ee7y tinh (c\u1ea3 k\u00ednh ph\u1eb3ng v\u00e0 k\u00ednh h\u1ed9p), c\u1eeda s\u1ed5, \u0111\u1ec3 k\u1ebft n\u1ed1i c\u00e1c nh\u00e0 cung c\u1ea5p tr\u00ean to\u00e0n th\u1ebf gi\u1edbi c\u1ee7a ng\u00e0nh v\u1edbi ng\u01b0\u1eddi mua t\u1eeb c\u00e1c n\u01b0\u1edbc ch\u00e2u \u00c1.<\/p>\n<p>H\u1ed9i ngh\u1ecb gi\u00e1o d\u1ee5c cho ng\u00e0nh \u0111\u01b0\u1ee3c t\u1ed5 ch\u1ee9c trong th\u1eddi gian di\u1ec5n ra h\u1ed9i ch\u1ee3. \u0110\u00e2y l\u00e0 m\u1ed9t n\u1ec1n t\u1ea3ng quan tr\u1ecdng \u0111\u1ec3 k\u1ebft n\u1ed1i nh\u00e0 s\u1ea3n xu\u1ea5t, nh\u00e0 ph\u00e2n ph\u1ed1i, nh\u00e0 cung c\u1ea5p, ng\u01b0\u1eddi mua, nh\u00e0 thi\u1ebft k\u1ebf, ki\u1ebfn \u200b\u200btr\u00fac s\u01b0, gi\u00e1o s\u01b0, v.v. trong ng\u00e0nh li\u00ean quan.<\/p>\n<p>ortant platform to connect the manufacture, distributor, suppliers, buyers, desginers, artechtectures, professors, etc in the related industry.<\/p>\n","protected":false},"excerpt":{"rendered":"<p>Phi\u00ean b\u1ea3n th\u1ee9 5 c\u1ee7a Glasstech Vi\u1ec7t Nam s\u1ebd \u0111\u01b0\u1ee3c t\u1ed5 ch\u1ee9c t\u1eeb ng\u00e0y 14 \u0111\u1ebfn ng\u00e0y 17 th\u00e1ng 12 n\u0103m 2023,\u00a0 WTC BINH DUONG NEW CITY EXPO (WTC EXPO), Vi\u1ec7t Nam. H\u1ed9i ch\u1ee3 Glasstech Vi\u1ec7t Nam kh\u00f4ng ch\u1ec9 t\u1eadp trung v\u00e0o K\u00ednh ph\u1eb3ng m\u00e0 c\u00f2n d\u00e0nh cho K\u00ednh r\u1ed7ng, h\u1ed9p \u0111\u1ef1ng. \u0110\u00e2y l\u00e0 h\u1ed9i [&hellip;]<\/p>\n","protected":false},"author":1,"featured_media":0,"parent":0,"menu_order":0,"comment_status":"closed","ping_status":"closed","template":"","meta":{"footnotes":""},"yoast_head":"<!-- This site is optimized with the Yoast SEO plugin v23.4 - https:\/\/yoast.com\/wordpress\/plugins\/seo\/ -->\n<title>Glasstech Vietnam<\/title>\n<meta name=\"robots\" content=\"index, follow, max-snippet:-1, max-image-preview:large, max-video-preview:-1\" \/>\n<link rel=\"canonical\" href=\"https:\/\/www.worldglasstech.com\/vi\/glasstech-vietnam-2\/\" \/>\n<meta property=\"og:locale\" content=\"vi_VN\" \/>\n<meta property=\"og:locale:alternate\" content=\"en_UK\" \/>\n<meta property=\"og:type\" content=\"article\" \/>\n<meta property=\"og:title\" content=\"Glasstech Vietnam\" \/>\n<meta property=\"og:description\" content=\"Phi\u00ean b\u1ea3n th\u1ee9 5 c\u1ee7a Glasstech Vi\u1ec7t Nam s\u1ebd \u0111\u01b0\u1ee3c t\u1ed5 ch\u1ee9c t\u1eeb ng\u00e0y 14 \u0111\u1ebfn ng\u00e0y 17 th\u00e1ng 12 n\u0103m 2023,\u00a0 WTC BINH DUONG NEW CITY EXPO (WTC EXPO), Vi\u1ec7t Nam. H\u1ed9i ch\u1ee3 Glasstech Vi\u1ec7t Nam kh\u00f4ng ch\u1ec9 t\u1eadp trung v\u00e0o K\u00ednh ph\u1eb3ng m\u00e0 c\u00f2n d\u00e0nh cho K\u00ednh r\u1ed7ng, h\u1ed9p \u0111\u1ef1ng. \u0110\u00e2y l\u00e0 h\u1ed9i [&hellip;]\" \/>\n<meta property=\"og:url\" content=\"https:\/\/www.worldglasstech.com\/vi\/glasstech-vietnam-2\/\" \/>\n<meta property=\"og:site_name\" content=\"World Glasstech Vietnam 2023\" \/>\n<meta property=\"article:modified_time\" content=\"2023-11-27T10:19:57+00:00\" \/>\n<meta name=\"twitter:card\" content=\"summary_large_image\" \/>\n<meta name=\"twitter:label1\" content=\"\u01af\u1edbc t\u00ednh th\u1eddi gian \u0111\u1ecdc\" \/>\n\t<meta name=\"twitter:data1\" content=\"1 ph\u00fat\" \/>\n<script type=\"application\/ld+json\" class=\"yoast-schema-graph\">{\"@context\":\"https:\/\/schema.org\",\"@graph\":[{\"@type\":\"WebPage\",\"@id\":\"https:\/\/www.worldglasstech.com\/glasstech-vietnam-2\/\",\"url\":\"https:\/\/www.worldglasstech.com\/glasstech-vietnam-2\/\",\"name\":\"Glasstech Vietnam\",\"isPartOf\":{\"@id\":\"https:\/\/www.worldglasstech.com\/#website\"},\"datePublished\":\"2023-05-01T16:49:12+00:00\",\"dateModified\":\"2023-11-27T10:19:57+00:00\",\"breadcrumb\":{\"@id\":\"https:\/\/www.worldglasstech.com\/glasstech-vietnam-2\/#breadcrumb\"},\"inLanguage\":\"vi\",\"potentialAction\":[{\"@type\":\"ReadAction\",\"target\":[\"https:\/\/www.worldglasstech.com\/glasstech-vietnam-2\/\"]}]},{\"@type\":\"BreadcrumbList\",\"@id\":\"https:\/\/www.worldglasstech.com\/glasstech-vietnam-2\/#breadcrumb\",\"itemListElement\":[{\"@type\":\"ListItem\",\"position\":1,\"name\":\"Home\",\"item\":\"https:\/\/www.worldglasstech.com\/\"},{\"@type\":\"ListItem\",\"position\":2,\"name\":\"Glasstech Vietnam\"}]},{\"@type\":\"WebSite\",\"@id\":\"https:\/\/www.worldglasstech.com\/#website\",\"url\":\"https:\/\/www.worldglasstech.com\/\",\"name\":\"World Glasstech Vietnam 2023\",\"description\":\"\",\"publisher\":{\"@id\":\"https:\/\/www.worldglasstech.com\/#organization\"},\"potentialAction\":[{\"@type\":\"SearchAction\",\"target\":{\"@type\":\"EntryPoint\",\"urlTemplate\":\"https:\/\/www.worldglasstech.com\/?s={search_term_string}\"},\"query-input\":{\"@type\":\"PropertyValueSpecification\",\"valueRequired\":true,\"valueName\":\"search_term_string\"}}],\"inLanguage\":\"vi\"},{\"@type\":\"Organization\",\"@id\":\"https:\/\/www.worldglasstech.com\/#organization\",\"name\":\"World Glasstech Vietnam 2023\",\"url\":\"https:\/\/www.worldglasstech.com\/\",\"logo\":{\"@type\":\"ImageObject\",\"inLanguage\":\"vi\",\"@id\":\"https:\/\/www.worldglasstech.com\/#\/schema\/logo\/image\/\",\"url\":\"https:\/\/www.worldglasstech.com\/wp-content\/uploads\/2023\/04\/cropped-Untitled-design-1-2.jpg\",\"contentUrl\":\"https:\/\/www.worldglasstech.com\/wp-content\/uploads\/2023\/04\/cropped-Untitled-design-1-2.jpg\",\"width\":1427,\"height\":92,\"caption\":\"World Glasstech Vietnam 2023\"},\"image\":{\"@id\":\"https:\/\/www.worldglasstech.com\/#\/schema\/logo\/image\/\"}}]}<\/script>\n<!-- \/ Yoast SEO plugin. -->","yoast_head_json":{"title":"Glasstech Vietnam","robots":{"index":"index","follow":"follow","max-snippet":"max-snippet:-1","max-image-preview":"max-image-preview:large","max-video-preview":"max-video-preview:-1"},"canonical":"https:\/\/www.worldglasstech.com\/vi\/glasstech-vietnam-2\/","og_locale":"vi_VN","og_type":"article","og_title":"[:en]Glasstech Vietnam[:] - World Glasstech Vietnam 2023","og_description":"Phi\u00ean b\u1ea3n th\u1ee9 5 c\u1ee7a Glasstech Vi\u1ec7t Nam s\u1ebd \u0111\u01b0\u1ee3c t\u1ed5 ch\u1ee9c t\u1eeb ng\u00e0y 14 \u0111\u1ebfn ng\u00e0y 17 th\u00e1ng 12 n\u0103m 2023,\u00a0 WTC BINH DUONG NEW CITY EXPO (WTC EXPO), Vi\u1ec7t Nam. H\u1ed9i ch\u1ee3 Glasstech Vi\u1ec7t Nam kh\u00f4ng ch\u1ec9 t\u1eadp trung v\u00e0o K\u00ednh ph\u1eb3ng m\u00e0 c\u00f2n d\u00e0nh cho K\u00ednh r\u1ed7ng, h\u1ed9p \u0111\u1ef1ng. \u0110\u00e2y l\u00e0 h\u1ed9i [&hellip;]","og_url":"https:\/\/www.worldglasstech.com\/vi\/glasstech-vietnam-2\/","og_site_name":"World Glasstech Vietnam 2023","article_modified_time":"2023-11-27T10:19:57+00:00","twitter_card":"summary_large_image","twitter_misc":{"\u01af\u1edbc t\u00ednh th\u1eddi gian \u0111\u1ecdc":"1 ph\u00fat"},"schema":{"@context":"https:\/\/schema.org","@graph":[{"@type":"WebPage","@id":"https:\/\/www.worldglasstech.com\/glasstech-vietnam-2\/","url":"https:\/\/www.worldglasstech.com\/glasstech-vietnam-2\/","name":"Glasstech Vietnam","isPartOf":{"@id":"https:\/\/www.worldglasstech.com\/#website"},"datePublished":"2023-05-01T16:49:12+00:00","dateModified":"2023-11-27T10:19:57+00:00","breadcrumb":{"@id":"https:\/\/www.worldglasstech.com\/glasstech-vietnam-2\/#breadcrumb"},"inLanguage":"vi","potentialAction":[{"@type":"ReadAction","target":["https:\/\/www.worldglasstech.com\/glasstech-vietnam-2\/"]}]},{"@type":"BreadcrumbList","@id":"https:\/\/www.worldglasstech.com\/glasstech-vietnam-2\/#breadcrumb","itemListElement":[{"@type":"ListItem","position":1,"name":"Home","item":"https:\/\/www.worldglasstech.com\/"},{"@type":"ListItem","position":2,"name":"Glasstech Vietnam"}]},{"@type":"WebSite","@id":"https:\/\/www.worldglasstech.com\/#website","url":"https:\/\/www.worldglasstech.com\/","name":"World Glasstech Vietnam 2023","description":"","publisher":{"@id":"https:\/\/www.worldglasstech.com\/#organization"},"potentialAction":[{"@type":"SearchAction","target":{"@type":"EntryPoint","urlTemplate":"https:\/\/www.worldglasstech.com\/?s={search_term_string}"},"query-input":{"@type":"PropertyValueSpecification","valueRequired":true,"valueName":"search_term_string"}}],"inLanguage":"vi"},{"@type":"Organization","@id":"https:\/\/www.worldglasstech.com\/#organization","name":"World Glasstech Vietnam 2023","url":"https:\/\/www.worldglasstech.com\/","logo":{"@type":"ImageObject","inLanguage":"vi","@id":"https:\/\/www.worldglasstech.com\/#\/schema\/logo\/image\/","url":"https:\/\/www.worldglasstech.com\/wp-content\/uploads\/2023\/04\/cropped-Untitled-design-1-2.jpg","contentUrl":"https:\/\/www.worldglasstech.com\/wp-content\/uploads\/2023\/04\/cropped-Untitled-design-1-2.jpg","width":1427,"height":92,"caption":"World Glasstech Vietnam 2023"},"image":{"@id":"https:\/\/www.worldglasstech.com\/#\/schema\/logo\/image\/"}}]}},"_links":{"self":[{"href":"https:\/\/www.worldglasstech.com\/vi\/wp-json\/wp\/v2\/pages\/2273"}],"collection":[{"href":"https:\/\/www.worldglasstech.com\/vi\/wp-json\/wp\/v2\/pages"}],"about":[{"href":"https:\/\/www.worldglasstech.com\/vi\/wp-json\/wp\/v2\/types\/page"}],"author":[{"embeddable":true,"href":"https:\/\/www.worldglasstech.com\/vi\/wp-json\/wp\/v2\/users\/1"}],"replies":[{"embeddable":true,"href":"https:\/\/www.worldglasstech.com\/vi\/wp-json\/wp\/v2\/comments?post=2273"}],"version-history":[{"count":4,"href":"https:\/\/www.worldglasstech.com\/vi\/wp-json\/wp\/v2\/pages\/2273\/revisions"}],"predecessor-version":[{"id":2349,"href":"https:\/\/www.worldglasstech.com\/vi\/wp-json\/wp\/v2\/pages\/2273\/revisions\/2349"}],"wp:attachment":[{"href":"https:\/\/www.worldglasstech.com\/vi\/wp-json\/wp\/v2\/media?parent=2273"}],"curies":[{"name":"wp","href":"https:\/\/api.w.org\/{rel}","templated":true}]}}