{"id":2261,"date":"2023-05-01T16:28:49","date_gmt":"2023-05-01T16:28:49","guid":{"rendered":"https:\/\/www.worldglasstech.com\/?page_id=2261"},"modified":"2023-05-01T16:40:05","modified_gmt":"2023-05-01T16:40:05","slug":"expohollowglass-glasspack","status":"publish","type":"page","link":"https:\/\/www.worldglasstech.com\/vi\/expohollowglass-glasspack\/","title":{"rendered":"ExpoHollowGlass\/GlassPack"},"content":{"rendered":"<p><a href=\"http:\/\/www.worldglasstech.com\/wp-content\/uploads\/2023\/04\/Hollow-Vietnam.png\"><img loading=\"lazy\" decoding=\"async\" class=\"alignnone size-medium wp-image-2120\" src=\"http:\/\/www.worldglasstech.com\/wp-content\/uploads\/2023\/04\/Hollow-Vietnam-300x73.png\" alt=\"\" width=\"300\" height=\"73\" srcset=\"https:\/\/www.worldglasstech.com\/wp-content\/uploads\/2023\/04\/Hollow-Vietnam-300x73.png 300w, https:\/\/www.worldglasstech.com\/wp-content\/uploads\/2023\/04\/Hollow-Vietnam-1024x249.png 1024w, https:\/\/www.worldglasstech.com\/wp-content\/uploads\/2023\/04\/Hollow-Vietnam-768x187.png 768w, https:\/\/www.worldglasstech.com\/wp-content\/uploads\/2023\/04\/Hollow-Vietnam-1536x374.png 1536w, https:\/\/www.worldglasstech.com\/wp-content\/uploads\/2023\/04\/Hollow-Vietnam-2048x499.png 2048w\" sizes=\"(max-width: 300px) 100vw, 300px\" \/><\/a> <a href=\"http:\/\/www.worldglasstech.com\/wp-content\/uploads\/2023\/05\/Glasspack-Vietnam.png\"><img loading=\"lazy\" decoding=\"async\" class=\"alignnone  wp-image-2262\" src=\"http:\/\/www.worldglasstech.com\/wp-content\/uploads\/2023\/05\/Glasspack-Vietnam-300x95.png\" alt=\"\" width=\"212\" height=\"67\" srcset=\"https:\/\/www.worldglasstech.com\/wp-content\/uploads\/2023\/05\/Glasspack-Vietnam-300x95.png 300w, https:\/\/www.worldglasstech.com\/wp-content\/uploads\/2023\/05\/Glasspack-Vietnam.png 594w\" sizes=\"(max-width: 212px) 100vw, 212px\" \/><\/a><br \/>\n<strong>The expo Hollow Glass, GlassPack Vietnam\u00a0<\/strong><br \/>\n<strong>H\u1ed9i ch\u1ee3 Hollow Glass, GlassPack Vietnam<\/strong> s\u1ebd \u0111\u01b0\u1ee3c t\u1ed5 ch\u1ee9c c\u00f9ng v\u1edbi h\u1ed9i ch\u1ee3 GlasstechVietnam, t\u1eeb ng\u00e0y 15 \u0111\u1ebfn ng\u00e0y 17 th\u00e1ng 11 n\u0103m 2023, t\u1ea1i Trung t\u00e2m H\u1ed9i ch\u1ee3 &#038; Tri\u1ec3n l\u00e3m S\u00e0i G\u00f2n<br \/>\n\u00dd t\u01b0\u1edfng c\u1ee7a h\u1ed9i ch\u1ee3 l\u00e0 d\u00e0nh ri\u00eang cho ng\u00e0nh th\u1ee7y tinh, th\u1ee7y tinh r\u1ed7ng v\u00e0 th\u1ee7y tinh \u0111\u00f3ng g\u00f3i, nh\u1eb1m thu h\u00fat c\u00e1c nh\u00e0 tri\u1ec3n l\u00e3m t\u1eeb kh\u1eafp n\u01a1i tr\u00ean th\u1ebf gi\u1edbi v\u00e0 g\u1eb7p g\u1ee1 du kh\u00e1ch t\u1eeb t\u1ea5t c\u1ea3 c\u00e1c n\u01b0\u1edbc ch\u00e2u \u00c1.<\/p>\n<p><strong>H\u1ed3 s\u01a1 tri\u1ec3n l\u00e3m<\/strong><br \/>\ntrung chuy\u1ec3n gob<br \/>\nnh\u1eb7t b\u00f3ng<br \/>\nm\u00e1y h\u00fat<br \/>\nB\u1ed9 n\u1ea1p b\u1ea1ch kim<br \/>\nl\u01b0\u1ee1i c\u1eaft<br \/>\nm\u00e1y th\u1ed5i<br \/>\nm\u00e1y \u00e9p<br \/>\nm\u00e1y \u00e9p-th\u1ed5i<br \/>\nm\u00e1y k\u00e9o s\u1ee3i<br \/>\nm\u00e1y phun<br \/>\nAmpoule v\u00e0 m\u00e1y th\u1ee7y tinh ph\u00f2ng th\u00ed nghi\u1ec7m<br \/>\nM\u00e1y l\u00e0m chai l\u1ecd th\u1ee7y tinh<br \/>\nKhu\u00f4n m\u1eabu s\u1ea3n xu\u1ea5t th\u1ee7y tinh<br \/>\nM\u00e1y h\u00e0n v\u00e0 \u0111\u00e1nh b\u00f3ng l\u1eeda<br \/>\nh\u1ec7 th\u1ed1ng \u0111\u1ecbnh l\u01b0\u1ee3ng<br \/>\nH\u1ec7 th\u1ed1ng phun khu\u00f4n k\u00ednh<br \/>\nC\u00f4ng ngh\u1ec7 v\u00e0 m\u00e1y m\u00f3c ki\u1ec3m so\u00e1t nhi\u1ec7t \u0111\u1ed9<br \/>\nC\u00f4ng ngh\u1ec7 v\u00e0 d\u1ecbch v\u1ee5 \u0111\u00f3ng g\u00f3i<br \/>\nD\u1ecbch v\u1ee5 v\u1eadn chuy\u1ec3n<br \/>\nC\u00f4ng ngh\u1ec7 v\u00e0 d\u1ecbch v\u1ee5 t\u00e1i ch\u1ebf<br \/>\nH\u00f3a ch\u1ea5t, nguy\u00ean li\u1ec7u th\u00f4 v\u00e0 kim lo\u1ea1i<br \/>\nH\u1ed9i th\u1ea3o thi\u1ebft k\u1ebf ph\u1ea7n c\u1ee9ng v\u00e0 vi\u1ec7n nghi\u00ean c\u1ee9u<br \/>\nH\u1ed7 tr\u1ee3 v\u00e0 t\u01b0 v\u1ea5n t\u1ea1o h\u00ecnh k\u00ednh r\u1ed7ng<\/p>\n<p><strong>H\u1ed3 s\u01a1 kh\u00e1ch truy c\u1eadp<\/strong><br \/>\nNh\u00e0 s\u1ea3n xu\u1ea5t v\u00e0 x\u1eed l\u00fd k\u00ednh r\u1ed7ng\/h\u1ed9p ch\u1ee9a<br \/>\nNh\u00e0 cung c\u1ea5p d\u1ecbch v\u1ee5 \u0111\u00f3ng g\u00f3i v\u00e0 v\u1eadn chuy\u1ec3n<br \/>\nS\u1ea3n xu\u1ea5t \u0111\u1ed3 u\u1ed1ng v\u00e0 th\u1ef1c ph\u1ea9m<br \/>\nNh\u00e0 s\u1ea3n xu\u1ea5t th\u1ee7y tinh m\u1ef9 ph\u1ea9m, th\u1ee7y tinh v\u00e0 th\u1ee7y tinh d\u01b0\u1ee3c ph\u1ea9m<br \/>\nNh\u00e0 m\u00e1y d\u01b0\u1ee3c ph\u1ea9m v\u00e0 h\u00f3a ch\u1ea5t<br \/>\nC\u00e1c c\u00f4ng ty v\u00e0 t\u1ed5 ch\u1ee9c t\u00e1i ch\u1ebf<br \/>\nQu\u1ea3n l\u00fd v\u1eadn h\u00e0nh, d\u1ef1 \u00e1n, mua h\u00e0ng v\u00e0 k\u1ef9 thu\u1eadt nh\u00e0 m\u00e1y<br \/>\ns\u1ea3n xu\u1ea5t th\u1ee7 c\u00f4ng m\u1ef9 ngh\u1ec7<br \/>\ns\u1ea3n xu\u1ea5t bao b\u00ec<br \/>\n\u0110\u1ea1i l\u00fd, nh\u00e0 ph\u00e2n ph\u1ed1i, nh\u00e0 cung c\u1ea5p, ng\u01b0\u1eddi mua, nh\u00e0 th\u1ea7u v\u00e0 \u0111\u1ea1i l\u00fd<br \/>\nNh\u00e0 nh\u1eadp kh\u1ea9u v\u00e0 nh\u00e0 xu\u1ea5t kh\u1ea9u<br \/>\nC\u00e1c hi\u1ec7p h\u1ed9i, vi\u1ec7n nghi\u00ean c\u1ee9u v\u00e0 nh\u00e0 t\u1ed5 ch\u1ee9c k\u00ednh r\u1ed7ng\/h\u1ed9p \u0111\u1ef1ng<\/p>\n","protected":false},"excerpt":{"rendered":"<p>The expo Hollow Glass, GlassPack Vietnam\u00a0 H\u1ed9i ch\u1ee3 Hollow Glass, GlassPack Vietnam s\u1ebd \u0111\u01b0\u1ee3c t\u1ed5 ch\u1ee9c c\u00f9ng v\u1edbi h\u1ed9i ch\u1ee3 GlasstechVietnam, t\u1eeb ng\u00e0y 15 \u0111\u1ebfn ng\u00e0y 17 th\u00e1ng 11 n\u0103m 2023, t\u1ea1i Trung t\u00e2m H\u1ed9i ch\u1ee3 &#038; Tri\u1ec3n l\u00e3m S\u00e0i G\u00f2n \u00dd t\u01b0\u1edfng c\u1ee7a h\u1ed9i ch\u1ee3 l\u00e0 d\u00e0nh ri\u00eang cho ng\u00e0nh th\u1ee7y tinh, th\u1ee7y tinh [&hellip;]<\/p>\n","protected":false},"author":1,"featured_media":0,"parent":0,"menu_order":0,"comment_status":"closed","ping_status":"closed","template":"","meta":{"footnotes":""},"yoast_head":"<!-- This site is optimized with the Yoast SEO plugin v23.4 - https:\/\/yoast.com\/wordpress\/plugins\/seo\/ -->\n<title>ExpoHollowGlass\/GlassPack<\/title>\n<meta name=\"robots\" content=\"index, follow, max-snippet:-1, max-image-preview:large, max-video-preview:-1\" \/>\n<link rel=\"canonical\" href=\"https:\/\/www.worldglasstech.com\/vi\/expohollowglass-glasspack\/\" \/>\n<meta property=\"og:locale\" content=\"vi_VN\" \/>\n<meta property=\"og:locale:alternate\" content=\"en_UK\" \/>\n<meta property=\"og:type\" content=\"article\" \/>\n<meta property=\"og:title\" content=\"ExpoHollowGlass\/GlassPack\" \/>\n<meta property=\"og:description\" content=\"The expo Hollow Glass, GlassPack Vietnam\u00a0 H\u1ed9i ch\u1ee3 Hollow Glass, GlassPack Vietnam s\u1ebd \u0111\u01b0\u1ee3c t\u1ed5 ch\u1ee9c c\u00f9ng v\u1edbi h\u1ed9i ch\u1ee3 GlasstechVietnam, t\u1eeb ng\u00e0y 15 \u0111\u1ebfn ng\u00e0y 17 th\u00e1ng 11 n\u0103m 2023, t\u1ea1i Trung t\u00e2m H\u1ed9i ch\u1ee3 &amp; Tri\u1ec3n l\u00e3m S\u00e0i G\u00f2n \u00dd t\u01b0\u1edfng c\u1ee7a h\u1ed9i ch\u1ee3 l\u00e0 d\u00e0nh ri\u00eang cho ng\u00e0nh th\u1ee7y tinh, th\u1ee7y tinh [&hellip;]\" \/>\n<meta property=\"og:url\" content=\"https:\/\/www.worldglasstech.com\/vi\/expohollowglass-glasspack\/\" \/>\n<meta property=\"og:site_name\" content=\"World Glasstech Vietnam 2023\" \/>\n<meta property=\"article:modified_time\" content=\"2023-05-01T16:40:05+00:00\" \/>\n<meta property=\"og:image\" content=\"http:\/\/www.worldglasstech.com\/wp-content\/uploads\/2023\/04\/Hollow-Vietnam-300x73.png\" \/>\n<meta name=\"twitter:card\" content=\"summary_large_image\" \/>\n<meta name=\"twitter:label1\" content=\"\u01af\u1edbc t\u00ednh th\u1eddi gian \u0111\u1ecdc\" \/>\n\t<meta name=\"twitter:data1\" content=\"2 ph\u00fat\" \/>\n<script type=\"application\/ld+json\" class=\"yoast-schema-graph\">{\"@context\":\"https:\/\/schema.org\",\"@graph\":[{\"@type\":\"WebPage\",\"@id\":\"https:\/\/www.worldglasstech.com\/vi\/expohollowglass-glasspack\/\",\"url\":\"https:\/\/www.worldglasstech.com\/vi\/expohollowglass-glasspack\/\",\"name\":\"ExpoHollowGlass\/GlassPack\",\"isPartOf\":{\"@id\":\"https:\/\/www.worldglasstech.com\/#website\"},\"primaryImageOfPage\":{\"@id\":\"https:\/\/www.worldglasstech.com\/vi\/expohollowglass-glasspack\/#primaryimage\"},\"image\":{\"@id\":\"https:\/\/www.worldglasstech.com\/vi\/expohollowglass-glasspack\/#primaryimage\"},\"thumbnailUrl\":\"http:\/\/www.worldglasstech.com\/wp-content\/uploads\/2023\/04\/Hollow-Vietnam-300x73.png\",\"datePublished\":\"2023-05-01T16:28:49+00:00\",\"dateModified\":\"2023-05-01T16:40:05+00:00\",\"breadcrumb\":{\"@id\":\"https:\/\/www.worldglasstech.com\/vi\/expohollowglass-glasspack\/#breadcrumb\"},\"inLanguage\":\"vi\",\"potentialAction\":[{\"@type\":\"ReadAction\",\"target\":[\"https:\/\/www.worldglasstech.com\/vi\/expohollowglass-glasspack\/\"]}]},{\"@type\":\"ImageObject\",\"inLanguage\":\"vi\",\"@id\":\"https:\/\/www.worldglasstech.com\/vi\/expohollowglass-glasspack\/#primaryimage\",\"url\":\"http:\/\/www.worldglasstech.com\/wp-content\/uploads\/2023\/04\/Hollow-Vietnam-300x73.png\",\"contentUrl\":\"http:\/\/www.worldglasstech.com\/wp-content\/uploads\/2023\/04\/Hollow-Vietnam-300x73.png\"},{\"@type\":\"BreadcrumbList\",\"@id\":\"https:\/\/www.worldglasstech.com\/vi\/expohollowglass-glasspack\/#breadcrumb\",\"itemListElement\":[{\"@type\":\"ListItem\",\"position\":1,\"name\":\"Home\",\"item\":\"https:\/\/www.worldglasstech.com\/\"},{\"@type\":\"ListItem\",\"position\":2,\"name\":\"ExpoHollowGlass\/GlassPack\"}]},{\"@type\":\"WebSite\",\"@id\":\"https:\/\/www.worldglasstech.com\/#website\",\"url\":\"https:\/\/www.worldglasstech.com\/\",\"name\":\"World Glasstech Vietnam 2023\",\"description\":\"\",\"publisher\":{\"@id\":\"https:\/\/www.worldglasstech.com\/#organization\"},\"potentialAction\":[{\"@type\":\"SearchAction\",\"target\":{\"@type\":\"EntryPoint\",\"urlTemplate\":\"https:\/\/www.worldglasstech.com\/?s={search_term_string}\"},\"query-input\":{\"@type\":\"PropertyValueSpecification\",\"valueRequired\":true,\"valueName\":\"search_term_string\"}}],\"inLanguage\":\"vi\"},{\"@type\":\"Organization\",\"@id\":\"https:\/\/www.worldglasstech.com\/#organization\",\"name\":\"World Glasstech Vietnam 2023\",\"url\":\"https:\/\/www.worldglasstech.com\/\",\"logo\":{\"@type\":\"ImageObject\",\"inLanguage\":\"vi\",\"@id\":\"https:\/\/www.worldglasstech.com\/#\/schema\/logo\/image\/\",\"url\":\"https:\/\/www.worldglasstech.com\/wp-content\/uploads\/2023\/04\/cropped-Untitled-design-1-2.jpg\",\"contentUrl\":\"https:\/\/www.worldglasstech.com\/wp-content\/uploads\/2023\/04\/cropped-Untitled-design-1-2.jpg\",\"width\":1427,\"height\":92,\"caption\":\"World Glasstech Vietnam 2023\"},\"image\":{\"@id\":\"https:\/\/www.worldglasstech.com\/#\/schema\/logo\/image\/\"}}]}<\/script>\n<!-- \/ Yoast SEO plugin. -->","yoast_head_json":{"title":"ExpoHollowGlass\/GlassPack","robots":{"index":"index","follow":"follow","max-snippet":"max-snippet:-1","max-image-preview":"max-image-preview:large","max-video-preview":"max-video-preview:-1"},"canonical":"https:\/\/www.worldglasstech.com\/vi\/expohollowglass-glasspack\/","og_locale":"vi_VN","og_type":"article","og_title":"[:en]ExpoHollowGlass\/GlassPack[:] - World Glasstech Vietnam 2023","og_description":"The expo Hollow Glass, GlassPack Vietnam\u00a0 H\u1ed9i ch\u1ee3 Hollow Glass, GlassPack Vietnam s\u1ebd \u0111\u01b0\u1ee3c t\u1ed5 ch\u1ee9c c\u00f9ng v\u1edbi h\u1ed9i ch\u1ee3 GlasstechVietnam, t\u1eeb ng\u00e0y 15 \u0111\u1ebfn ng\u00e0y 17 th\u00e1ng 11 n\u0103m 2023, t\u1ea1i Trung t\u00e2m H\u1ed9i ch\u1ee3 &#038; Tri\u1ec3n l\u00e3m S\u00e0i G\u00f2n \u00dd t\u01b0\u1edfng c\u1ee7a h\u1ed9i ch\u1ee3 l\u00e0 d\u00e0nh ri\u00eang cho ng\u00e0nh th\u1ee7y tinh, th\u1ee7y tinh [&hellip;]","og_url":"https:\/\/www.worldglasstech.com\/vi\/expohollowglass-glasspack\/","og_site_name":"World Glasstech Vietnam 2023","article_modified_time":"2023-05-01T16:40:05+00:00","og_image":[{"url":"http:\/\/www.worldglasstech.com\/wp-content\/uploads\/2023\/04\/Hollow-Vietnam-300x73.png"}],"twitter_card":"summary_large_image","twitter_misc":{"\u01af\u1edbc t\u00ednh th\u1eddi gian \u0111\u1ecdc":"2 ph\u00fat"},"schema":{"@context":"https:\/\/schema.org","@graph":[{"@type":"WebPage","@id":"https:\/\/www.worldglasstech.com\/vi\/expohollowglass-glasspack\/","url":"https:\/\/www.worldglasstech.com\/vi\/expohollowglass-glasspack\/","name":"ExpoHollowGlass\/GlassPack","isPartOf":{"@id":"https:\/\/www.worldglasstech.com\/#website"},"primaryImageOfPage":{"@id":"https:\/\/www.worldglasstech.com\/vi\/expohollowglass-glasspack\/#primaryimage"},"image":{"@id":"https:\/\/www.worldglasstech.com\/vi\/expohollowglass-glasspack\/#primaryimage"},"thumbnailUrl":"http:\/\/www.worldglasstech.com\/wp-content\/uploads\/2023\/04\/Hollow-Vietnam-300x73.png","datePublished":"2023-05-01T16:28:49+00:00","dateModified":"2023-05-01T16:40:05+00:00","breadcrumb":{"@id":"https:\/\/www.worldglasstech.com\/vi\/expohollowglass-glasspack\/#breadcrumb"},"inLanguage":"vi","potentialAction":[{"@type":"ReadAction","target":["https:\/\/www.worldglasstech.com\/vi\/expohollowglass-glasspack\/"]}]},{"@type":"ImageObject","inLanguage":"vi","@id":"https:\/\/www.worldglasstech.com\/vi\/expohollowglass-glasspack\/#primaryimage","url":"http:\/\/www.worldglasstech.com\/wp-content\/uploads\/2023\/04\/Hollow-Vietnam-300x73.png","contentUrl":"http:\/\/www.worldglasstech.com\/wp-content\/uploads\/2023\/04\/Hollow-Vietnam-300x73.png"},{"@type":"BreadcrumbList","@id":"https:\/\/www.worldglasstech.com\/vi\/expohollowglass-glasspack\/#breadcrumb","itemListElement":[{"@type":"ListItem","position":1,"name":"Home","item":"https:\/\/www.worldglasstech.com\/"},{"@type":"ListItem","position":2,"name":"ExpoHollowGlass\/GlassPack"}]},{"@type":"WebSite","@id":"https:\/\/www.worldglasstech.com\/#website","url":"https:\/\/www.worldglasstech.com\/","name":"World Glasstech Vietnam 2023","description":"","publisher":{"@id":"https:\/\/www.worldglasstech.com\/#organization"},"potentialAction":[{"@type":"SearchAction","target":{"@type":"EntryPoint","urlTemplate":"https:\/\/www.worldglasstech.com\/?s={search_term_string}"},"query-input":{"@type":"PropertyValueSpecification","valueRequired":true,"valueName":"search_term_string"}}],"inLanguage":"vi"},{"@type":"Organization","@id":"https:\/\/www.worldglasstech.com\/#organization","name":"World Glasstech Vietnam 2023","url":"https:\/\/www.worldglasstech.com\/","logo":{"@type":"ImageObject","inLanguage":"vi","@id":"https:\/\/www.worldglasstech.com\/#\/schema\/logo\/image\/","url":"https:\/\/www.worldglasstech.com\/wp-content\/uploads\/2023\/04\/cropped-Untitled-design-1-2.jpg","contentUrl":"https:\/\/www.worldglasstech.com\/wp-content\/uploads\/2023\/04\/cropped-Untitled-design-1-2.jpg","width":1427,"height":92,"caption":"World Glasstech Vietnam 2023"},"image":{"@id":"https:\/\/www.worldglasstech.com\/#\/schema\/logo\/image\/"}}]}},"_links":{"self":[{"href":"https:\/\/www.worldglasstech.com\/vi\/wp-json\/wp\/v2\/pages\/2261"}],"collection":[{"href":"https:\/\/www.worldglasstech.com\/vi\/wp-json\/wp\/v2\/pages"}],"about":[{"href":"https:\/\/www.worldglasstech.com\/vi\/wp-json\/wp\/v2\/types\/page"}],"author":[{"embeddable":true,"href":"https:\/\/www.worldglasstech.com\/vi\/wp-json\/wp\/v2\/users\/1"}],"replies":[{"embeddable":true,"href":"https:\/\/www.worldglasstech.com\/vi\/wp-json\/wp\/v2\/comments?post=2261"}],"version-history":[{"count":5,"href":"https:\/\/www.worldglasstech.com\/vi\/wp-json\/wp\/v2\/pages\/2261\/revisions"}],"predecessor-version":[{"id":2271,"href":"https:\/\/www.worldglasstech.com\/vi\/wp-json\/wp\/v2\/pages\/2261\/revisions\/2271"}],"wp:attachment":[{"href":"https:\/\/www.worldglasstech.com\/vi\/wp-json\/wp\/v2\/media?parent=2261"}],"curies":[{"name":"wp","href":"https:\/\/api.w.org\/{rel}","templated":true}]}}