{"id":2228,"date":"2023-04-07T21:34:49","date_gmt":"2023-04-07T21:34:49","guid":{"rendered":"https:\/\/www.worldglasstech.com\/?page_id=2228"},"modified":"2023-04-07T21:37:23","modified_gmt":"2023-04-07T21:37:23","slug":"be-speakers","status":"publish","type":"page","link":"https:\/\/www.worldglasstech.com\/vi\/be-speakers\/","title":{"rendered":"H\u00e3y Di\u1ec5n Gi\u1ea3"},"content":{"rendered":"\n<pre id=\"tw-target-text\" class=\"wp-block-preformatted\">Glasstech Vietnam 2023 m\u1eddi di\u1ec5n gi\u1ea3 c\u1ee7a c\u00e1c b\u00e0i thuy\u1ebft tr\u00ecnh gi\u00e1o d\u1ee5c cho ng\u00e0nh K\u00ednh v\u00e0 C\u1eeda s\u1ed5.\n\n\u0110\u1ec3 \u0111\u01b0\u1ee3c xem x\u00e9t tham gia ch\u01b0\u01a1ng tr\u00ecnh Glasstech v\u00e0 Fenestration, vui l\u00f2ng g\u1eedi \u0111\u1ec1 xu\u1ea5t th\u1ea3o lu\u1eadn t\u1edbi nh\u00e0 tri\u1ec3n l\u00e3m@worldglasstech.com<\/pre>\n","protected":false},"excerpt":{"rendered":"<p>Glasstech Vietnam 2023 m\u1eddi di\u1ec5n gi\u1ea3 c\u1ee7a c\u00e1c b\u00e0i thuy\u1ebft tr\u00ecnh gi\u00e1o d\u1ee5c cho ng\u00e0nh K\u00ednh v\u00e0 C\u1eeda s\u1ed5. \u0110\u1ec3 \u0111\u01b0\u1ee3c xem x\u00e9t tham gia ch\u01b0\u01a1ng tr\u00ecnh Glasstech v\u00e0 Fenestration, vui l\u00f2ng g\u1eedi \u0111\u1ec1 xu\u1ea5t th\u1ea3o lu\u1eadn t\u1edbi nh\u00e0 tri\u1ec3n l\u00e3m@worldglasstech.com<\/p>\n","protected":false},"author":1,"featured_media":0,"parent":0,"menu_order":0,"comment_status":"closed","ping_status":"closed","template":"","meta":{"footnotes":""},"yoast_head":"<!-- This site is optimized with the Yoast SEO plugin v23.4 - https:\/\/yoast.com\/wordpress\/plugins\/seo\/ -->\n<title>H\u00e3y Di\u1ec5n Gi\u1ea3<\/title>\n<meta name=\"description\" content=\"Glasstech Vietnam 2023 m\u1eddi di\u1ec5n gi\u1ea3 c\u1ee7a c\u00e1c b\u00e0i thuy\u1ebft tr\u00ecnh gi\u00e1o d\u1ee5c cho ng\u00e0nh K\u00ednh v\u00e0 C\u1eeda s\u1ed5.\u0110\u1ec3 \u0111\u01b0\u1ee3c xem x\u00e9t tham gia ch\u01b0\u01a1ng tr\u00ecnh Glasstech v\u00e0 Fenestration, vui l\u00f2ng g\u1eedi \u0111\u1ec1 xu\u1ea5t th\u1ea3o lu\u1eadn t\u1edbi nh\u00e0 tri\u1ec3n l\u00e3m@worldglasstech.com\" \/>\n<meta name=\"robots\" content=\"index, follow, max-snippet:-1, max-image-preview:large, max-video-preview:-1\" \/>\n<link rel=\"canonical\" href=\"https:\/\/www.worldglasstech.com\/vi\/be-speakers\/\" \/>\n<meta property=\"og:locale\" content=\"vi_VN\" \/>\n<meta property=\"og:locale:alternate\" content=\"en_UK\" \/>\n<meta property=\"og:type\" content=\"article\" \/>\n<meta property=\"og:title\" content=\"H\u00e3y Di\u1ec5n Gi\u1ea3\" \/>\n<meta property=\"og:description\" content=\"Glasstech Vietnam 2023 is inviting speakers of submissions for educational presentations for the Glass and Doors Windows industry.To be considered for the Glasstech and Fenestration program, please submit a proposal for discussion to\u00a0exhibitor@worldglasstech.com\" \/>\n<meta property=\"og:url\" content=\"https:\/\/www.worldglasstech.com\/vi\/be-speakers\/\" \/>\n<meta property=\"og:site_name\" content=\"World Glasstech Vietnam 2023\" \/>\n<meta property=\"article:modified_time\" content=\"2023-04-07T21:37:23+00:00\" \/>\n<meta name=\"twitter:card\" content=\"summary_large_image\" \/>\n<meta name=\"twitter:label1\" content=\"\u01af\u1edbc t\u00ednh th\u1eddi gian \u0111\u1ecdc\" \/>\n\t<meta name=\"twitter:data1\" content=\"1 ph\u00fat\" \/>\n<script type=\"application\/ld+json\" class=\"yoast-schema-graph\">{\"@context\":\"https:\/\/schema.org\",\"@graph\":[{\"@type\":\"WebPage\",\"@id\":\"https:\/\/www.worldglasstech.com\/be-speakers\/\",\"url\":\"https:\/\/www.worldglasstech.com\/be-speakers\/\",\"name\":\"H\u00e3y Di\u1ec5n Gi\u1ea3\",\"isPartOf\":{\"@id\":\"https:\/\/www.worldglasstech.com\/#website\"},\"datePublished\":\"2023-04-07T21:34:49+00:00\",\"dateModified\":\"2023-04-07T21:37:23+00:00\",\"description\":\"Glasstech Vietnam 2023 is inviting speakers of submissions for educational presentations for the Glass and Doors Windows industry.To be considered for the Glasstech and Fenestration program, please submit a proposal for discussion to\u00a0exhibitor@worldglasstech.com\",\"breadcrumb\":{\"@id\":\"https:\/\/www.worldglasstech.com\/be-speakers\/#breadcrumb\"},\"inLanguage\":\"vi\",\"potentialAction\":[{\"@type\":\"ReadAction\",\"target\":[\"https:\/\/www.worldglasstech.com\/be-speakers\/\"]}]},{\"@type\":\"BreadcrumbList\",\"@id\":\"https:\/\/www.worldglasstech.com\/be-speakers\/#breadcrumb\",\"itemListElement\":[{\"@type\":\"ListItem\",\"position\":1,\"name\":\"Home\",\"item\":\"https:\/\/www.worldglasstech.com\/\"},{\"@type\":\"ListItem\",\"position\":2,\"name\":\"Be Speakers\"}]},{\"@type\":\"WebSite\",\"@id\":\"https:\/\/www.worldglasstech.com\/#website\",\"url\":\"https:\/\/www.worldglasstech.com\/\",\"name\":\"World Glasstech Vietnam 2023\",\"description\":\"\",\"publisher\":{\"@id\":\"https:\/\/www.worldglasstech.com\/#organization\"},\"potentialAction\":[{\"@type\":\"SearchAction\",\"target\":{\"@type\":\"EntryPoint\",\"urlTemplate\":\"https:\/\/www.worldglasstech.com\/?s={search_term_string}\"},\"query-input\":{\"@type\":\"PropertyValueSpecification\",\"valueRequired\":true,\"valueName\":\"search_term_string\"}}],\"inLanguage\":\"vi\"},{\"@type\":\"Organization\",\"@id\":\"https:\/\/www.worldglasstech.com\/#organization\",\"name\":\"World Glasstech Vietnam 2023\",\"url\":\"https:\/\/www.worldglasstech.com\/\",\"logo\":{\"@type\":\"ImageObject\",\"inLanguage\":\"vi\",\"@id\":\"https:\/\/www.worldglasstech.com\/#\/schema\/logo\/image\/\",\"url\":\"https:\/\/www.worldglasstech.com\/wp-content\/uploads\/2023\/04\/cropped-Untitled-design-1-2.jpg\",\"contentUrl\":\"https:\/\/www.worldglasstech.com\/wp-content\/uploads\/2023\/04\/cropped-Untitled-design-1-2.jpg\",\"width\":1427,\"height\":92,\"caption\":\"World Glasstech Vietnam 2023\"},\"image\":{\"@id\":\"https:\/\/www.worldglasstech.com\/#\/schema\/logo\/image\/\"}}]}<\/script>\n<!-- \/ Yoast SEO plugin. -->","yoast_head_json":{"title":"H\u00e3y Di\u1ec5n Gi\u1ea3","description":"Glasstech Vietnam 2023 m\u1eddi di\u1ec5n gi\u1ea3 c\u1ee7a c\u00e1c b\u00e0i thuy\u1ebft tr\u00ecnh gi\u00e1o d\u1ee5c cho ng\u00e0nh K\u00ednh v\u00e0 C\u1eeda s\u1ed5.\u0110\u1ec3 \u0111\u01b0\u1ee3c xem x\u00e9t tham gia ch\u01b0\u01a1ng tr\u00ecnh Glasstech v\u00e0 Fenestration, vui l\u00f2ng g\u1eedi \u0111\u1ec1 xu\u1ea5t th\u1ea3o lu\u1eadn t\u1edbi nh\u00e0 tri\u1ec3n l\u00e3m@worldglasstech.com","robots":{"index":"index","follow":"follow","max-snippet":"max-snippet:-1","max-image-preview":"max-image-preview:large","max-video-preview":"max-video-preview:-1"},"canonical":"https:\/\/www.worldglasstech.com\/vi\/be-speakers\/","og_locale":"vi_VN","og_type":"article","og_title":"[:en]Be Speakers[:vi]H\u00e3y Di\u1ec5n Gi\u1ea3[:] - World Glasstech Vietnam 2023","og_description":"Glasstech Vietnam 2023 is inviting speakers of submissions for educational presentations for the Glass and Doors Windows industry.To be considered for the Glasstech and Fenestration program, please submit a proposal for discussion to\u00a0exhibitor@worldglasstech.com","og_url":"https:\/\/www.worldglasstech.com\/vi\/be-speakers\/","og_site_name":"World Glasstech Vietnam 2023","article_modified_time":"2023-04-07T21:37:23+00:00","twitter_card":"summary_large_image","twitter_misc":{"\u01af\u1edbc t\u00ednh th\u1eddi gian \u0111\u1ecdc":"1 ph\u00fat"},"schema":{"@context":"https:\/\/schema.org","@graph":[{"@type":"WebPage","@id":"https:\/\/www.worldglasstech.com\/be-speakers\/","url":"https:\/\/www.worldglasstech.com\/be-speakers\/","name":"H\u00e3y Di\u1ec5n Gi\u1ea3","isPartOf":{"@id":"https:\/\/www.worldglasstech.com\/#website"},"datePublished":"2023-04-07T21:34:49+00:00","dateModified":"2023-04-07T21:37:23+00:00","description":"Glasstech Vietnam 2023 is inviting speakers of submissions for educational presentations for the Glass and Doors Windows industry.To be considered for the Glasstech and Fenestration program, please submit a proposal for discussion to\u00a0exhibitor@worldglasstech.com","breadcrumb":{"@id":"https:\/\/www.worldglasstech.com\/be-speakers\/#breadcrumb"},"inLanguage":"vi","potentialAction":[{"@type":"ReadAction","target":["https:\/\/www.worldglasstech.com\/be-speakers\/"]}]},{"@type":"BreadcrumbList","@id":"https:\/\/www.worldglasstech.com\/be-speakers\/#breadcrumb","itemListElement":[{"@type":"ListItem","position":1,"name":"Home","item":"https:\/\/www.worldglasstech.com\/"},{"@type":"ListItem","position":2,"name":"Be Speakers"}]},{"@type":"WebSite","@id":"https:\/\/www.worldglasstech.com\/#website","url":"https:\/\/www.worldglasstech.com\/","name":"World Glasstech Vietnam 2023","description":"","publisher":{"@id":"https:\/\/www.worldglasstech.com\/#organization"},"potentialAction":[{"@type":"SearchAction","target":{"@type":"EntryPoint","urlTemplate":"https:\/\/www.worldglasstech.com\/?s={search_term_string}"},"query-input":{"@type":"PropertyValueSpecification","valueRequired":true,"valueName":"search_term_string"}}],"inLanguage":"vi"},{"@type":"Organization","@id":"https:\/\/www.worldglasstech.com\/#organization","name":"World Glasstech Vietnam 2023","url":"https:\/\/www.worldglasstech.com\/","logo":{"@type":"ImageObject","inLanguage":"vi","@id":"https:\/\/www.worldglasstech.com\/#\/schema\/logo\/image\/","url":"https:\/\/www.worldglasstech.com\/wp-content\/uploads\/2023\/04\/cropped-Untitled-design-1-2.jpg","contentUrl":"https:\/\/www.worldglasstech.com\/wp-content\/uploads\/2023\/04\/cropped-Untitled-design-1-2.jpg","width":1427,"height":92,"caption":"World Glasstech Vietnam 2023"},"image":{"@id":"https:\/\/www.worldglasstech.com\/#\/schema\/logo\/image\/"}}]}},"_links":{"self":[{"href":"https:\/\/www.worldglasstech.com\/vi\/wp-json\/wp\/v2\/pages\/2228"}],"collection":[{"href":"https:\/\/www.worldglasstech.com\/vi\/wp-json\/wp\/v2\/pages"}],"about":[{"href":"https:\/\/www.worldglasstech.com\/vi\/wp-json\/wp\/v2\/types\/page"}],"author":[{"embeddable":true,"href":"https:\/\/www.worldglasstech.com\/vi\/wp-json\/wp\/v2\/users\/1"}],"replies":[{"embeddable":true,"href":"https:\/\/www.worldglasstech.com\/vi\/wp-json\/wp\/v2\/comments?post=2228"}],"version-history":[{"count":2,"href":"https:\/\/www.worldglasstech.com\/vi\/wp-json\/wp\/v2\/pages\/2228\/revisions"}],"predecessor-version":[{"id":2230,"href":"https:\/\/www.worldglasstech.com\/vi\/wp-json\/wp\/v2\/pages\/2228\/revisions\/2230"}],"wp:attachment":[{"href":"https:\/\/www.worldglasstech.com\/vi\/wp-json\/wp\/v2\/media?parent=2228"}],"curies":[{"name":"wp","href":"https:\/\/api.w.org\/{rel}","templated":true}]}}