{"id":1196,"date":"2018-11-30T22:02:37","date_gmt":"2018-11-30T22:02:37","guid":{"rendered":"http:\/\/www.worldglasstech.com\/?page_id=1196"},"modified":"2023-09-21T20:42:07","modified_gmt":"2023-09-21T20:42:07","slug":"application-form","status":"publish","type":"page","link":"https:\/\/www.worldglasstech.com\/vi\/application-form\/","title":{"rendered":"M\u1eabu \u0111\u0103ng k\u00fd"},"content":{"rendered":"<h3 style=\"text-align: center;\"><strong>M\u1eabu \u0111\u0103ng k\u00fd tham gia Tri\u1ec3n l\u00e3m Qu\u1ed1c t\u1ebf C\u00f4ng ngh\u1ec7 K\u00ednh v\u00e0 Th\u1ee7y tinh <\/strong><\/h3>\n<h3 style=\"text-align: center;\"><strong>World Glasstech Vietnam 2023<\/strong><\/h3>\n<h5 id=\"tw-target-text\" class=\"tw-data-text tw-text-large tw-ta\" dir=\"ltr\" data-placeholder=\"Translation\"><span class=\"Y2IQFc\" lang=\"vi\">T\u1ea5t c\u1ea3 c\u00e1c nh\u00e0 tri\u1ec3n l\u00e3m \u0111\u00e3 \u0111i\u1ec1n v\u00e0o m\u1eabu \u0111\u01a1n \u0111\u0103ng k\u00fd c\u00f3 ngh\u0129a l\u00e0 h\u1ecd \u0111\u00e3 ch\u1ea5p nh\u1eadn c\u00e1c \u0111i\u1ec1u kho\u1ea3n v\u00e0 \u0111i\u1ec1u ki\u1ec7n. M\u1eabu \u0111\u01a1n ph\u1ea3i \u0111\u01b0\u1ee3c nh\u1eadp b\u1eb1ng m\u00e1y t\u00ednh, vui l\u00f2ng li\u00ean h\u1ec7 v\u1edbi ch\u00fang t\u00f4i theo \u0111\u1ecba ch\u1ec9 <span style=\"color: #0000ff;\">exhibitor@worldglasstech.com<\/span>. <\/span><\/h5>\n<h5 class=\"tw-data-text tw-text-large tw-ta\" dir=\"ltr\" data-placeholder=\"Translation\"><span class=\"Y2IQFc\" lang=\"vi\">Ho\u1eb7c \u0110\u0103ng k\u00fd tr\u1ef1c tuy\u1ebfn v\u1edbi t\u01b0 c\u00e1ch l\u00e0 nh\u00e0 tri\u1ec3n l\u00e3m b\u1eb1ng c\u00e1ch <span style=\"color: #0000ff;\"><a style=\"color: #0000ff;\" href=\"https:\/\/jinshuju.net\/f\/muJMQ4\" target=\"_blank\" rel=\"noopener\">B\u1ea5m v\u00e0o \u0111\u00e2y.<\/a><\/span><\/span><\/h5>\n","protected":false},"excerpt":{"rendered":"<p>T\u1ea5t c\u1ea3 ng\u01b0\u1eddi tham gia tr\u01b0ng b\u00e0y v\u00e0 th\u0103m quan khi \u0111i\u1ec1n m\u1eabu \u0111\u0103ng k\u00fd n\u00e0y \u0111\u1ed3ng ngh\u0129a v\u1edbi vi\u1ec7c ch\u1ea5p nh\u1eadn nh\u1eefng \u0111i\u1ec1u kho\u1ea3n v\u00e0 quy \u0111\u1ecbnh trong \u0111\u00f3.<\/p>\n","protected":false},"author":2,"featured_media":0,"parent":0,"menu_order":0,"comment_status":"closed","ping_status":"closed","template":"","meta":{"footnotes":""},"yoast_head":"<!-- This site is optimized with the Yoast SEO plugin v23.4 - https:\/\/yoast.com\/wordpress\/plugins\/seo\/ -->\n<title>M\u1eabu \u0111\u0103ng k\u00fd<\/title>\n<meta name=\"description\" content=\"Ng\u01b0\u1eddi tham gia tr\u01b0ng b\u00e0y v\u00e0 th\u0103m quan Tri\u1ec3n l\u00e3m Qu\u1ed1c t\u1ebf C\u00f4ng ngh\u1ec7 K\u00ednh v\u00e0 Th\u1ee7y tinh c\u00f3 th\u1ec3 \u0111\u0103ng k\u00fd online, khi \u0111i\u1ec1n m\u1eabu \u0111\u0103ng k\u00fd n\u00e0y \u0111\u1ed3ng ngh\u0129a v\u1edbi vi\u1ec7c ch\u1ea5p nh\u1eadn nh\u1eefng \u0111i\u1ec1u kho\u1ea3n v\u00e0 quy \u0111\u1ecbnh trong \u0111\u00f3.\" \/>\n<meta name=\"robots\" content=\"index, follow, max-snippet:-1, max-image-preview:large, max-video-preview:-1\" \/>\n<link rel=\"canonical\" href=\"https:\/\/www.worldglasstech.com\/vi\/application-form\/\" \/>\n<meta property=\"og:locale\" content=\"vi_VN\" \/>\n<meta property=\"og:locale:alternate\" content=\"en_UK\" \/>\n<meta property=\"og:type\" content=\"article\" \/>\n<meta property=\"og:title\" content=\"M\u1eabu \u0111\u0103ng k\u00fd\" \/>\n<meta property=\"og:description\" content=\"All exhibitors filled in the application form means they accepted the term and conditions.The form should be typed with computer and send back to info@worldglasstech.com\" \/>\n<meta property=\"og:url\" content=\"https:\/\/www.worldglasstech.com\/vi\/application-form\/\" \/>\n<meta property=\"og:site_name\" content=\"World Glasstech Vietnam 2023\" \/>\n<meta property=\"article:modified_time\" content=\"2023-09-21T20:42:07+00:00\" \/>\n<meta name=\"twitter:card\" content=\"summary_large_image\" \/>\n<meta name=\"twitter:label1\" content=\"\u01af\u1edbc t\u00ednh th\u1eddi gian \u0111\u1ecdc\" \/>\n\t<meta name=\"twitter:data1\" content=\"1 ph\u00fat\" \/>\n<script type=\"application\/ld+json\" class=\"yoast-schema-graph\">{\"@context\":\"https:\/\/schema.org\",\"@graph\":[{\"@type\":\"WebPage\",\"@id\":\"https:\/\/www.worldglasstech.com\/application-form\/\",\"url\":\"https:\/\/www.worldglasstech.com\/application-form\/\",\"name\":\"M\u1eabu \u0111\u0103ng k\u00fd\",\"isPartOf\":{\"@id\":\"https:\/\/www.worldglasstech.com\/#website\"},\"datePublished\":\"2018-11-30T22:02:37+00:00\",\"dateModified\":\"2023-09-21T20:42:07+00:00\",\"description\":\"All exhibitors filled in the application form means they accepted the term and conditions.The form should be typed with computer and send back to info@worldglasstech.com\",\"breadcrumb\":{\"@id\":\"https:\/\/www.worldglasstech.com\/application-form\/#breadcrumb\"},\"inLanguage\":\"vi\",\"potentialAction\":[{\"@type\":\"ReadAction\",\"target\":[\"https:\/\/www.worldglasstech.com\/application-form\/\"]}]},{\"@type\":\"BreadcrumbList\",\"@id\":\"https:\/\/www.worldglasstech.com\/application-form\/#breadcrumb\",\"itemListElement\":[{\"@type\":\"ListItem\",\"position\":1,\"name\":\"Home\",\"item\":\"https:\/\/www.worldglasstech.com\/\"},{\"@type\":\"ListItem\",\"position\":2,\"name\":\"Application Form\"}]},{\"@type\":\"WebSite\",\"@id\":\"https:\/\/www.worldglasstech.com\/#website\",\"url\":\"https:\/\/www.worldglasstech.com\/\",\"name\":\"World Glasstech Vietnam 2023\",\"description\":\"\",\"publisher\":{\"@id\":\"https:\/\/www.worldglasstech.com\/#organization\"},\"potentialAction\":[{\"@type\":\"SearchAction\",\"target\":{\"@type\":\"EntryPoint\",\"urlTemplate\":\"https:\/\/www.worldglasstech.com\/?s={search_term_string}\"},\"query-input\":{\"@type\":\"PropertyValueSpecification\",\"valueRequired\":true,\"valueName\":\"search_term_string\"}}],\"inLanguage\":\"vi\"},{\"@type\":\"Organization\",\"@id\":\"https:\/\/www.worldglasstech.com\/#organization\",\"name\":\"World Glasstech Vietnam 2023\",\"url\":\"https:\/\/www.worldglasstech.com\/\",\"logo\":{\"@type\":\"ImageObject\",\"inLanguage\":\"vi\",\"@id\":\"https:\/\/www.worldglasstech.com\/#\/schema\/logo\/image\/\",\"url\":\"https:\/\/www.worldglasstech.com\/wp-content\/uploads\/2023\/04\/cropped-Untitled-design-1-2.jpg\",\"contentUrl\":\"https:\/\/www.worldglasstech.com\/wp-content\/uploads\/2023\/04\/cropped-Untitled-design-1-2.jpg\",\"width\":1427,\"height\":92,\"caption\":\"World Glasstech Vietnam 2023\"},\"image\":{\"@id\":\"https:\/\/www.worldglasstech.com\/#\/schema\/logo\/image\/\"}}]}<\/script>\n<!-- \/ Yoast SEO plugin. -->","yoast_head_json":{"title":"M\u1eabu \u0111\u0103ng k\u00fd","description":"Ng\u01b0\u1eddi tham gia tr\u01b0ng b\u00e0y v\u00e0 th\u0103m quan Tri\u1ec3n l\u00e3m Qu\u1ed1c t\u1ebf C\u00f4ng ngh\u1ec7 K\u00ednh v\u00e0 Th\u1ee7y tinh c\u00f3 th\u1ec3 \u0111\u0103ng k\u00fd online, khi \u0111i\u1ec1n m\u1eabu \u0111\u0103ng k\u00fd n\u00e0y \u0111\u1ed3ng ngh\u0129a v\u1edbi vi\u1ec7c ch\u1ea5p nh\u1eadn nh\u1eefng \u0111i\u1ec1u kho\u1ea3n v\u00e0 quy \u0111\u1ecbnh trong \u0111\u00f3.","robots":{"index":"index","follow":"follow","max-snippet":"max-snippet:-1","max-image-preview":"max-image-preview:large","max-video-preview":"max-video-preview:-1"},"canonical":"https:\/\/www.worldglasstech.com\/vi\/application-form\/","og_locale":"vi_VN","og_type":"article","og_title":"[:en]Application Form[:vi]M\u1eabu \u0111\u0103ng k\u00fd[:] - World Glasstech Vietnam 2023","og_description":"All exhibitors filled in the application form means they accepted the term and conditions.The form should be typed with computer and send back to info@worldglasstech.com","og_url":"https:\/\/www.worldglasstech.com\/vi\/application-form\/","og_site_name":"World Glasstech Vietnam 2023","article_modified_time":"2023-09-21T20:42:07+00:00","twitter_card":"summary_large_image","twitter_misc":{"\u01af\u1edbc t\u00ednh th\u1eddi gian \u0111\u1ecdc":"1 ph\u00fat"},"schema":{"@context":"https:\/\/schema.org","@graph":[{"@type":"WebPage","@id":"https:\/\/www.worldglasstech.com\/application-form\/","url":"https:\/\/www.worldglasstech.com\/application-form\/","name":"M\u1eabu \u0111\u0103ng k\u00fd","isPartOf":{"@id":"https:\/\/www.worldglasstech.com\/#website"},"datePublished":"2018-11-30T22:02:37+00:00","dateModified":"2023-09-21T20:42:07+00:00","description":"All exhibitors filled in the application form means they accepted the term and conditions.The form should be typed with computer and send back to info@worldglasstech.com","breadcrumb":{"@id":"https:\/\/www.worldglasstech.com\/application-form\/#breadcrumb"},"inLanguage":"vi","potentialAction":[{"@type":"ReadAction","target":["https:\/\/www.worldglasstech.com\/application-form\/"]}]},{"@type":"BreadcrumbList","@id":"https:\/\/www.worldglasstech.com\/application-form\/#breadcrumb","itemListElement":[{"@type":"ListItem","position":1,"name":"Home","item":"https:\/\/www.worldglasstech.com\/"},{"@type":"ListItem","position":2,"name":"Application Form"}]},{"@type":"WebSite","@id":"https:\/\/www.worldglasstech.com\/#website","url":"https:\/\/www.worldglasstech.com\/","name":"World Glasstech Vietnam 2023","description":"","publisher":{"@id":"https:\/\/www.worldglasstech.com\/#organization"},"potentialAction":[{"@type":"SearchAction","target":{"@type":"EntryPoint","urlTemplate":"https:\/\/www.worldglasstech.com\/?s={search_term_string}"},"query-input":{"@type":"PropertyValueSpecification","valueRequired":true,"valueName":"search_term_string"}}],"inLanguage":"vi"},{"@type":"Organization","@id":"https:\/\/www.worldglasstech.com\/#organization","name":"World Glasstech Vietnam 2023","url":"https:\/\/www.worldglasstech.com\/","logo":{"@type":"ImageObject","inLanguage":"vi","@id":"https:\/\/www.worldglasstech.com\/#\/schema\/logo\/image\/","url":"https:\/\/www.worldglasstech.com\/wp-content\/uploads\/2023\/04\/cropped-Untitled-design-1-2.jpg","contentUrl":"https:\/\/www.worldglasstech.com\/wp-content\/uploads\/2023\/04\/cropped-Untitled-design-1-2.jpg","width":1427,"height":92,"caption":"World Glasstech Vietnam 2023"},"image":{"@id":"https:\/\/www.worldglasstech.com\/#\/schema\/logo\/image\/"}}]}},"_links":{"self":[{"href":"https:\/\/www.worldglasstech.com\/vi\/wp-json\/wp\/v2\/pages\/1196"}],"collection":[{"href":"https:\/\/www.worldglasstech.com\/vi\/wp-json\/wp\/v2\/pages"}],"about":[{"href":"https:\/\/www.worldglasstech.com\/vi\/wp-json\/wp\/v2\/types\/page"}],"author":[{"embeddable":true,"href":"https:\/\/www.worldglasstech.com\/vi\/wp-json\/wp\/v2\/users\/2"}],"replies":[{"embeddable":true,"href":"https:\/\/www.worldglasstech.com\/vi\/wp-json\/wp\/v2\/comments?post=1196"}],"version-history":[{"count":23,"href":"https:\/\/www.worldglasstech.com\/vi\/wp-json\/wp\/v2\/pages\/1196\/revisions"}],"predecessor-version":[{"id":2335,"href":"https:\/\/www.worldglasstech.com\/vi\/wp-json\/wp\/v2\/pages\/1196\/revisions\/2335"}],"wp:attachment":[{"href":"https:\/\/www.worldglasstech.com\/vi\/wp-json\/wp\/v2\/media?parent=1196"}],"curies":[{"name":"wp","href":"https:\/\/api.w.org\/{rel}","templated":true}]}}