{"id":1154,"date":"2018-11-27T16:33:25","date_gmt":"2018-11-27T16:33:25","guid":{"rendered":"http:\/\/www.worldglasstech.com\/?page_id=1154"},"modified":"2023-04-07T20:38:12","modified_gmt":"2023-04-07T20:38:12","slug":"get-your-passes","status":"publish","type":"page","link":"https:\/\/www.worldglasstech.com\/vi\/get-your-passes\/","title":{"rendered":"Nh\u1eadn v\u00e9"},"content":{"rendered":"<p><strong>L\u00e0m th\u1ebf n\u00e0o \u0111\u1ec3 nh\u1eadn \u0111\u01b0\u1ee3c v\u00e9 tham quan World Glasstech Vietnam 2023?<\/strong><\/p>\n<p>\u2013 V\u00e9 v\u00e0o c\u1eeda mi\u1ec5n ph\u00ed v\u1edbi qu\u00e0 t\u1eb7ng c\u1ee7a kh\u00e1ch truy c\u1eadp \u0111\u0103ng k\u00fd tr\u1ef1c tuy\u1ebfn tr\u01b0\u1edbc th\u00e1ng 8. 31, 2023. (ch\u1ec9 d\u00e0nh cho kh\u00e1ch truy c\u1eadp chuy\u00ean nghi\u1ec7p)<br \/>\n\u2013 Th\u1ebb v\u00e0o c\u1eeda mi\u1ec5n ph\u00ed \u0111\u0103ng k\u00fd tr\u1ef1c tuy\u1ebfn m\u00e0 kh\u00f4ng c\u00f3 qu\u00e0 t\u1eb7ng d\u00e0nh cho kh\u00e1ch truy c\u1eadp sau ng\u00e0y 1 th\u00e1ng 9 n\u0103m 2023.<\/p>\n<p>Kh\u00e1ch \u0111\u0103ng k\u00fd tr\u1ef1c tuy\u1ebfn vui l\u00f2ng nh\u1eadn th\u1ebb t\u1ea1i qu\u1ea7y \u0110\u0103ng k\u00fd tr\u01b0\u1edbc d\u00e0nh cho kh\u00e1ch.<\/p>\n<h5><strong>Kh\u00e1ch \u0111\u0103ng k\u00fd mi\u1ec5n ph\u00ed, xin vui l\u00f2ng b\u1ea5m v\u00e0o<span style=\"color: #0000ff;\"><a style=\"color: #0000ff;\" href=\"https:\/\/jinshuju.net\/f\/U07XmM\" target=\"_blank\" rel=\"noopener\"> \u0111\u00e2y<\/a><\/span><\/strong><\/h5>\n","protected":false},"excerpt":{"rendered":"<p>L\u00e0m th\u1ebf n\u00e0o \u0111\u1ec3 nh\u1eadn \u0111\u01b0\u1ee3c v\u00e9 tham quan World Glasstech Vietnam 2023? \u2013 V\u00e9 v\u00e0o c\u1eeda mi\u1ec5n ph\u00ed v\u1edbi qu\u00e0 t\u1eb7ng c\u1ee7a kh\u00e1ch truy c\u1eadp \u0111\u0103ng k\u00fd tr\u1ef1c tuy\u1ebfn tr\u01b0\u1edbc th\u00e1ng 8. 31, 2023. (ch\u1ec9 d\u00e0nh cho kh\u00e1ch truy c\u1eadp chuy\u00ean nghi\u1ec7p) \u2013 Th\u1ebb v\u00e0o c\u1eeda mi\u1ec5n ph\u00ed \u0111\u0103ng k\u00fd tr\u1ef1c tuy\u1ebfn m\u00e0 kh\u00f4ng [&hellip;]<\/p>\n","protected":false},"author":2,"featured_media":0,"parent":0,"menu_order":0,"comment_status":"closed","ping_status":"closed","template":"","meta":{"footnotes":""},"yoast_head":"<!-- This site is optimized with the Yoast SEO plugin v23.4 - https:\/\/yoast.com\/wordpress\/plugins\/seo\/ -->\n<title>Nh\u1eadn v\u00e9<\/title>\n<meta name=\"robots\" content=\"index, follow, max-snippet:-1, max-image-preview:large, max-video-preview:-1\" \/>\n<link rel=\"canonical\" href=\"https:\/\/www.worldglasstech.com\/vi\/get-your-passes\/\" \/>\n<meta property=\"og:locale\" content=\"vi_VN\" \/>\n<meta property=\"og:locale:alternate\" content=\"en_UK\" \/>\n<meta property=\"og:type\" content=\"article\" \/>\n<meta property=\"og:title\" content=\"Nh\u1eadn v\u00e9\" \/>\n<meta property=\"og:description\" content=\"L\u00e0m th\u1ebf n\u00e0o \u0111\u1ec3 nh\u1eadn \u0111\u01b0\u1ee3c v\u00e9 tham quan World Glasstech Vietnam 2023? \u2013 V\u00e9 v\u00e0o c\u1eeda mi\u1ec5n ph\u00ed v\u1edbi qu\u00e0 t\u1eb7ng c\u1ee7a kh\u00e1ch truy c\u1eadp \u0111\u0103ng k\u00fd tr\u1ef1c tuy\u1ebfn tr\u01b0\u1edbc th\u00e1ng 8. 31, 2023. (ch\u1ec9 d\u00e0nh cho kh\u00e1ch truy c\u1eadp chuy\u00ean nghi\u1ec7p) \u2013 Th\u1ebb v\u00e0o c\u1eeda mi\u1ec5n ph\u00ed \u0111\u0103ng k\u00fd tr\u1ef1c tuy\u1ebfn m\u00e0 kh\u00f4ng [&hellip;]\" \/>\n<meta property=\"og:url\" content=\"https:\/\/www.worldglasstech.com\/vi\/get-your-passes\/\" \/>\n<meta property=\"og:site_name\" content=\"World Glasstech Vietnam 2023\" \/>\n<meta property=\"article:modified_time\" content=\"2023-04-07T20:38:12+00:00\" \/>\n<meta name=\"twitter:card\" content=\"summary_large_image\" \/>\n<meta name=\"twitter:label1\" content=\"\u01af\u1edbc t\u00ednh th\u1eddi gian \u0111\u1ecdc\" \/>\n\t<meta name=\"twitter:data1\" content=\"1 ph\u00fat\" \/>\n<script type=\"application\/ld+json\" class=\"yoast-schema-graph\">{\"@context\":\"https:\/\/schema.org\",\"@graph\":[{\"@type\":\"WebPage\",\"@id\":\"https:\/\/www.worldglasstech.com\/vi\/get-your-passes\/\",\"url\":\"https:\/\/www.worldglasstech.com\/vi\/get-your-passes\/\",\"name\":\"Nh\u1eadn v\u00e9\",\"isPartOf\":{\"@id\":\"https:\/\/www.worldglasstech.com\/#website\"},\"datePublished\":\"2018-11-27T16:33:25+00:00\",\"dateModified\":\"2023-04-07T20:38:12+00:00\",\"breadcrumb\":{\"@id\":\"https:\/\/www.worldglasstech.com\/vi\/get-your-passes\/#breadcrumb\"},\"inLanguage\":\"vi\",\"potentialAction\":[{\"@type\":\"ReadAction\",\"target\":[\"https:\/\/www.worldglasstech.com\/vi\/get-your-passes\/\"]}]},{\"@type\":\"BreadcrumbList\",\"@id\":\"https:\/\/www.worldglasstech.com\/vi\/get-your-passes\/#breadcrumb\",\"itemListElement\":[{\"@type\":\"ListItem\",\"position\":1,\"name\":\"Home\",\"item\":\"https:\/\/www.worldglasstech.com\/\"},{\"@type\":\"ListItem\",\"position\":2,\"name\":\"Nh\u1eadn v\u00e9\"}]},{\"@type\":\"WebSite\",\"@id\":\"https:\/\/www.worldglasstech.com\/#website\",\"url\":\"https:\/\/www.worldglasstech.com\/\",\"name\":\"World Glasstech Vietnam 2023\",\"description\":\"\",\"publisher\":{\"@id\":\"https:\/\/www.worldglasstech.com\/#organization\"},\"potentialAction\":[{\"@type\":\"SearchAction\",\"target\":{\"@type\":\"EntryPoint\",\"urlTemplate\":\"https:\/\/www.worldglasstech.com\/?s={search_term_string}\"},\"query-input\":{\"@type\":\"PropertyValueSpecification\",\"valueRequired\":true,\"valueName\":\"search_term_string\"}}],\"inLanguage\":\"vi\"},{\"@type\":\"Organization\",\"@id\":\"https:\/\/www.worldglasstech.com\/#organization\",\"name\":\"World Glasstech Vietnam 2023\",\"url\":\"https:\/\/www.worldglasstech.com\/\",\"logo\":{\"@type\":\"ImageObject\",\"inLanguage\":\"vi\",\"@id\":\"https:\/\/www.worldglasstech.com\/#\/schema\/logo\/image\/\",\"url\":\"https:\/\/www.worldglasstech.com\/wp-content\/uploads\/2023\/04\/cropped-Untitled-design-1-2.jpg\",\"contentUrl\":\"https:\/\/www.worldglasstech.com\/wp-content\/uploads\/2023\/04\/cropped-Untitled-design-1-2.jpg\",\"width\":1427,\"height\":92,\"caption\":\"World Glasstech Vietnam 2023\"},\"image\":{\"@id\":\"https:\/\/www.worldglasstech.com\/#\/schema\/logo\/image\/\"}}]}<\/script>\n<!-- \/ Yoast SEO plugin. -->","yoast_head_json":{"title":"Nh\u1eadn v\u00e9","robots":{"index":"index","follow":"follow","max-snippet":"max-snippet:-1","max-image-preview":"max-image-preview:large","max-video-preview":"max-video-preview:-1"},"canonical":"https:\/\/www.worldglasstech.com\/vi\/get-your-passes\/","og_locale":"vi_VN","og_type":"article","og_title":"[:en]Get your pass[:vi]Nh\u1eadn v\u00e9[:] - World Glasstech Vietnam 2023","og_description":"L\u00e0m th\u1ebf n\u00e0o \u0111\u1ec3 nh\u1eadn \u0111\u01b0\u1ee3c v\u00e9 tham quan World Glasstech Vietnam 2023? \u2013 V\u00e9 v\u00e0o c\u1eeda mi\u1ec5n ph\u00ed v\u1edbi qu\u00e0 t\u1eb7ng c\u1ee7a kh\u00e1ch truy c\u1eadp \u0111\u0103ng k\u00fd tr\u1ef1c tuy\u1ebfn tr\u01b0\u1edbc th\u00e1ng 8. 31, 2023. (ch\u1ec9 d\u00e0nh cho kh\u00e1ch truy c\u1eadp chuy\u00ean nghi\u1ec7p) \u2013 Th\u1ebb v\u00e0o c\u1eeda mi\u1ec5n ph\u00ed \u0111\u0103ng k\u00fd tr\u1ef1c tuy\u1ebfn m\u00e0 kh\u00f4ng [&hellip;]","og_url":"https:\/\/www.worldglasstech.com\/vi\/get-your-passes\/","og_site_name":"World Glasstech Vietnam 2023","article_modified_time":"2023-04-07T20:38:12+00:00","twitter_card":"summary_large_image","twitter_misc":{"\u01af\u1edbc t\u00ednh th\u1eddi gian \u0111\u1ecdc":"1 ph\u00fat"},"schema":{"@context":"https:\/\/schema.org","@graph":[{"@type":"WebPage","@id":"https:\/\/www.worldglasstech.com\/vi\/get-your-passes\/","url":"https:\/\/www.worldglasstech.com\/vi\/get-your-passes\/","name":"Nh\u1eadn v\u00e9","isPartOf":{"@id":"https:\/\/www.worldglasstech.com\/#website"},"datePublished":"2018-11-27T16:33:25+00:00","dateModified":"2023-04-07T20:38:12+00:00","breadcrumb":{"@id":"https:\/\/www.worldglasstech.com\/vi\/get-your-passes\/#breadcrumb"},"inLanguage":"vi","potentialAction":[{"@type":"ReadAction","target":["https:\/\/www.worldglasstech.com\/vi\/get-your-passes\/"]}]},{"@type":"BreadcrumbList","@id":"https:\/\/www.worldglasstech.com\/vi\/get-your-passes\/#breadcrumb","itemListElement":[{"@type":"ListItem","position":1,"name":"Home","item":"https:\/\/www.worldglasstech.com\/"},{"@type":"ListItem","position":2,"name":"Nh\u1eadn v\u00e9"}]},{"@type":"WebSite","@id":"https:\/\/www.worldglasstech.com\/#website","url":"https:\/\/www.worldglasstech.com\/","name":"World Glasstech Vietnam 2023","description":"","publisher":{"@id":"https:\/\/www.worldglasstech.com\/#organization"},"potentialAction":[{"@type":"SearchAction","target":{"@type":"EntryPoint","urlTemplate":"https:\/\/www.worldglasstech.com\/?s={search_term_string}"},"query-input":{"@type":"PropertyValueSpecification","valueRequired":true,"valueName":"search_term_string"}}],"inLanguage":"vi"},{"@type":"Organization","@id":"https:\/\/www.worldglasstech.com\/#organization","name":"World Glasstech Vietnam 2023","url":"https:\/\/www.worldglasstech.com\/","logo":{"@type":"ImageObject","inLanguage":"vi","@id":"https:\/\/www.worldglasstech.com\/#\/schema\/logo\/image\/","url":"https:\/\/www.worldglasstech.com\/wp-content\/uploads\/2023\/04\/cropped-Untitled-design-1-2.jpg","contentUrl":"https:\/\/www.worldglasstech.com\/wp-content\/uploads\/2023\/04\/cropped-Untitled-design-1-2.jpg","width":1427,"height":92,"caption":"World Glasstech Vietnam 2023"},"image":{"@id":"https:\/\/www.worldglasstech.com\/#\/schema\/logo\/image\/"}}]}},"_links":{"self":[{"href":"https:\/\/www.worldglasstech.com\/vi\/wp-json\/wp\/v2\/pages\/1154"}],"collection":[{"href":"https:\/\/www.worldglasstech.com\/vi\/wp-json\/wp\/v2\/pages"}],"about":[{"href":"https:\/\/www.worldglasstech.com\/vi\/wp-json\/wp\/v2\/types\/page"}],"author":[{"embeddable":true,"href":"https:\/\/www.worldglasstech.com\/vi\/wp-json\/wp\/v2\/users\/2"}],"replies":[{"embeddable":true,"href":"https:\/\/www.worldglasstech.com\/vi\/wp-json\/wp\/v2\/comments?post=1154"}],"version-history":[{"count":21,"href":"https:\/\/www.worldglasstech.com\/vi\/wp-json\/wp\/v2\/pages\/1154\/revisions"}],"predecessor-version":[{"id":2193,"href":"https:\/\/www.worldglasstech.com\/vi\/wp-json\/wp\/v2\/pages\/1154\/revisions\/2193"}],"wp:attachment":[{"href":"https:\/\/www.worldglasstech.com\/vi\/wp-json\/wp\/v2\/media?parent=1154"}],"curies":[{"name":"wp","href":"https:\/\/api.w.org\/{rel}","templated":true}]}}