{"id":1127,"date":"2018-11-02T18:56:10","date_gmt":"2018-11-02T18:56:10","guid":{"rendered":"http:\/\/www.worldglasstech.com\/?page_id=1127"},"modified":"2023-09-08T02:40:07","modified_gmt":"2023-09-08T02:40:07","slug":"exhibitor-profile","status":"publish","type":"page","link":"https:\/\/www.worldglasstech.com\/vi\/exhibitor-profile\/","title":{"rendered":"H\u1ed3 s\u01a1 gian h\u00e0ng"},"content":{"rendered":"<div id=\"pl-1127\"  class=\"panel-layout\" ><div id=\"pg-1127-0\"  class=\"panel-grid panel-no-style\" ><div id=\"pgc-1127-0-0\"  class=\"panel-grid-cell\" ><div id=\"panel-1127-0-0-0\" class=\"so-panel widget widget_sow-editor panel-first-child panel-last-child\" data-index=\"0\" ><div class=\"panel-widget-style panel-widget-style-for-1127-0-0-0\" ><div\n\t\t\t\n\t\t\tclass=\"so-widget-sow-editor so-widget-sow-editor-base\"\n\t\t\t\n\t\t>\n<div class=\"siteorigin-widget-tinymce textwidget\">\n\t<table width=\"1026\">\n<tbody>\n<tr>\n<td style=\"text-align: center;\" colspan=\"3\" width=\"1026\">\n<h2><strong>K\u00cdNH PH\u1eb2NG<\/strong><\/h2>\n<\/td>\n<\/tr>\n<tr>\n<td width=\"383\"><strong>C\u00d4NG NGH\u1ec6 S\u1ea2N XU\u1ea4T K\u00cdNH, TH\u1ee6Y TINH<\/strong><\/td>\n<td style=\"text-align: center;\" colspan=\"2\" width=\"643\"><strong>CH\u1ebe BI\u1ebeN V\u00c0 HO\u00c0N THI\u1ec6N K\u00cdNH, TH\u1ee6Y TINH<\/strong><\/td>\n<\/tr>\n<tr>\n<td width=\"383\">V\u1eadt li\u1ec7u th\u00f4 l\u00e0m k\u00ednh, th\u1ee7y tinh<br \/>\nC\u00f4ng ngh\u1ec7 Glass nung k\u00ednh, th\u1ee7y tinh<br \/>\nC\u00f4ng ngh\u1ec7 \u0111\u00fac khu\u00f4n k\u00ednh, th\u1ee7y tinh<br \/>\nC\u00f4ng ngh\u1ec7 l\u00f2 nung<br \/>\nC\u00f4ng ngh\u1ec7 cho k\u00ednh n\u1ed5i, c\u00f3 d\u00e2y v\u00e0 c\u00e1c lo\u1ea1i k\u00ednh ph\u1eb3ng kh\u00e1c<br \/>\nC\u00f4ng ngh\u1ec7 ph\u1ee7 v\u00e0 nhi\u1ec1u h\u01a1n n\u1eefa<\/td>\n<td width=\"385\">C\u00f4ng ngh\u1ec7 c\u1eaft, b\u1ebb v\u00e0 ch\u1ee5p k\u00ednh\/th\u1ee7y tinh<br \/>\nC\u00f4ng ngh\u1ec7 khoan k\u00ednh\/th\u1ee7y tinh<br \/>\nC\u00f4ng ngh\u1ec7 ho\u00e0n thi\u1ec7n c\u1ea1nh v\u00e0 b\u1ec1 m\u1eb7t<br \/>\nC\u00f4ng ngh\u1ec7 t\u1ea1o h\u00ecnh v\u00e0 u\u1ed1n k\u00ednh\/th\u1ee7y tinh<br \/>\nC\u00f4ng ngh\u1ec7 k\u00ednh\/th\u1ee7y tinh hi\u1ec3n th\u1ecb \u0111i\u1ec7n t\u1eed<br \/>\nC\u00f4ng ngh\u1ec7 k\u00ednh\/th\u1ee7y tinh c\u00e1ch nhi\u1ec7t<\/td>\n<td width=\"258\">C\u00f4ng ngh\u1ec7 k\u00ednh d\u00e1n<br \/>\nC\u00f4ng ngh\u1ec7 t\u00f4i<br \/>\nC\u00f4ng ngh\u1ec7 l\u00e0m s\u1ea1ch<br \/>\nC\u00f4ng ngh\u1ec7 in k\u1ef9 thu\u1eadt s\u1ed1<br \/>\nC\u00f4ng ngh\u1ec7 nano v\u00e0 nhi\u1ec1u h\u01a1n n\u1eefa<\/td>\n<\/tr>\n<tr>\n<td width=\"383\"><strong>S\u1ea2N PH\u1ea8M K\u00cdNH, TH\u1ee6Y\u00a0 TINH V\u00c0 NH\u1eeeNG \u1ee8NG D\u1ee4NG\u00a0\u00a0<\/strong><\/td>\n<td style=\"text-align: center;\" colspan=\"2\" width=\"643\"><strong>S\u1ea2N PH\u1ea8M PH\u1ee4 KI\u1ec6N, PH\u1ee4 KI\u1ec6N V\u00c0 C\u00d4NG C\u1ee4<\/strong><\/td>\n<\/tr>\n<tr>\n<td width=\"383\">K\u00ednh ph\u1eb3ng<br \/>\nK\u00ednh trang tr\u00ed<br \/>\nK\u00ednh \u00f4 t\u00f4<br \/>\nK\u00ednh an to\u00e0n<br \/>\nK\u00ednh c\u01b0\u1eddng l\u1ef1c<br \/>\nK\u00ednh m\u00e0u<br \/>\nK\u00ednh ch\u1ed1ng ch\u00e1y<br \/>\nK\u00ednh s\u01a1n m\u00e0i<br \/>\nG\u01b0\u01a1ng v\u00e0 nhi\u1ec1u h\u01a1n n\u1eefa<\/td>\n<td width=\"385\">C\u00f4ng c\u1ee5 k\u00ednh<br \/>\nD\u1ee5ng c\u1ee5 c\u1eaft, m\u00e0i v\u00e0 khoan<br \/>\nPh\u1ee5 ki\u1ec7n v\u00e1 k\u00ednh<br \/>\nPh\u1ea7n c\u1ee9ng cho c\u1eeda s\u1ed5 v\u00e0 c\u1eeda ra v\u00e0o<br \/>\nKeo silicone & c\u00f4ng ngh\u1ec7<br \/>\nCh\u1ea5t k\u1ebft d\u00ednh th\u1ee7y tinh<br \/>\nB\u0103ng c\u00f4ng nghi\u1ec7p<br \/>\nX\u1eed l\u00fd k\u00ednh<br \/>\nL\u01b0u tr\u1eef th\u1ee7y tinh<\/td>\n<td width=\"258\">C\u00f4ng c\u1ee5 \u0111\u00f3ng g\u00f3i th\u1ee7y tinh<br \/>\nT\u1ea5m PVB<br \/>\nT\u1ea5m b\u1ea3o v\u1ec7 & trang tr\u00ed<br \/>\nD\u1ee5ng c\u1ee5 ki\u1ec3m tra v\u00e0 \u0111o l\u01b0\u1eddng<br \/>\nThanh spacer<br \/>\nL\u1edbp ph\u1ee7 th\u1ee7y tinh v\u00e0 nhi\u1ec1u h\u01a1n n\u1eefa<\/td>\n<\/tr>\n<tr>\n<td width=\"383\"><strong>Y\u1ebeU T\u1ed0 B\u1ec0 M\u1eb6T<br \/>\n<\/strong><\/p>\n<p>T\u1ea5m nh\u00f4m composite<br \/>\nV\u1eadt li\u1ec7u c\u00e1ch nhi\u1ec7t<br \/>\nGi\u1ea3i ph\u00e1p m\u1eb7t ti\u1ec1n k\u00ednh (thi\u1ebft k\u1ebf & ch\u1ebf t\u1ea1o)<br \/>\nC\u00e1c v\u1eadt li\u1ec7u \u1ed1p kh\u00e1c<br \/>\nC\u00e1c s\u1ea3n ph\u1ea9m li\u00ean quan kh\u00e1c<\/td>\n<td width=\"385\"><strong>KH\u00c1C<\/strong><\/p>\n<p>Ph\u1ea7n m\u1ec1m li\u00ean quan<br \/>\nHi\u1ec7p h\u1ed9i K\u00ednh, Th\u1ee7y tinh<br \/>\n\u1ea4n ph\u1ea9m th\u01b0\u01a1ng m\u1ea1i li\u00ean quan<br \/>\nTr\u01b0\u1eddng h\u1ecdc, hi\u1ec7p h\u1ed9i ng\u00e0nh ngh\u1ec1 li\u00ean quan<br \/>\n\u1ea4n ph\u1ea9m v\u00e0 b\u00e1o ch\u00ed li\u00ean quan<\/td>\n<td width=\"258\"><\/td>\n<\/tr>\n<tr>\n<td style=\"text-align: center;\" colspan=\"3\" width=\"1026\">\n<h2><strong>TH\u1ee6Y TINH R\u1ed6NG<\/strong><\/h2>\n<\/td>\n<\/tr>\n<tr>\n<td width=\"383\">Khay n\u1ea1p<br \/>\nB\u00f3ng h\u00e1i<br \/>\nKhay h\u00fat<br \/>\nB\u1ed9 n\u1ea1p b\u1ea1ch kim<br \/>\nL\u01b0\u1ee1i c\u1eaft<br \/>\nM\u00e1y th\u1ed5i<br \/>\nM\u00e1y \u00e9p<br \/>\nM\u00e1y d\u1eadp<br \/>\nM\u00e1y k\u00e9o s\u1ee3i<\/td>\n<td width=\"385\">M\u00e1y phun<br \/>\nM\u00e1y th\u1ee7y tinh v\u00e0 ph\u00f2ng th\u00ed nghi\u1ec7m<br \/>\nM\u00e1y \u0111\u00f3ng chai v\u00e0 th\u1ee7y tinh<br \/>\nKhu\u00f4n m\u1eabu cho s\u1ea3n xu\u1ea5t th\u1ee7y tinh<br \/>\nM\u00e1y h\u00e0n v\u00e0 \u0111\u00e1nh l\u1eeda<br \/>\nH\u1ec7 th\u1ed1ng \u0111\u1ecbnh l\u01b0\u1ee3ng<br \/>\nH\u1ec7 th\u1ed1ng phun khu\u00f4n k\u00ednh<br \/>\nC\u00f4ng ngh\u1ec7 v\u00e0 m\u00e1y m\u00f3c ki\u1ec3m so\u00e1t nhi\u1ec7t \u0111\u1ed9<\/td>\n<td width=\"258\">C\u00f4ng ngh\u1ec7 v\u00e0 d\u1ecbch v\u1ee5 \u0111\u00f3ng g\u00f3i<br \/>\nD\u1ecbch v\u1ee5 v\u1eadn chuy\u1ec3n<br \/>\nC\u00f4ng ngh\u1ec7 v\u00e0 d\u1ecbch v\u1ee5 t\u00e1i ch\u1ebf<br \/>\nH\u00f3a ch\u1ea5t, nguy\u00ean li\u1ec7u v\u00e0 kim lo\u1ea1i<br \/>\nH\u1ed9i th\u1ea3o thi\u1ebft k\u1ebf ph\u1ea7n c\u1ee9ng v\u00e0 vi\u1ec7n nghi\u00ean c\u1ee9u<br \/>\nH\u1ed7 tr\u1ee3 v\u00e0 t\u01b0 v\u1ea5n cho vi\u1ec7c h\u00ecnh th\u00e0nh th\u1ee7y tinh r\u1ed7ng<\/td>\n<\/tr>\n<\/tbody>\n<\/table>\n<\/div>\n<\/div><\/div><\/div><\/div><\/div><\/div>","protected":false},"excerpt":{"rendered":"<p>K\u00cdNH PH\u1eb2NG C\u00d4NG NGH\u1ec6 S\u1ea2N XU\u1ea4T K\u00cdNH, TH\u1ee6Y TINH CH\u1ebe BI\u1ebeN V\u00c0 HO\u00c0N THI\u1ec6N K\u00cdNH, TH\u1ee6Y TINH V\u1eadt li\u1ec7u th\u00f4 l\u00e0m k\u00ednh, th\u1ee7y tinh C\u00f4ng ngh\u1ec7 Glass nung k\u00ednh, th\u1ee7y tinh C\u00f4ng ngh\u1ec7 \u0111\u00fac khu\u00f4n k\u00ednh, th\u1ee7y tinh C\u00f4ng ngh\u1ec7 l\u00f2 nung C\u00f4ng ngh\u1ec7 cho k\u00ednh n\u1ed5i, c\u00f3 d\u00e2y v\u00e0 c\u00e1c lo\u1ea1i k\u00ednh ph\u1eb3ng kh\u00e1c [&hellip;]<\/p>\n","protected":false},"author":2,"featured_media":0,"parent":0,"menu_order":0,"comment_status":"closed","ping_status":"closed","template":"","meta":{"footnotes":""},"yoast_head":"<!-- This site is optimized with the Yoast SEO plugin v23.4 - https:\/\/yoast.com\/wordpress\/plugins\/seo\/ -->\n<title>H\u1ed3 s\u01a1 gian h\u00e0ng<\/title>\n<meta name=\"description\" content=\"Exhibitors at World Glasstech Vietnam could be glass tech\" \/>\n<meta name=\"robots\" content=\"index, follow, max-snippet:-1, max-image-preview:large, max-video-preview:-1\" \/>\n<link rel=\"canonical\" href=\"https:\/\/www.worldglasstech.com\/vi\/exhibitor-profile\/\" \/>\n<meta property=\"og:locale\" content=\"vi_VN\" \/>\n<meta property=\"og:locale:alternate\" content=\"en_UK\" \/>\n<meta property=\"og:type\" content=\"article\" \/>\n<meta property=\"og:title\" content=\"H\u1ed3 s\u01a1 gian h\u00e0ng\" \/>\n<meta property=\"og:description\" content=\"Exhibitors at World Glasstech Vietnam could be glass tech\" \/>\n<meta property=\"og:url\" content=\"https:\/\/www.worldglasstech.com\/vi\/exhibitor-profile\/\" \/>\n<meta property=\"og:site_name\" content=\"World Glasstech Vietnam 2023\" \/>\n<meta property=\"article:modified_time\" content=\"2023-09-08T02:40:07+00:00\" \/>\n<meta name=\"twitter:card\" content=\"summary_large_image\" \/>\n<meta name=\"twitter:label1\" content=\"\u01af\u1edbc t\u00ednh th\u1eddi gian \u0111\u1ecdc\" \/>\n\t<meta name=\"twitter:data1\" content=\"2 ph\u00fat\" \/>\n<script type=\"application\/ld+json\" class=\"yoast-schema-graph\">{\"@context\":\"https:\/\/schema.org\",\"@graph\":[{\"@type\":\"WebPage\",\"@id\":\"https:\/\/www.worldglasstech.com\/exhibitor-profile\/\",\"url\":\"https:\/\/www.worldglasstech.com\/exhibitor-profile\/\",\"name\":\"H\u1ed3 s\u01a1 gian h\u00e0ng\",\"isPartOf\":{\"@id\":\"https:\/\/www.worldglasstech.com\/#website\"},\"datePublished\":\"2018-11-02T18:56:10+00:00\",\"dateModified\":\"2023-09-08T02:40:07+00:00\",\"description\":\"Exhibitors at World Glasstech Vietnam could be glass tech\",\"breadcrumb\":{\"@id\":\"https:\/\/www.worldglasstech.com\/exhibitor-profile\/#breadcrumb\"},\"inLanguage\":\"vi\",\"potentialAction\":[{\"@type\":\"ReadAction\",\"target\":[\"https:\/\/www.worldglasstech.com\/exhibitor-profile\/\"]}]},{\"@type\":\"BreadcrumbList\",\"@id\":\"https:\/\/www.worldglasstech.com\/exhibitor-profile\/#breadcrumb\",\"itemListElement\":[{\"@type\":\"ListItem\",\"position\":1,\"name\":\"Home\",\"item\":\"https:\/\/www.worldglasstech.com\/\"},{\"@type\":\"ListItem\",\"position\":2,\"name\":\"Exhibitor Profile\"}]},{\"@type\":\"WebSite\",\"@id\":\"https:\/\/www.worldglasstech.com\/#website\",\"url\":\"https:\/\/www.worldglasstech.com\/\",\"name\":\"World Glasstech Vietnam 2023\",\"description\":\"\",\"publisher\":{\"@id\":\"https:\/\/www.worldglasstech.com\/#organization\"},\"potentialAction\":[{\"@type\":\"SearchAction\",\"target\":{\"@type\":\"EntryPoint\",\"urlTemplate\":\"https:\/\/www.worldglasstech.com\/?s={search_term_string}\"},\"query-input\":{\"@type\":\"PropertyValueSpecification\",\"valueRequired\":true,\"valueName\":\"search_term_string\"}}],\"inLanguage\":\"vi\"},{\"@type\":\"Organization\",\"@id\":\"https:\/\/www.worldglasstech.com\/#organization\",\"name\":\"World Glasstech Vietnam 2023\",\"url\":\"https:\/\/www.worldglasstech.com\/\",\"logo\":{\"@type\":\"ImageObject\",\"inLanguage\":\"vi\",\"@id\":\"https:\/\/www.worldglasstech.com\/#\/schema\/logo\/image\/\",\"url\":\"https:\/\/www.worldglasstech.com\/wp-content\/uploads\/2023\/04\/cropped-Untitled-design-1-2.jpg\",\"contentUrl\":\"https:\/\/www.worldglasstech.com\/wp-content\/uploads\/2023\/04\/cropped-Untitled-design-1-2.jpg\",\"width\":1427,\"height\":92,\"caption\":\"World Glasstech Vietnam 2023\"},\"image\":{\"@id\":\"https:\/\/www.worldglasstech.com\/#\/schema\/logo\/image\/\"}}]}<\/script>\n<!-- \/ Yoast SEO plugin. -->","yoast_head_json":{"title":"H\u1ed3 s\u01a1 gian h\u00e0ng","description":"Exhibitors at World Glasstech Vietnam could be glass tech","robots":{"index":"index","follow":"follow","max-snippet":"max-snippet:-1","max-image-preview":"max-image-preview:large","max-video-preview":"max-video-preview:-1"},"canonical":"https:\/\/www.worldglasstech.com\/vi\/exhibitor-profile\/","og_locale":"vi_VN","og_type":"article","og_title":"[:en]Exhibitor Profile[:vi]H\u1ed3 s\u01a1 gian h\u00e0ng[:] - World Glasstech Vietnam 2023","og_description":"Exhibitors at World Glasstech Vietnam could be glass tech","og_url":"https:\/\/www.worldglasstech.com\/vi\/exhibitor-profile\/","og_site_name":"World Glasstech Vietnam 2023","article_modified_time":"2023-09-08T02:40:07+00:00","twitter_card":"summary_large_image","twitter_misc":{"\u01af\u1edbc t\u00ednh th\u1eddi gian \u0111\u1ecdc":"2 ph\u00fat"},"schema":{"@context":"https:\/\/schema.org","@graph":[{"@type":"WebPage","@id":"https:\/\/www.worldglasstech.com\/exhibitor-profile\/","url":"https:\/\/www.worldglasstech.com\/exhibitor-profile\/","name":"H\u1ed3 s\u01a1 gian h\u00e0ng","isPartOf":{"@id":"https:\/\/www.worldglasstech.com\/#website"},"datePublished":"2018-11-02T18:56:10+00:00","dateModified":"2023-09-08T02:40:07+00:00","description":"Exhibitors at World Glasstech Vietnam could be glass tech","breadcrumb":{"@id":"https:\/\/www.worldglasstech.com\/exhibitor-profile\/#breadcrumb"},"inLanguage":"vi","potentialAction":[{"@type":"ReadAction","target":["https:\/\/www.worldglasstech.com\/exhibitor-profile\/"]}]},{"@type":"BreadcrumbList","@id":"https:\/\/www.worldglasstech.com\/exhibitor-profile\/#breadcrumb","itemListElement":[{"@type":"ListItem","position":1,"name":"Home","item":"https:\/\/www.worldglasstech.com\/"},{"@type":"ListItem","position":2,"name":"Exhibitor Profile"}]},{"@type":"WebSite","@id":"https:\/\/www.worldglasstech.com\/#website","url":"https:\/\/www.worldglasstech.com\/","name":"World Glasstech Vietnam 2023","description":"","publisher":{"@id":"https:\/\/www.worldglasstech.com\/#organization"},"potentialAction":[{"@type":"SearchAction","target":{"@type":"EntryPoint","urlTemplate":"https:\/\/www.worldglasstech.com\/?s={search_term_string}"},"query-input":{"@type":"PropertyValueSpecification","valueRequired":true,"valueName":"search_term_string"}}],"inLanguage":"vi"},{"@type":"Organization","@id":"https:\/\/www.worldglasstech.com\/#organization","name":"World Glasstech Vietnam 2023","url":"https:\/\/www.worldglasstech.com\/","logo":{"@type":"ImageObject","inLanguage":"vi","@id":"https:\/\/www.worldglasstech.com\/#\/schema\/logo\/image\/","url":"https:\/\/www.worldglasstech.com\/wp-content\/uploads\/2023\/04\/cropped-Untitled-design-1-2.jpg","contentUrl":"https:\/\/www.worldglasstech.com\/wp-content\/uploads\/2023\/04\/cropped-Untitled-design-1-2.jpg","width":1427,"height":92,"caption":"World Glasstech Vietnam 2023"},"image":{"@id":"https:\/\/www.worldglasstech.com\/#\/schema\/logo\/image\/"}}]}},"_links":{"self":[{"href":"https:\/\/www.worldglasstech.com\/vi\/wp-json\/wp\/v2\/pages\/1127"}],"collection":[{"href":"https:\/\/www.worldglasstech.com\/vi\/wp-json\/wp\/v2\/pages"}],"about":[{"href":"https:\/\/www.worldglasstech.com\/vi\/wp-json\/wp\/v2\/types\/page"}],"author":[{"embeddable":true,"href":"https:\/\/www.worldglasstech.com\/vi\/wp-json\/wp\/v2\/users\/2"}],"replies":[{"embeddable":true,"href":"https:\/\/www.worldglasstech.com\/vi\/wp-json\/wp\/v2\/comments?post=1127"}],"version-history":[{"count":45,"href":"https:\/\/www.worldglasstech.com\/vi\/wp-json\/wp\/v2\/pages\/1127\/revisions"}],"predecessor-version":[{"id":2328,"href":"https:\/\/www.worldglasstech.com\/vi\/wp-json\/wp\/v2\/pages\/1127\/revisions\/2328"}],"wp:attachment":[{"href":"https:\/\/www.worldglasstech.com\/vi\/wp-json\/wp\/v2\/media?parent=1127"}],"curies":[{"name":"wp","href":"https:\/\/api.w.org\/{rel}","templated":true}]}}