{"id":1069,"date":"2018-10-19T14:57:53","date_gmt":"2018-10-19T14:57:53","guid":{"rendered":"http:\/\/www.worldglasstech.com\/?page_id=1069"},"modified":"2019-04-17T15:46:58","modified_gmt":"2019-04-17T15:46:58","slug":"visitor-profile","status":"publish","type":"page","link":"https:\/\/www.worldglasstech.com\/vi\/visitor-profile\/","title":{"rendered":"Ai s\u1ebd tham quan?"},"content":{"rendered":"<p><span class=\"tlid-translation translation\" lang=\"vi\"><strong>K\u00cdNH PH\u1eb2NG<\/strong><br \/>\nNh\u00e0 s\u1ea3n xu\u1ea5t k\u00ednh ph\u1eb3ng, nh\u00e0 m\u00e1y s\u1ea3n xu\u1ea5t v\u00e0 ch\u1ebf bi\u1ebfn th\u1ee7y tinh<br \/>\nGlaziers v\u00e0 nh\u00e0 m\u00e1y \u00f4 t\u00f4<br \/>\nC\u01a1 kh\u00ed, nh\u00e0 m\u00e1y \u0111i\u1ec7n v\u00e0 \u0111i\u1ec7n t\u1eed<br \/>\n\u0110\u1ea1i l\u00fd, nh\u00e0 ph\u00e2n ph\u1ed1i, ng\u01b0\u1eddi mua v\u00e0 \u0111\u1ea1i l\u00fd<br \/>\nNh\u00e0 th\u1ea7u c\u1eeda, m\u1eb7t ti\u1ec1n v\u00e0 c\u1eeda s\u1ed5<br \/>\nNh\u00e0 ph\u00e2n ph\u1ed1i linh ki\u1ec7n<br \/>\nNh\u00e0 xu\u1ea5t nh\u1eadp kh\u1ea9u<br \/>\nNh\u00e0 cung c\u1ea5p m\u00e1y m\u00f3c v\u00e0 ph\u1ee5 t\u00f9ng th\u1ee7y tinh<br \/>\nV\u1eadn h\u00e0nh, d\u1ef1 \u00e1n, mua v\u00e0 qu\u1ea3n l\u00fd nh\u00e0 m\u00e1y k\u1ef9 thu\u1eadt<br \/>\nKi\u1ebfn tr\u00fac s\u01b0 v\u00e0 thi\u1ebft k\u1ebf n\u1ed9i th\u1ea5t<br \/>\nNh\u00e0 x\u00e2y d\u1ef1ng v\u00e0 ph\u00e1t tri\u1ec3n<br \/>\nNh\u00e0 th\u1ea7u k\u00ednh v\u00e0 kim lo\u1ea1i<br \/>\nCh\u1ebf t\u1ea1o<br \/>\nT\u01b0 v\u1ea5n m\u1eb7t ti\u1ec1n<br \/>\nC\u00f4ng nghi\u1ec7p \u00f4 t\u00f4<br \/>\nC\u00f4ng nghi\u1ec7p n\u0103ng l\u01b0\u1ee3ng m\u1eb7t tr\u1eddi<br \/>\nNh\u00e0 \u0111\u1ea7u t\u01b0<br \/>\nHi\u1ec7p h\u1ed9i, vi\u1ec7n v\u00e0 t\u1ed5 ch\u1ee9c k\u00ednh ph\u1eb3ng<\/span><\/p>\n<p><strong>TH\u1ee6Y TINH R\u1ed6NG<\/strong><\/p>\n<p>Nh\u00e0 s\u1ea3n xu\u1ea5t v\u00e0 ch\u1ebf bi\u1ebfn th\u1ee7y tinh r\u1ed7ng \/ chai l\u1ecd th\u1ee7y tinh<br \/>\nNh\u00e0 cung c\u1ea5p d\u1ecbch v\u1ee5 v\u1eadn chuy\u1ec3n v\u00e0 \u0111\u00f3ng g\u00f3i<br \/>\nS\u1ea3n xu\u1ea5t \u0111\u1ed3 u\u1ed1ng v\u00e0 th\u1ef1c ph\u1ea9m<br \/>\nM\u1ef9 ph\u1ea9m th\u1ee7y tinh, flacons v\u00e0 d\u01b0\u1ee3c ph\u1ea9m<br \/>\nNh\u00e0 m\u00e1y d\u01b0\u1ee3c ph\u1ea9m<br \/>\nC\u00f4ng ty v\u00e0 t\u1ed5 ch\u1ee9c t\u00e1i ch\u1ebf<br \/>\nV\u1eadn h\u00e0nh, d\u1ef1 \u00e1n, mua v\u00e0 qu\u1ea3n l\u00fd nh\u00e0 m\u00e1y k\u1ef9 thu\u1eadt<br \/>\nNh\u00e0 s\u1ea3n xu\u1ea5t th\u1ee7 c\u00f4ng m\u1ef9 ngh\u1ec7<br \/>\nNh\u00e0 s\u1ea3n xu\u1ea5t bao b\u00ec<br \/>\n\u0110\u1ea1i l\u00fd, nh\u00e0 ph\u00e2n ph\u1ed1i, nh\u00e0 cung c\u1ea5p, ng\u01b0\u1eddi mua, nh\u00e0 th\u1ea7u v\u00e0 \u0111\u1ea1i l\u00fd<br \/>\nNh\u00e0 xu\u1ea5t nh\u1eadp kh\u1ea9u<br \/>\nHi\u1ec7p h\u1ed9i, vi\u1ec7n v\u00e0 nh\u00e0 t\u1ed5 ch\u1ee9c th\u1ee7y tinh r\u1ed7ng \/ chai l\u1ecd th\u1ee7y tinh<\/p>\n","protected":false},"excerpt":{"rendered":"<p>K\u00cdNH PH\u1eb2NG Nh\u00e0 s\u1ea3n xu\u1ea5t k\u00ednh ph\u1eb3ng, nh\u00e0 m\u00e1y s\u1ea3n xu\u1ea5t v\u00e0 ch\u1ebf bi\u1ebfn th\u1ee7y tinh Glaziers v\u00e0 nh\u00e0 m\u00e1y \u00f4 t\u00f4 C\u01a1 kh\u00ed, nh\u00e0 m\u00e1y \u0111i\u1ec7n v\u00e0 \u0111i\u1ec7n t\u1eed \u0110\u1ea1i l\u00fd, nh\u00e0 ph\u00e2n ph\u1ed1i, ng\u01b0\u1eddi mua v\u00e0 \u0111\u1ea1i l\u00fd Nh\u00e0 th\u1ea7u c\u1eeda, m\u1eb7t ti\u1ec1n v\u00e0 c\u1eeda s\u1ed5 Nh\u00e0 ph\u00e2n ph\u1ed1i linh ki\u1ec7n Nh\u00e0 xu\u1ea5t [&hellip;]<\/p>\n","protected":false},"author":2,"featured_media":0,"parent":0,"menu_order":0,"comment_status":"closed","ping_status":"closed","template":"","meta":{"footnotes":""},"yoast_head":"<!-- This site is optimized with the Yoast SEO plugin v23.4 - https:\/\/yoast.com\/wordpress\/plugins\/seo\/ -->\n<title>Ai s\u1ebd tham quan?<\/title>\n<meta name=\"description\" content=\"Nh\u00e0 s\u1ea3n xu\u1ea5t k\u00ednh ph\u1eb3ng, nh\u00e0 m\u00e1y s\u1ea3n xu\u1ea5t v\u00e0 ch\u1ebf bi\u1ebfn th\u1ee7y tinh, v\u00e0 nh\u00e0 m\u00e1y \u00f4 t\u00f4, C\u01a1 kh\u00ed, nh\u00e0 m\u00e1y \u0111i\u1ec7n v\u00e0 \u0111i\u1ec7n t\u1eed\u0110\u1ea1i l\u00fd, nh\u00e0 ph\u00e2n ph\u1ed1i, ng\u01b0\u1eddi mua v\u00e0 \u0111\u1ea1i l\u00fd\" \/>\n<meta name=\"robots\" content=\"index, follow, max-snippet:-1, max-image-preview:large, max-video-preview:-1\" \/>\n<link rel=\"canonical\" href=\"https:\/\/www.worldglasstech.com\/vi\/visitor-profile\/\" \/>\n<meta property=\"og:locale\" content=\"vi_VN\" \/>\n<meta property=\"og:locale:alternate\" content=\"en_UK\" \/>\n<meta property=\"og:type\" content=\"article\" \/>\n<meta property=\"og:title\" content=\"Ai s\u1ebd tham quan?\" \/>\n<meta property=\"og:description\" content=\"K\u00cdNH PH\u1eb2NG Nh\u00e0 s\u1ea3n xu\u1ea5t k\u00ednh ph\u1eb3ng, nh\u00e0 m\u00e1y s\u1ea3n xu\u1ea5t v\u00e0 ch\u1ebf bi\u1ebfn th\u1ee7y tinh Glaziers v\u00e0 nh\u00e0 m\u00e1y \u00f4 t\u00f4 C\u01a1 kh\u00ed, nh\u00e0 m\u00e1y \u0111i\u1ec7n v\u00e0 \u0111i\u1ec7n t\u1eed \u0110\u1ea1i l\u00fd, nh\u00e0 ph\u00e2n ph\u1ed1i, ng\u01b0\u1eddi mua v\u00e0 \u0111\u1ea1i l\u00fd Nh\u00e0 th\u1ea7u c\u1eeda, m\u1eb7t ti\u1ec1n v\u00e0 c\u1eeda s\u1ed5 Nh\u00e0 ph\u00e2n ph\u1ed1i linh ki\u1ec7n Nh\u00e0 xu\u1ea5t [&hellip;]\" \/>\n<meta property=\"og:url\" content=\"https:\/\/www.worldglasstech.com\/vi\/visitor-profile\/\" \/>\n<meta property=\"og:site_name\" content=\"World Glasstech Vietnam 2023\" \/>\n<meta property=\"article:modified_time\" content=\"2019-04-17T15:46:58+00:00\" \/>\n<meta name=\"twitter:card\" content=\"summary_large_image\" \/>\n<meta name=\"twitter:label1\" content=\"\u01af\u1edbc t\u00ednh th\u1eddi gian \u0111\u1ecdc\" \/>\n\t<meta name=\"twitter:data1\" content=\"2 ph\u00fat\" \/>\n<script type=\"application\/ld+json\" class=\"yoast-schema-graph\">{\"@context\":\"https:\/\/schema.org\",\"@graph\":[{\"@type\":\"WebPage\",\"@id\":\"https:\/\/www.worldglasstech.com\/visitor-profile\/\",\"url\":\"https:\/\/www.worldglasstech.com\/visitor-profile\/\",\"name\":\"Ai s\u1ebd tham quan?\",\"isPartOf\":{\"@id\":\"https:\/\/www.worldglasstech.com\/#website\"},\"datePublished\":\"2018-10-19T14:57:53+00:00\",\"dateModified\":\"2019-04-17T15:46:58+00:00\",\"breadcrumb\":{\"@id\":\"https:\/\/www.worldglasstech.com\/visitor-profile\/#breadcrumb\"},\"inLanguage\":\"vi\",\"potentialAction\":[{\"@type\":\"ReadAction\",\"target\":[\"https:\/\/www.worldglasstech.com\/visitor-profile\/\"]}]},{\"@type\":\"BreadcrumbList\",\"@id\":\"https:\/\/www.worldglasstech.com\/visitor-profile\/#breadcrumb\",\"itemListElement\":[{\"@type\":\"ListItem\",\"position\":1,\"name\":\"Home\",\"item\":\"https:\/\/www.worldglasstech.com\/\"},{\"@type\":\"ListItem\",\"position\":2,\"name\":\"Visitor Profile\"}]},{\"@type\":\"WebSite\",\"@id\":\"https:\/\/www.worldglasstech.com\/#website\",\"url\":\"https:\/\/www.worldglasstech.com\/\",\"name\":\"World Glasstech Vietnam 2023\",\"description\":\"\",\"publisher\":{\"@id\":\"https:\/\/www.worldglasstech.com\/#organization\"},\"potentialAction\":[{\"@type\":\"SearchAction\",\"target\":{\"@type\":\"EntryPoint\",\"urlTemplate\":\"https:\/\/www.worldglasstech.com\/?s={search_term_string}\"},\"query-input\":{\"@type\":\"PropertyValueSpecification\",\"valueRequired\":true,\"valueName\":\"search_term_string\"}}],\"inLanguage\":\"vi\"},{\"@type\":\"Organization\",\"@id\":\"https:\/\/www.worldglasstech.com\/#organization\",\"name\":\"World Glasstech Vietnam 2023\",\"url\":\"https:\/\/www.worldglasstech.com\/\",\"logo\":{\"@type\":\"ImageObject\",\"inLanguage\":\"vi\",\"@id\":\"https:\/\/www.worldglasstech.com\/#\/schema\/logo\/image\/\",\"url\":\"https:\/\/www.worldglasstech.com\/wp-content\/uploads\/2023\/04\/cropped-Untitled-design-1-2.jpg\",\"contentUrl\":\"https:\/\/www.worldglasstech.com\/wp-content\/uploads\/2023\/04\/cropped-Untitled-design-1-2.jpg\",\"width\":1427,\"height\":92,\"caption\":\"World Glasstech Vietnam 2023\"},\"image\":{\"@id\":\"https:\/\/www.worldglasstech.com\/#\/schema\/logo\/image\/\"}}]}<\/script>\n<!-- \/ Yoast SEO plugin. -->","yoast_head_json":{"title":"Ai s\u1ebd tham quan?","description":"Nh\u00e0 s\u1ea3n xu\u1ea5t k\u00ednh ph\u1eb3ng, nh\u00e0 m\u00e1y s\u1ea3n xu\u1ea5t v\u00e0 ch\u1ebf bi\u1ebfn th\u1ee7y tinh, v\u00e0 nh\u00e0 m\u00e1y \u00f4 t\u00f4, C\u01a1 kh\u00ed, nh\u00e0 m\u00e1y \u0111i\u1ec7n v\u00e0 \u0111i\u1ec7n t\u1eed\u0110\u1ea1i l\u00fd, nh\u00e0 ph\u00e2n ph\u1ed1i, ng\u01b0\u1eddi mua v\u00e0 \u0111\u1ea1i l\u00fd","robots":{"index":"index","follow":"follow","max-snippet":"max-snippet:-1","max-image-preview":"max-image-preview:large","max-video-preview":"max-video-preview:-1"},"canonical":"https:\/\/www.worldglasstech.com\/vi\/visitor-profile\/","og_locale":"vi_VN","og_type":"article","og_title":"[:en]Visitor Profile[:vi]Ai s\u1ebd tham quan?[:] - World Glasstech Vietnam 2023","og_description":"K\u00cdNH PH\u1eb2NG Nh\u00e0 s\u1ea3n xu\u1ea5t k\u00ednh ph\u1eb3ng, nh\u00e0 m\u00e1y s\u1ea3n xu\u1ea5t v\u00e0 ch\u1ebf bi\u1ebfn th\u1ee7y tinh Glaziers v\u00e0 nh\u00e0 m\u00e1y \u00f4 t\u00f4 C\u01a1 kh\u00ed, nh\u00e0 m\u00e1y \u0111i\u1ec7n v\u00e0 \u0111i\u1ec7n t\u1eed \u0110\u1ea1i l\u00fd, nh\u00e0 ph\u00e2n ph\u1ed1i, ng\u01b0\u1eddi mua v\u00e0 \u0111\u1ea1i l\u00fd Nh\u00e0 th\u1ea7u c\u1eeda, m\u1eb7t ti\u1ec1n v\u00e0 c\u1eeda s\u1ed5 Nh\u00e0 ph\u00e2n ph\u1ed1i linh ki\u1ec7n Nh\u00e0 xu\u1ea5t [&hellip;]","og_url":"https:\/\/www.worldglasstech.com\/vi\/visitor-profile\/","og_site_name":"World Glasstech Vietnam 2023","article_modified_time":"2019-04-17T15:46:58+00:00","twitter_card":"summary_large_image","twitter_misc":{"\u01af\u1edbc t\u00ednh th\u1eddi gian \u0111\u1ecdc":"2 ph\u00fat"},"schema":{"@context":"https:\/\/schema.org","@graph":[{"@type":"WebPage","@id":"https:\/\/www.worldglasstech.com\/visitor-profile\/","url":"https:\/\/www.worldglasstech.com\/visitor-profile\/","name":"Ai s\u1ebd tham quan?","isPartOf":{"@id":"https:\/\/www.worldglasstech.com\/#website"},"datePublished":"2018-10-19T14:57:53+00:00","dateModified":"2019-04-17T15:46:58+00:00","breadcrumb":{"@id":"https:\/\/www.worldglasstech.com\/visitor-profile\/#breadcrumb"},"inLanguage":"vi","potentialAction":[{"@type":"ReadAction","target":["https:\/\/www.worldglasstech.com\/visitor-profile\/"]}]},{"@type":"BreadcrumbList","@id":"https:\/\/www.worldglasstech.com\/visitor-profile\/#breadcrumb","itemListElement":[{"@type":"ListItem","position":1,"name":"Home","item":"https:\/\/www.worldglasstech.com\/"},{"@type":"ListItem","position":2,"name":"Visitor Profile"}]},{"@type":"WebSite","@id":"https:\/\/www.worldglasstech.com\/#website","url":"https:\/\/www.worldglasstech.com\/","name":"World Glasstech Vietnam 2023","description":"","publisher":{"@id":"https:\/\/www.worldglasstech.com\/#organization"},"potentialAction":[{"@type":"SearchAction","target":{"@type":"EntryPoint","urlTemplate":"https:\/\/www.worldglasstech.com\/?s={search_term_string}"},"query-input":{"@type":"PropertyValueSpecification","valueRequired":true,"valueName":"search_term_string"}}],"inLanguage":"vi"},{"@type":"Organization","@id":"https:\/\/www.worldglasstech.com\/#organization","name":"World Glasstech Vietnam 2023","url":"https:\/\/www.worldglasstech.com\/","logo":{"@type":"ImageObject","inLanguage":"vi","@id":"https:\/\/www.worldglasstech.com\/#\/schema\/logo\/image\/","url":"https:\/\/www.worldglasstech.com\/wp-content\/uploads\/2023\/04\/cropped-Untitled-design-1-2.jpg","contentUrl":"https:\/\/www.worldglasstech.com\/wp-content\/uploads\/2023\/04\/cropped-Untitled-design-1-2.jpg","width":1427,"height":92,"caption":"World Glasstech Vietnam 2023"},"image":{"@id":"https:\/\/www.worldglasstech.com\/#\/schema\/logo\/image\/"}}]}},"_links":{"self":[{"href":"https:\/\/www.worldglasstech.com\/vi\/wp-json\/wp\/v2\/pages\/1069"}],"collection":[{"href":"https:\/\/www.worldglasstech.com\/vi\/wp-json\/wp\/v2\/pages"}],"about":[{"href":"https:\/\/www.worldglasstech.com\/vi\/wp-json\/wp\/v2\/types\/page"}],"author":[{"embeddable":true,"href":"https:\/\/www.worldglasstech.com\/vi\/wp-json\/wp\/v2\/users\/2"}],"replies":[{"embeddable":true,"href":"https:\/\/www.worldglasstech.com\/vi\/wp-json\/wp\/v2\/comments?post=1069"}],"version-history":[{"count":8,"href":"https:\/\/www.worldglasstech.com\/vi\/wp-json\/wp\/v2\/pages\/1069\/revisions"}],"predecessor-version":[{"id":1933,"href":"https:\/\/www.worldglasstech.com\/vi\/wp-json\/wp\/v2\/pages\/1069\/revisions\/1933"}],"wp:attachment":[{"href":"https:\/\/www.worldglasstech.com\/vi\/wp-json\/wp\/v2\/media?parent=1069"}],"curies":[{"name":"wp","href":"https:\/\/api.w.org\/{rel}","templated":true}]}}